{"id":804,"date":"2025-02-04T16:40:20","date_gmt":"2025-02-04T15:40:20","guid":{"rendered":"https:\/\/www.diocesi.pavia.it\/ufficiosalute\/?page_id=804"},"modified":"2025-03-27T14:21:58","modified_gmt":"2025-03-27T13:21:58","slug":"2025-2","status":"publish","type":"page","link":"https:\/\/www.diocesi.pavia.it\/ufficiosalute\/g-m-malato\/2025-2\/","title":{"rendered":"2025"},"content":{"rendered":"<p>La Giornata mondiale del malato \u00e8 una ricorrenza istituita il 13 maggio 1992 da papa Giovanni Paolo II. Tutti gli anni nel mese di febbraio si ripetono eventi comunitari, culturali, laici, religiosi per ricordare sia le problematiche dei malati, sia le fatiche e l\u2019impegno degli operatori sanitari. In tale occasione la Consulta della Salute della Diocesi di pavia propone un incontro in Vescovado il 15 febbraio allo scopo di puntualizzare i bisogni di malati ed istituzioni che assistono i malati, sia le attivit\u00e0 istituzionali o di volontariato messe in atto per migliorare la qualit\u00e0 della vita e delle cure dei sofferenti e malati. Il tutto non in una visione pessimistica ma con uno sguardo di speranza nel futuro con la convinzione che anche la sofferenza e la malattia integrate nell\u2019essere umano hanno un significato di stimolo a migliorarsi ed a migliorare il mondo in cui viviamo attraverso relazioni, supporti, aiuti, condivisioni e solidariet\u00e0.<br \/>\nNella Giornata Mondiale del Malato, durante la celebrazione della Santa Messa nella centralissima Basilica di San Paolo Maggiore a Bologna il Cardinale Matteo M. Zuppi, Arcivescovo di Bologna e Presidente della Conferenza Episcopale Italiana, nell\u2019Omelia ha ribadito l\u2019importanza che \u00abNon si possono ridurre le cure alle sole prestazioni sanitarie, senza che esse siano saggiamente accompagnate da una \u201calleanza terapeutica\u201d tra medico, paziente e familiare. Non accettiamo per nessuno, tanto pi\u00f9 per chi \u00e8 nella malattia, che non siano curate la relazione di amore con Dio, con gli altri \u2013 familiari, amici, operatori sanitari \u2013 col creato, con se stessi. Non dobbiamo avere \u201cvergogna del desiderio di vicinanza e di tenerezza!\u201d.\u00bb.<br \/>\nIl messaggio della XXXIII Giornata Mondiale del Malato si colloca all\u2019interno dell\u2019anno giubilare, che ha come motto: \u00abPellegrini di speranza\u00bb. In collegamento con il cammino ecclesiale il tema proposto per il 2025 dall\u2019Ufficio Nazionale per la pastorale della salute \u00e8 tratto da Rm 5,5: \u00abLa speranza poi non delude, perch\u00e9 l\u2019amore di Dio \u00e8 stato riversato nei nostri cuori per mezzo dello Spirito Santo che ci \u00e8 stato dato\u00bb. La stretta relazione tra malattia e speranza viene evocata nella riflessione dell\u2019Apostolo ai Romani, rileggendo la condizione umana alla luce dell\u2019evento pasquale di Ges\u00f9 Cristo, il Figlio di Dio crocifisso e risorto.<\/p>\n<p>Come interpretare la \u00absperanza\u00bb e la sua relazione con la malattia? C. Peguy amava definire la speranza una virt\u00f9 \u00abbambina\u00bb. Il poeta francese intendeva sottolineare un duplice aspetto. La speranza \u00e8 anzitutto un esercizio nascosto nel cuore, semplice come una bambina e insieme desiderosa di vita. Essa permette ad ogni persona di guardare al proprio futuro con desiderio di guarigione, di positivit\u00e0 e rinnovamento. Inoltre la speranza \u00e8 per sua natura dinamica, itinerante, porta con s\u00e9 una dimensione costruttiva, relazionale e<br \/>\ninsieme \u00abvocazionale\u00bb. Scrivendo agli Efesini l\u2019Apostolo afferma: \u00abUn solo corpo, un solo spirito, come una sola \u00e8 la speranza alla quale siete stati chiamati, quella della vostra chiamata\u00bb (Ef 4,4). La \u00abpiccola\u00bb speranza \u00e8 compagna di chi soffre, genera nel cuore la lotta spirituale, il coraggio di ricominciare, la forza per rimettersi in piedi e il desiderio di camminare sulla via della santit\u00e0.<br \/>\nPapa Francesco cita il testo del poeta francese presentando la \u201cpiccola\u201d speranza. Egli scrive: \u00abSono anch\u2019io convinto di questo carattere umile, \u201cminore\u201d, eppure fondamentale della speranza. Provate a pensare: come potremmo vivere senza speranza? Come sarebbero le nostre giornate? La speranza \u00e8 il sale della quotidianit\u00e0\u00bb<br \/>\nInvitiamo pertanto tutti a partecipare a questo evento e richiediamo l\u2019endorsement ed il patrocinio degli Enti fondamentali nel processo di cura e gestione dei malati.<\/p>\n<p>&nbsp;<\/p>\n<p><em><strong>Messaggio di papa Francesco:<\/strong><\/em> <a href=\"https:\/\/www.diocesi.pavia.it\/ufficiosalute\/wp-content\/uploads\/sites\/6\/2025\/02\/Messaggio-di-papa-Francesco-per-la-Giornata-mondiale-del-malato-2025.docx\">Messaggio di papa Francesco per la Giornata mondiale del malato 2025<\/a><\/p>\n<p><a href=\"https:\/\/www.diocesi.pavia.it\/ufficiosalute\/wp-content\/uploads\/sites\/6\/2025\/02\/Locandina-Giubileo-malati-2025.pdf\">Locandina del Giubileo dei malati e degli operatori sanitari del 11 febbraio 2025<\/a><\/p>\n<p><em><strong>Omelia del Vescovo per il Giubileo dei malati ed operatori sanitari<\/strong><\/em>: <a href=\"https:\/\/www.diocesi.pavia.it\/ufficiosalute\/wp-content\/uploads\/sites\/6\/2025\/02\/Omelia-Vescovo.pdf\">Omelia Vescovo<\/a><\/p>\n<p><a href=\"https:\/\/www.diocesi.pavia.it\/ufficiosalute\/wp-content\/uploads\/sites\/6\/2025\/02\/250215-convegno-giornata-mondiale-del-malato.pdf\">Locandina del convegno per la giornata mondiale del malato del 15 febbraio 2025<\/a><\/p>\n<p><em><strong>Atti del convegno: <a href=\"https:\/\/www.diocesi.pavia.it\/ufficiosalute\/wp-content\/uploads\/sites\/6\/2025\/03\/Atti-del-Convegno-Giornata-malato-2025.pdf\">Atti del Convegno Giornata malato 2025<\/a> <\/strong><\/em><img loading=\"lazy\" decoding=\"async\" class=\"size-medium wp-image-1014 aligncenter\" src=\"https:\/\/www.diocesi.pavia.it\/ufficiosalute\/wp-content\/uploads\/sites\/6\/2025\/02\/IMG_20250211_164709-300x225.jpg\" alt=\"\" width=\"300\" height=\"225\" srcset=\"https:\/\/www.diocesi.pavia.it\/ufficiosalute\/wp-content\/uploads\/sites\/6\/2025\/02\/IMG_20250211_164709-300x225.jpg 300w, https:\/\/www.diocesi.pavia.it\/ufficiosalute\/wp-content\/uploads\/sites\/6\/2025\/02\/IMG_20250211_164709-1024x768.jpg 1024w, https:\/\/www.diocesi.pavia.it\/ufficiosalute\/wp-content\/uploads\/sites\/6\/2025\/02\/IMG_20250211_164709-768x576.jpg 768w, https:\/\/www.diocesi.pavia.it\/ufficiosalute\/wp-content\/uploads\/sites\/6\/2025\/02\/IMG_20250211_164709-1536x1152.jpg 1536w, https:\/\/www.diocesi.pavia.it\/ufficiosalute\/wp-content\/uploads\/sites\/6\/2025\/02\/IMG_20250211_164709-2048x1536.jpg 2048w, https:\/\/www.diocesi.pavia.it\/ufficiosalute\/wp-content\/uploads\/sites\/6\/2025\/02\/IMG_20250211_164709-600x450.jpg 600w, https:\/\/www.diocesi.pavia.it\/ufficiosalute\/wp-content\/uploads\/sites\/6\/2025\/02\/IMG_20250211_164709-1200x900.jpg 1200w, https:\/\/www.diocesi.pavia.it\/ufficiosalute\/wp-content\/uploads\/sites\/6\/2025\/02\/IMG_20250211_164709-800x600.jpg 800w\" sizes=\"auto, (max-width: 300px) 100vw, 300px\" \/><\/p>\n","protected":false},"excerpt":{"rendered":"<p>La Giornata mondiale del malato \u00e8 una ricorrenza istituita il 13 maggio 1992 da papa Giovanni Paolo II. Tutti gli anni nel mese di febbraio si ripetono eventi comunitari, culturali, laici, religiosi per ricordare sia le problematiche dei malati, sia le fatiche e l\u2019impegno degli operatori sanitari. In tale occasione la Consulta della Salute della Diocesi di pavia propone un incontro in Vescovado il 15 &hellip; <a href=\"https:\/\/www.diocesi.pavia.it\/ufficiosalute\/g-m-malato\/2025-2\/\" class=\"more-link\">Continue reading <span class=\"screen-reader-text\">2025<\/span> <span class=\"meta-nav\">&raquo;<\/span><\/a><\/p>\n","protected":false},"author":3,"featured_media":797,"parent":671,"menu_order":0,"comment_status":"closed","ping_status":"closed","template":"","meta":{"_acf_changed":false,"ip_address":"","user_agent":"","level":"","revision":"","cookie_id":"","page_referer":"","html_form":"","footnotes":""},"class_list":["post-804","page","type-page","status-publish","has-post-thumbnail","hentry"],"acf":[],"yoast_head":"<!-- This site is optimized with the Yoast SEO plugin v27.4 - https:\/\/yoast.com\/product\/yoast-seo-wordpress\/ -->\n<title>2025 - Ufficio Salute<\/title>\n<meta name=\"robots\" content=\"index, follow, max-snippet:-1, max-image-preview:large, max-video-preview:-1\" \/>\n<link rel=\"canonical\" href=\"https:\/\/www.diocesi.pavia.it\/ufficiosalute\/g-m-malato\/2025-2\/\" \/>\n<meta property=\"og:locale\" content=\"it_IT\" \/>\n<meta property=\"og:type\" content=\"article\" \/>\n<meta property=\"og:title\" content=\"2025 - Ufficio Salute\" \/>\n<meta property=\"og:description\" content=\"La Giornata mondiale del malato \u00e8 una ricorrenza istituita il 13 maggio 1992 da papa Giovanni Paolo II. Tutti gli anni nel mese di febbraio si ripetono eventi comunitari, culturali, laici, religiosi per ricordare sia le problematiche dei malati, sia le fatiche e l\u2019impegno degli operatori sanitari. In tale occasione la Consulta della Salute della Diocesi di pavia propone un incontro in Vescovado il 15 &hellip; Continue reading 2025 &raquo;\" \/>\n<meta property=\"og:url\" content=\"https:\/\/www.diocesi.pavia.it\/ufficiosalute\/g-m-malato\/2025-2\/\" \/>\n<meta property=\"og:site_name\" content=\"Ufficio Salute\" \/>\n<meta property=\"article:modified_time\" content=\"2025-03-27T13:21:58+00:00\" \/>\n<meta property=\"og:image\" content=\"https:\/\/www.diocesi.pavia.it\/ufficiosalute\/wp-content\/uploads\/sites\/6\/2025\/02\/cristo_buon_pastore.jpg\" \/>\n\t<meta property=\"og:image:width\" content=\"300\" \/>\n\t<meta property=\"og:image:height\" content=\"423\" \/>\n\t<meta property=\"og:image:type\" content=\"image\/jpeg\" \/>\n<meta name=\"twitter:card\" content=\"summary_large_image\" \/>\n<meta name=\"twitter:label1\" content=\"Tempo di lettura stimato\" \/>\n\t<meta name=\"twitter:data1\" content=\"4 minuti\" \/>\n<script type=\"application\/ld+json\" class=\"yoast-schema-graph\">{\"@context\":\"https:\\\/\\\/schema.org\",\"@graph\":[{\"@type\":\"WebPage\",\"@id\":\"https:\\\/\\\/www.diocesi.pavia.it\\\/ufficiosalute\\\/g-m-malato\\\/2025-2\\\/\",\"url\":\"https:\\\/\\\/www.diocesi.pavia.it\\\/ufficiosalute\\\/g-m-malato\\\/2025-2\\\/\",\"name\":\"2025 - Ufficio Salute\",\"isPartOf\":{\"@id\":\"https:\\\/\\\/www.diocesi.pavia.it\\\/ufficiosalute\\\/#website\"},\"primaryImageOfPage\":{\"@id\":\"https:\\\/\\\/www.diocesi.pavia.it\\\/ufficiosalute\\\/g-m-malato\\\/2025-2\\\/#primaryimage\"},\"image\":{\"@id\":\"https:\\\/\\\/www.diocesi.pavia.it\\\/ufficiosalute\\\/g-m-malato\\\/2025-2\\\/#primaryimage\"},\"thumbnailUrl\":\"https:\\\/\\\/www.diocesi.pavia.it\\\/ufficiosalute\\\/wp-content\\\/uploads\\\/sites\\\/6\\\/2025\\\/02\\\/cristo_buon_pastore.jpg\",\"datePublished\":\"2025-02-04T15:40:20+00:00\",\"dateModified\":\"2025-03-27T13:21:58+00:00\",\"breadcrumb\":{\"@id\":\"https:\\\/\\\/www.diocesi.pavia.it\\\/ufficiosalute\\\/g-m-malato\\\/2025-2\\\/#breadcrumb\"},\"inLanguage\":\"it-IT\",\"potentialAction\":[{\"@type\":\"ReadAction\",\"target\":[\"https:\\\/\\\/www.diocesi.pavia.it\\\/ufficiosalute\\\/g-m-malato\\\/2025-2\\\/\"]}]},{\"@type\":\"ImageObject\",\"inLanguage\":\"it-IT\",\"@id\":\"https:\\\/\\\/www.diocesi.pavia.it\\\/ufficiosalute\\\/g-m-malato\\\/2025-2\\\/#primaryimage\",\"url\":\"https:\\\/\\\/www.diocesi.pavia.it\\\/ufficiosalute\\\/wp-content\\\/uploads\\\/sites\\\/6\\\/2025\\\/02\\\/cristo_buon_pastore.jpg\",\"contentUrl\":\"https:\\\/\\\/www.diocesi.pavia.it\\\/ufficiosalute\\\/wp-content\\\/uploads\\\/sites\\\/6\\\/2025\\\/02\\\/cristo_buon_pastore.jpg\",\"width\":300,\"height\":423},{\"@type\":\"BreadcrumbList\",\"@id\":\"https:\\\/\\\/www.diocesi.pavia.it\\\/ufficiosalute\\\/g-m-malato\\\/2025-2\\\/#breadcrumb\",\"itemListElement\":[{\"@type\":\"ListItem\",\"position\":1,\"name\":\"Home\",\"item\":\"https:\\\/\\\/www.diocesi.pavia.it\\\/ufficiosalute\\\/\"},{\"@type\":\"ListItem\",\"position\":2,\"name\":\"G. M. Malato\",\"item\":\"https:\\\/\\\/www.diocesi.pavia.it\\\/ufficiosalute\\\/g-m-malato\\\/\"},{\"@type\":\"ListItem\",\"position\":3,\"name\":\"2025\"}]},{\"@type\":\"WebSite\",\"@id\":\"https:\\\/\\\/www.diocesi.pavia.it\\\/ufficiosalute\\\/#website\",\"url\":\"https:\\\/\\\/www.diocesi.pavia.it\\\/ufficiosalute\\\/\",\"name\":\"Ufficio Salute\",\"description\":\"Diocesi di Pavia\",\"publisher\":{\"@id\":\"https:\\\/\\\/www.diocesi.pavia.it\\\/ufficiosalute\\\/#organization\"},\"potentialAction\":[{\"@type\":\"SearchAction\",\"target\":{\"@type\":\"EntryPoint\",\"urlTemplate\":\"https:\\\/\\\/www.diocesi.pavia.it\\\/ufficiosalute\\\/?s={search_term_string}\"},\"query-input\":{\"@type\":\"PropertyValueSpecification\",\"valueRequired\":true,\"valueName\":\"search_term_string\"}}],\"inLanguage\":\"it-IT\"},{\"@type\":\"Organization\",\"@id\":\"https:\\\/\\\/www.diocesi.pavia.it\\\/ufficiosalute\\\/#organization\",\"name\":\"Ufficio Salute\",\"url\":\"https:\\\/\\\/www.diocesi.pavia.it\\\/ufficiosalute\\\/\",\"logo\":{\"@type\":\"ImageObject\",\"inLanguage\":\"it-IT\",\"@id\":\"https:\\\/\\\/www.diocesi.pavia.it\\\/ufficiosalute\\\/#\\\/schema\\\/logo\\\/image\\\/\",\"url\":\"https:\\\/\\\/www.diocesi.pavia.it\\\/ufficiosalute\\\/wp-content\\\/uploads\\\/sites\\\/6\\\/2024\\\/12\\\/home_salute.png\",\"contentUrl\":\"https:\\\/\\\/www.diocesi.pavia.it\\\/ufficiosalute\\\/wp-content\\\/uploads\\\/sites\\\/6\\\/2024\\\/12\\\/home_salute.png\",\"width\":446,\"height\":108,\"caption\":\"Ufficio Salute\"},\"image\":{\"@id\":\"https:\\\/\\\/www.diocesi.pavia.it\\\/ufficiosalute\\\/#\\\/schema\\\/logo\\\/image\\\/\"}}]}<\/script>\n<!-- \/ Yoast SEO plugin. -->","yoast_head_json":{"title":"2025 - Ufficio Salute","robots":{"index":"index","follow":"follow","max-snippet":"max-snippet:-1","max-image-preview":"max-image-preview:large","max-video-preview":"max-video-preview:-1"},"canonical":"https:\/\/www.diocesi.pavia.it\/ufficiosalute\/g-m-malato\/2025-2\/","og_locale":"it_IT","og_type":"article","og_title":"2025 - Ufficio Salute","og_description":"La Giornata mondiale del malato \u00e8 una ricorrenza istituita il 13 maggio 1992 da papa Giovanni Paolo II. Tutti gli anni nel mese di febbraio si ripetono eventi comunitari, culturali, laici, religiosi per ricordare sia le problematiche dei malati, sia le fatiche e l\u2019impegno degli operatori sanitari. In tale occasione la Consulta della Salute della Diocesi di pavia propone un incontro in Vescovado il 15 &hellip; Continue reading 2025 &raquo;","og_url":"https:\/\/www.diocesi.pavia.it\/ufficiosalute\/g-m-malato\/2025-2\/","og_site_name":"Ufficio Salute","article_modified_time":"2025-03-27T13:21:58+00:00","og_image":[{"width":300,"height":423,"url":"https:\/\/www.diocesi.pavia.it\/ufficiosalute\/wp-content\/uploads\/sites\/6\/2025\/02\/cristo_buon_pastore.jpg","type":"image\/jpeg"}],"twitter_card":"summary_large_image","twitter_misc":{"Tempo di lettura stimato":"4 minuti"},"schema":{"@context":"https:\/\/schema.org","@graph":[{"@type":"WebPage","@id":"https:\/\/www.diocesi.pavia.it\/ufficiosalute\/g-m-malato\/2025-2\/","url":"https:\/\/www.diocesi.pavia.it\/ufficiosalute\/g-m-malato\/2025-2\/","name":"2025 - Ufficio Salute","isPartOf":{"@id":"https:\/\/www.diocesi.pavia.it\/ufficiosalute\/#website"},"primaryImageOfPage":{"@id":"https:\/\/www.diocesi.pavia.it\/ufficiosalute\/g-m-malato\/2025-2\/#primaryimage"},"image":{"@id":"https:\/\/www.diocesi.pavia.it\/ufficiosalute\/g-m-malato\/2025-2\/#primaryimage"},"thumbnailUrl":"https:\/\/www.diocesi.pavia.it\/ufficiosalute\/wp-content\/uploads\/sites\/6\/2025\/02\/cristo_buon_pastore.jpg","datePublished":"2025-02-04T15:40:20+00:00","dateModified":"2025-03-27T13:21:58+00:00","breadcrumb":{"@id":"https:\/\/www.diocesi.pavia.it\/ufficiosalute\/g-m-malato\/2025-2\/#breadcrumb"},"inLanguage":"it-IT","potentialAction":[{"@type":"ReadAction","target":["https:\/\/www.diocesi.pavia.it\/ufficiosalute\/g-m-malato\/2025-2\/"]}]},{"@type":"ImageObject","inLanguage":"it-IT","@id":"https:\/\/www.diocesi.pavia.it\/ufficiosalute\/g-m-malato\/2025-2\/#primaryimage","url":"https:\/\/www.diocesi.pavia.it\/ufficiosalute\/wp-content\/uploads\/sites\/6\/2025\/02\/cristo_buon_pastore.jpg","contentUrl":"https:\/\/www.diocesi.pavia.it\/ufficiosalute\/wp-content\/uploads\/sites\/6\/2025\/02\/cristo_buon_pastore.jpg","width":300,"height":423},{"@type":"BreadcrumbList","@id":"https:\/\/www.diocesi.pavia.it\/ufficiosalute\/g-m-malato\/2025-2\/#breadcrumb","itemListElement":[{"@type":"ListItem","position":1,"name":"Home","item":"https:\/\/www.diocesi.pavia.it\/ufficiosalute\/"},{"@type":"ListItem","position":2,"name":"G. M. Malato","item":"https:\/\/www.diocesi.pavia.it\/ufficiosalute\/g-m-malato\/"},{"@type":"ListItem","position":3,"name":"2025"}]},{"@type":"WebSite","@id":"https:\/\/www.diocesi.pavia.it\/ufficiosalute\/#website","url":"https:\/\/www.diocesi.pavia.it\/ufficiosalute\/","name":"Ufficio Salute","description":"Diocesi di Pavia","publisher":{"@id":"https:\/\/www.diocesi.pavia.it\/ufficiosalute\/#organization"},"potentialAction":[{"@type":"SearchAction","target":{"@type":"EntryPoint","urlTemplate":"https:\/\/www.diocesi.pavia.it\/ufficiosalute\/?s={search_term_string}"},"query-input":{"@type":"PropertyValueSpecification","valueRequired":true,"valueName":"search_term_string"}}],"inLanguage":"it-IT"},{"@type":"Organization","@id":"https:\/\/www.diocesi.pavia.it\/ufficiosalute\/#organization","name":"Ufficio Salute","url":"https:\/\/www.diocesi.pavia.it\/ufficiosalute\/","logo":{"@type":"ImageObject","inLanguage":"it-IT","@id":"https:\/\/www.diocesi.pavia.it\/ufficiosalute\/#\/schema\/logo\/image\/","url":"https:\/\/www.diocesi.pavia.it\/ufficiosalute\/wp-content\/uploads\/sites\/6\/2024\/12\/home_salute.png","contentUrl":"https:\/\/www.diocesi.pavia.it\/ufficiosalute\/wp-content\/uploads\/sites\/6\/2024\/12\/home_salute.png","width":446,"height":108,"caption":"Ufficio Salute"},"image":{"@id":"https:\/\/www.diocesi.pavia.it\/ufficiosalute\/#\/schema\/logo\/image\/"}}]}},"_links":{"self":[{"href":"https:\/\/www.diocesi.pavia.it\/ufficiosalute\/wp-json\/wp\/v2\/pages\/804","targetHints":{"allow":["GET"]}}],"collection":[{"href":"https:\/\/www.diocesi.pavia.it\/ufficiosalute\/wp-json\/wp\/v2\/pages"}],"about":[{"href":"https:\/\/www.diocesi.pavia.it\/ufficiosalute\/wp-json\/wp\/v2\/types\/page"}],"author":[{"embeddable":true,"href":"https:\/\/www.diocesi.pavia.it\/ufficiosalute\/wp-json\/wp\/v2\/users\/3"}],"replies":[{"embeddable":true,"href":"https:\/\/www.diocesi.pavia.it\/ufficiosalute\/wp-json\/wp\/v2\/comments?post=804"}],"version-history":[{"count":8,"href":"https:\/\/www.diocesi.pavia.it\/ufficiosalute\/wp-json\/wp\/v2\/pages\/804\/revisions"}],"predecessor-version":[{"id":1168,"href":"https:\/\/www.diocesi.pavia.it\/ufficiosalute\/wp-json\/wp\/v2\/pages\/804\/revisions\/1168"}],"up":[{"embeddable":true,"href":"https:\/\/www.diocesi.pavia.it\/ufficiosalute\/wp-json\/wp\/v2\/pages\/671"}],"wp:featuredmedia":[{"embeddable":true,"href":"https:\/\/www.diocesi.pavia.it\/ufficiosalute\/wp-json\/wp\/v2\/media\/797"}],"wp:attachment":[{"href":"https:\/\/www.diocesi.pavia.it\/ufficiosalute\/wp-json\/wp\/v2\/media?parent=804"}],"curies":[{"name":"wp","href":"https:\/\/api.w.org\/{rel}","templated":true}]}}