{"id":760,"date":"2025-01-27T17:04:30","date_gmt":"2025-01-27T16:04:30","guid":{"rendered":"https:\/\/www.diocesi.pavia.it\/ufficiosalute\/?page_id=760"},"modified":"2026-03-25T12:06:15","modified_gmt":"2026-03-25T11:06:15","slug":"disabilita","status":"publish","type":"page","link":"https:\/\/www.diocesi.pavia.it\/ufficiosalute\/territorio\/disabilita\/","title":{"rendered":"DISABILITA&#8217;"},"content":{"rendered":"<p><em><strong>La gioia del Vangelo \u00e8 per tutto il popolo, non pu\u00f2 escludere nessuno. <\/strong><\/em><strong><em>(Evangelii Gaudium 23)<\/em><\/strong><\/p>\n<p><strong><em>Generare e sostenere comunit\u00e0 inclusive [\u2026] significa, allora, <\/em><\/strong><strong><em>eliminare ogni discriminazione e<\/em><\/strong><\/p>\n<p><strong><em>soddisfare concretamente l\u2019esigenza di ogni persona <\/em><\/strong><strong><em>di sentirsi riconosciuta e di sentirsi parte.<\/em><\/strong><\/p>\n<p><em>Papa Francesco, 3 dicembre 2022<\/em><\/p>\n<p><img loading=\"lazy\" decoding=\"async\" class=\"wp-image-1115 alignleft\" src=\"https:\/\/www.diocesi.pavia.it\/ufficiosalute\/wp-content\/uploads\/sites\/6\/2025\/03\/ggg-199x300.jpg\" alt=\"\" width=\"165\" height=\"249\" srcset=\"https:\/\/www.diocesi.pavia.it\/ufficiosalute\/wp-content\/uploads\/sites\/6\/2025\/03\/ggg-199x300.jpg 199w, https:\/\/www.diocesi.pavia.it\/ufficiosalute\/wp-content\/uploads\/sites\/6\/2025\/03\/ggg-680x1024.jpg 680w, https:\/\/www.diocesi.pavia.it\/ufficiosalute\/wp-content\/uploads\/sites\/6\/2025\/03\/ggg-768x1156.jpg 768w, https:\/\/www.diocesi.pavia.it\/ufficiosalute\/wp-content\/uploads\/sites\/6\/2025\/03\/ggg-1020x1536.jpg 1020w, https:\/\/www.diocesi.pavia.it\/ufficiosalute\/wp-content\/uploads\/sites\/6\/2025\/03\/ggg-1360x2048.jpg 1360w, https:\/\/www.diocesi.pavia.it\/ufficiosalute\/wp-content\/uploads\/sites\/6\/2025\/03\/ggg-600x903.jpg 600w, https:\/\/www.diocesi.pavia.it\/ufficiosalute\/wp-content\/uploads\/sites\/6\/2025\/03\/ggg-1200x1807.jpg 1200w, https:\/\/www.diocesi.pavia.it\/ufficiosalute\/wp-content\/uploads\/sites\/6\/2025\/03\/ggg-800x1205.jpg 800w, https:\/\/www.diocesi.pavia.it\/ufficiosalute\/wp-content\/uploads\/sites\/6\/2025\/03\/ggg-scaled.jpg 1700w\" sizes=\"auto, (max-width: 165px) 100vw, 165px\" \/><\/p>\n<p>&nbsp;<\/p>\n<p><strong>INSIEME PER UNA COMUNIT\u00c0 DIOCESANA PI\u00d9 INCLUSIVA<\/strong><\/p>\n<p>Questa sezione \u00e8 dedicata alle persone con disabilit\u00e0, ai loro familiari, caregivers e amici e a tutti coloro che in vari modi mettono \u2018la persona al centro\u2019.<\/p>\n<p><em><strong>La Diocesi di Pavia intende offrire un servizio per concretizzare una pastorale inclusiva e integrata:<\/strong><\/em><\/p>\n<ul>\n<li>inclusiva perch\u00e9 si realizzi la piena partecipazione delle persone con disabilit\u00e0 nella vita delle comunit\u00e0 della Chiesa pavese e nel territorio diocesano;<\/li>\n<li>integrata perch\u00e9 i vari Servizi diocesani, le Parrocchie e le Unit\u00e0 pastorali collaborino tra loro anche ampliando lo sguardo agli aspetti della vita civile.<\/li>\n<\/ul>\n<p><em><strong>Raccogliamo qui informazioni utili su Servizi, Associazioni, ETS, ONLUS, Cooperative, \u201cDopo di noi\u201d, iniziative ed eventi accomunati dall\u2019impegno nel rimuovere le barriere fisiche e culturali con cui le persone con disabilit\u00e0 vengono emarginate o addirittura escluse.<\/strong><\/em><\/p>\n<p>L\u2019inclusione si realizza con l\u2019ascolto, la progettazione e l\u2019attuazione <em>con<\/em> le persone con disabilit\u00e0, affinch\u00e9 la comunit\u00e0 sia un <em>Noi<\/em> (non Noi e Loro).<\/p>\n<p>\u201cIl Sinodo, soprattutto, con il suo invito a camminare insieme e ad ascoltarsi a vicenda, ci aiuta a comprendere come nella Chiesa \u2013 anche per quello che riguarda la disabilit\u00e0 \u2013 non esista un <em>noi<\/em> e un <em>loro<\/em>, ma un unico <em>noi<\/em>, con al centro Ges\u00f9 Cristo, dove ognuno porta i propri doni e i propri limiti. Tale consapevolezza, fondata sul fatto che siamo tutti parte della stessa umanit\u00e0 vulnerabile assunta e santificata da Cristo, elimina qualsiasi arbitraria distinzione e apre le porte alla partecipazione di ciascun battezzato alla vita della Chiesa. Ma, ancor pi\u00f9, laddove il Sinodo \u00e8 stato davvero inclusivo, esso ha permesso di sfatare pregiudizi radicati. Sono infatti l\u2019incontro e la fraternit\u00e0 ad abbattere i muri di incomprensione e a vincere la discriminazione; per questo auspico che ogni comunit\u00e0 cristiana si apra alla presenza di sorelle e fratelli con disabilit\u00e0 assicurando sempre ad essi l\u2019accoglienza e la piena inclusione\u201d.<\/p>\n<p>(Messaggio del Santo Padre Francesco in occasione della Giornata Internazionale delle Persone con Disabilit\u00e0 \u2013 3 dicembre 2022)<\/p>\n<p><strong><a href=\"https:\/\/www.diocesi.pavia.it\/ufficiosalute\/territorio\/disabilita\/contatti\/\">CONTATTI\u00a0<\/a><\/strong><\/p>\n<p><strong><a href=\"https:\/\/www.diocesi.pavia.it\/ufficiosalute\/territorio\/disabilita\/rete-territoriale-dei-servizi\/\">RETE TERRITORIALE PAVESE DI ASSOCIAZIONI E SERVIZI PER LE PERSONE CON DISABILITA&#8217;<\/a><\/strong><\/p>\n<p><img loading=\"lazy\" decoding=\"async\" class=\"alignnone size-medium wp-image-3345\" src=\"https:\/\/www.diocesi.pavia.it\/ufficiosalute\/wp-content\/uploads\/sites\/6\/2026\/03\/o-anche-no-300x169.jpg\" alt=\"\" width=\"300\" height=\"169\" srcset=\"https:\/\/www.diocesi.pavia.it\/ufficiosalute\/wp-content\/uploads\/sites\/6\/2026\/03\/o-anche-no-300x169.jpg 300w, https:\/\/www.diocesi.pavia.it\/ufficiosalute\/wp-content\/uploads\/sites\/6\/2026\/03\/o-anche-no-1024x576.jpg 1024w, https:\/\/www.diocesi.pavia.it\/ufficiosalute\/wp-content\/uploads\/sites\/6\/2026\/03\/o-anche-no-768x432.jpg 768w, https:\/\/www.diocesi.pavia.it\/ufficiosalute\/wp-content\/uploads\/sites\/6\/2026\/03\/o-anche-no-1536x864.jpg 1536w, https:\/\/www.diocesi.pavia.it\/ufficiosalute\/wp-content\/uploads\/sites\/6\/2026\/03\/o-anche-no-600x338.jpg 600w, https:\/\/www.diocesi.pavia.it\/ufficiosalute\/wp-content\/uploads\/sites\/6\/2026\/03\/o-anche-no-1200x675.jpg 1200w, https:\/\/www.diocesi.pavia.it\/ufficiosalute\/wp-content\/uploads\/sites\/6\/2026\/03\/o-anche-no-800x450.jpg 800w, https:\/\/www.diocesi.pavia.it\/ufficiosalute\/wp-content\/uploads\/sites\/6\/2026\/03\/o-anche-no.jpg 1600w\" sizes=\"auto, (max-width: 300px) 100vw, 300px\" \/>Per ampliare la visuale sulle varie iniziative italiane per e con le persone con disabilit\u00e0 di tutte le et\u00e0 segnaliamo il <strong>programma televisivo \u201cO anche no\u201d<\/strong> in onda la domenica mattina alle ore 10.00 circa sul Canale TV Rai 3, talk di infotainment dedicato all\u2019inclusione e alla solidariet\u00e0 condotto da Paola Severini Melograni. Vengono raccontate in modo accurato e vivace storie, attese, difficolt\u00e0 e conquiste attraverso la testimonianza degli stessi protagonisti.\u00a0 Tutte le puntate, anche quelle delle edizioni passate, sono disponibili su RaiPlay.<\/p>\n<p>&nbsp;<\/p>\n<p><strong>NEWS<\/strong><\/p>\n<p>Dal 19 al 21 marzo 2026 a Bergamo il <strong><em>Convegno Nazionale \u201cNoi: comunit\u00e0 e progetto di vita<\/em>\u201d<\/strong> organizzato dal Servizio Nazionale per la Pastorale delle persone con disabilit\u00e0.<\/p>\n<p>Per informazioni consultare:<\/p>\n<p><a href=\"https:\/\/pastoraledisabili.chiesacattolica.it\/2026\/01\/28\/convegno-nazionale-bergamo-2026\/\">https:\/\/pastoraledisabili.chiesacattolica.it\/2026\/01\/28\/convegno-nazionale-bergamo-2026\/<\/a><\/p>\n<p>&nbsp;<\/p>\n<p>Aperto il <em><strong>Bando per il Servizio civile<\/strong><\/em>.<\/p>\n<p>Per Informazioni consultare:<\/p>\n<p><a href=\"https:\/\/www.paviainrete.com\/news\/ecco-il-nuovo-bando-di-servizio-civile-universale\">https:\/\/www.paviainrete.com\/news\/ecco-il-nuovo-bando-di-servizio-civile-universale<\/a><\/p>\n<p>&nbsp;<\/p>\n<p><strong><a href=\"https:\/\/www.diocesi.pavia.it\/ufficiosalute\/territorio\/disabilita\/archivio-news\/\">ARCHIVIO NEWS<\/a><\/strong><\/p>\n","protected":false},"excerpt":{"rendered":"<p>La gioia del Vangelo \u00e8 per tutto il popolo, non pu\u00f2 escludere nessuno. (Evangelii Gaudium 23) Generare e sostenere comunit\u00e0 inclusive [\u2026] significa, allora, eliminare ogni discriminazione e soddisfare concretamente l\u2019esigenza di ogni persona di sentirsi riconosciuta e di sentirsi parte. Papa Francesco, 3 dicembre 2022 &nbsp; INSIEME PER UNA COMUNIT\u00c0 DIOCESANA PI\u00d9 INCLUSIVA Questa sezione \u00e8 dedicata alle persone con disabilit\u00e0, ai loro familiari, &hellip; <a href=\"https:\/\/www.diocesi.pavia.it\/ufficiosalute\/territorio\/disabilita\/\" class=\"more-link\">Continue reading <span class=\"screen-reader-text\">DISABILITA&#8217;<\/span> <span class=\"meta-nav\">&raquo;<\/span><\/a><\/p>\n","protected":false},"author":3,"featured_media":0,"parent":672,"menu_order":0,"comment_status":"closed","ping_status":"closed","template":"","meta":{"_acf_changed":false,"ip_address":"","user_agent":"","level":"","revision":"","cookie_id":"","page_referer":"","html_form":"","footnotes":""},"class_list":["post-760","page","type-page","status-publish","hentry"],"acf":[],"yoast_head":"<!-- This site is optimized with the Yoast SEO plugin v27.4 - https:\/\/yoast.com\/product\/yoast-seo-wordpress\/ -->\n<title>DISABILITA&#039; - Ufficio Salute<\/title>\n<meta name=\"robots\" content=\"index, follow, max-snippet:-1, max-image-preview:large, max-video-preview:-1\" \/>\n<link rel=\"canonical\" href=\"https:\/\/www.diocesi.pavia.it\/ufficiosalute\/territorio\/disabilita\/\" \/>\n<meta property=\"og:locale\" content=\"it_IT\" \/>\n<meta property=\"og:type\" content=\"article\" \/>\n<meta property=\"og:title\" content=\"DISABILITA&#039; - Ufficio Salute\" \/>\n<meta property=\"og:description\" content=\"La gioia del Vangelo \u00e8 per tutto il popolo, non pu\u00f2 escludere nessuno. (Evangelii Gaudium 23) Generare e sostenere comunit\u00e0 inclusive [\u2026] significa, allora, eliminare ogni discriminazione e soddisfare concretamente l\u2019esigenza di ogni persona di sentirsi riconosciuta e di sentirsi parte. Papa Francesco, 3 dicembre 2022 &nbsp; INSIEME PER UNA COMUNIT\u00c0 DIOCESANA PI\u00d9 INCLUSIVA Questa sezione \u00e8 dedicata alle persone con disabilit\u00e0, ai loro familiari, &hellip; Continue reading DISABILITA&#8217; &raquo;\" \/>\n<meta property=\"og:url\" content=\"https:\/\/www.diocesi.pavia.it\/ufficiosalute\/territorio\/disabilita\/\" \/>\n<meta property=\"og:site_name\" content=\"Ufficio Salute\" \/>\n<meta property=\"article:modified_time\" content=\"2026-03-25T11:06:15+00:00\" \/>\n<meta property=\"og:image\" content=\"https:\/\/www.diocesi.pavia.it\/ufficiosalute\/wp-content\/uploads\/sites\/6\/2025\/03\/ggg-199x300.jpg\" \/>\n<meta name=\"twitter:card\" content=\"summary_large_image\" \/>\n<meta name=\"twitter:label1\" content=\"Tempo di lettura stimato\" \/>\n\t<meta name=\"twitter:data1\" content=\"4 minuti\" \/>\n<script type=\"application\/ld+json\" class=\"yoast-schema-graph\">{\"@context\":\"https:\\\/\\\/schema.org\",\"@graph\":[{\"@type\":\"WebPage\",\"@id\":\"https:\\\/\\\/www.diocesi.pavia.it\\\/ufficiosalute\\\/territorio\\\/disabilita\\\/\",\"url\":\"https:\\\/\\\/www.diocesi.pavia.it\\\/ufficiosalute\\\/territorio\\\/disabilita\\\/\",\"name\":\"DISABILITA' - Ufficio Salute\",\"isPartOf\":{\"@id\":\"https:\\\/\\\/www.diocesi.pavia.it\\\/ufficiosalute\\\/#website\"},\"primaryImageOfPage\":{\"@id\":\"https:\\\/\\\/www.diocesi.pavia.it\\\/ufficiosalute\\\/territorio\\\/disabilita\\\/#primaryimage\"},\"image\":{\"@id\":\"https:\\\/\\\/www.diocesi.pavia.it\\\/ufficiosalute\\\/territorio\\\/disabilita\\\/#primaryimage\"},\"thumbnailUrl\":\"https:\\\/\\\/www.diocesi.pavia.it\\\/ufficiosalute\\\/wp-content\\\/uploads\\\/sites\\\/6\\\/2025\\\/03\\\/ggg-199x300.jpg\",\"datePublished\":\"2025-01-27T16:04:30+00:00\",\"dateModified\":\"2026-03-25T11:06:15+00:00\",\"breadcrumb\":{\"@id\":\"https:\\\/\\\/www.diocesi.pavia.it\\\/ufficiosalute\\\/territorio\\\/disabilita\\\/#breadcrumb\"},\"inLanguage\":\"it-IT\",\"potentialAction\":[{\"@type\":\"ReadAction\",\"target\":[\"https:\\\/\\\/www.diocesi.pavia.it\\\/ufficiosalute\\\/territorio\\\/disabilita\\\/\"]}]},{\"@type\":\"ImageObject\",\"inLanguage\":\"it-IT\",\"@id\":\"https:\\\/\\\/www.diocesi.pavia.it\\\/ufficiosalute\\\/territorio\\\/disabilita\\\/#primaryimage\",\"url\":\"https:\\\/\\\/www.diocesi.pavia.it\\\/ufficiosalute\\\/wp-content\\\/uploads\\\/sites\\\/6\\\/2025\\\/03\\\/ggg-scaled.jpg\",\"contentUrl\":\"https:\\\/\\\/www.diocesi.pavia.it\\\/ufficiosalute\\\/wp-content\\\/uploads\\\/sites\\\/6\\\/2025\\\/03\\\/ggg-scaled.jpg\",\"width\":1700,\"height\":2560},{\"@type\":\"BreadcrumbList\",\"@id\":\"https:\\\/\\\/www.diocesi.pavia.it\\\/ufficiosalute\\\/territorio\\\/disabilita\\\/#breadcrumb\",\"itemListElement\":[{\"@type\":\"ListItem\",\"position\":1,\"name\":\"Home\",\"item\":\"https:\\\/\\\/www.diocesi.pavia.it\\\/ufficiosalute\\\/\"},{\"@type\":\"ListItem\",\"position\":2,\"name\":\"Territorio\",\"item\":\"https:\\\/\\\/www.diocesi.pavia.it\\\/ufficiosalute\\\/territorio\\\/\"},{\"@type\":\"ListItem\",\"position\":3,\"name\":\"DISABILITA&#8217;\"}]},{\"@type\":\"WebSite\",\"@id\":\"https:\\\/\\\/www.diocesi.pavia.it\\\/ufficiosalute\\\/#website\",\"url\":\"https:\\\/\\\/www.diocesi.pavia.it\\\/ufficiosalute\\\/\",\"name\":\"Ufficio Salute\",\"description\":\"Diocesi di Pavia\",\"publisher\":{\"@id\":\"https:\\\/\\\/www.diocesi.pavia.it\\\/ufficiosalute\\\/#organization\"},\"potentialAction\":[{\"@type\":\"SearchAction\",\"target\":{\"@type\":\"EntryPoint\",\"urlTemplate\":\"https:\\\/\\\/www.diocesi.pavia.it\\\/ufficiosalute\\\/?s={search_term_string}\"},\"query-input\":{\"@type\":\"PropertyValueSpecification\",\"valueRequired\":true,\"valueName\":\"search_term_string\"}}],\"inLanguage\":\"it-IT\"},{\"@type\":\"Organization\",\"@id\":\"https:\\\/\\\/www.diocesi.pavia.it\\\/ufficiosalute\\\/#organization\",\"name\":\"Ufficio Salute\",\"url\":\"https:\\\/\\\/www.diocesi.pavia.it\\\/ufficiosalute\\\/\",\"logo\":{\"@type\":\"ImageObject\",\"inLanguage\":\"it-IT\",\"@id\":\"https:\\\/\\\/www.diocesi.pavia.it\\\/ufficiosalute\\\/#\\\/schema\\\/logo\\\/image\\\/\",\"url\":\"https:\\\/\\\/www.diocesi.pavia.it\\\/ufficiosalute\\\/wp-content\\\/uploads\\\/sites\\\/6\\\/2024\\\/12\\\/home_salute.png\",\"contentUrl\":\"https:\\\/\\\/www.diocesi.pavia.it\\\/ufficiosalute\\\/wp-content\\\/uploads\\\/sites\\\/6\\\/2024\\\/12\\\/home_salute.png\",\"width\":446,\"height\":108,\"caption\":\"Ufficio Salute\"},\"image\":{\"@id\":\"https:\\\/\\\/www.diocesi.pavia.it\\\/ufficiosalute\\\/#\\\/schema\\\/logo\\\/image\\\/\"}}]}<\/script>\n<!-- \/ Yoast SEO plugin. -->","yoast_head_json":{"title":"DISABILITA' - Ufficio Salute","robots":{"index":"index","follow":"follow","max-snippet":"max-snippet:-1","max-image-preview":"max-image-preview:large","max-video-preview":"max-video-preview:-1"},"canonical":"https:\/\/www.diocesi.pavia.it\/ufficiosalute\/territorio\/disabilita\/","og_locale":"it_IT","og_type":"article","og_title":"DISABILITA' - Ufficio Salute","og_description":"La gioia del Vangelo \u00e8 per tutto il popolo, non pu\u00f2 escludere nessuno. (Evangelii Gaudium 23) Generare e sostenere comunit\u00e0 inclusive [\u2026] significa, allora, eliminare ogni discriminazione e soddisfare concretamente l\u2019esigenza di ogni persona di sentirsi riconosciuta e di sentirsi parte. Papa Francesco, 3 dicembre 2022 &nbsp; INSIEME PER UNA COMUNIT\u00c0 DIOCESANA PI\u00d9 INCLUSIVA Questa sezione \u00e8 dedicata alle persone con disabilit\u00e0, ai loro familiari, &hellip; Continue reading DISABILITA&#8217; &raquo;","og_url":"https:\/\/www.diocesi.pavia.it\/ufficiosalute\/territorio\/disabilita\/","og_site_name":"Ufficio Salute","article_modified_time":"2026-03-25T11:06:15+00:00","og_image":[{"url":"https:\/\/www.diocesi.pavia.it\/ufficiosalute\/wp-content\/uploads\/sites\/6\/2025\/03\/ggg-199x300.jpg","type":"","width":"","height":""}],"twitter_card":"summary_large_image","twitter_misc":{"Tempo di lettura stimato":"4 minuti"},"schema":{"@context":"https:\/\/schema.org","@graph":[{"@type":"WebPage","@id":"https:\/\/www.diocesi.pavia.it\/ufficiosalute\/territorio\/disabilita\/","url":"https:\/\/www.diocesi.pavia.it\/ufficiosalute\/territorio\/disabilita\/","name":"DISABILITA' - Ufficio Salute","isPartOf":{"@id":"https:\/\/www.diocesi.pavia.it\/ufficiosalute\/#website"},"primaryImageOfPage":{"@id":"https:\/\/www.diocesi.pavia.it\/ufficiosalute\/territorio\/disabilita\/#primaryimage"},"image":{"@id":"https:\/\/www.diocesi.pavia.it\/ufficiosalute\/territorio\/disabilita\/#primaryimage"},"thumbnailUrl":"https:\/\/www.diocesi.pavia.it\/ufficiosalute\/wp-content\/uploads\/sites\/6\/2025\/03\/ggg-199x300.jpg","datePublished":"2025-01-27T16:04:30+00:00","dateModified":"2026-03-25T11:06:15+00:00","breadcrumb":{"@id":"https:\/\/www.diocesi.pavia.it\/ufficiosalute\/territorio\/disabilita\/#breadcrumb"},"inLanguage":"it-IT","potentialAction":[{"@type":"ReadAction","target":["https:\/\/www.diocesi.pavia.it\/ufficiosalute\/territorio\/disabilita\/"]}]},{"@type":"ImageObject","inLanguage":"it-IT","@id":"https:\/\/www.diocesi.pavia.it\/ufficiosalute\/territorio\/disabilita\/#primaryimage","url":"https:\/\/www.diocesi.pavia.it\/ufficiosalute\/wp-content\/uploads\/sites\/6\/2025\/03\/ggg-scaled.jpg","contentUrl":"https:\/\/www.diocesi.pavia.it\/ufficiosalute\/wp-content\/uploads\/sites\/6\/2025\/03\/ggg-scaled.jpg","width":1700,"height":2560},{"@type":"BreadcrumbList","@id":"https:\/\/www.diocesi.pavia.it\/ufficiosalute\/territorio\/disabilita\/#breadcrumb","itemListElement":[{"@type":"ListItem","position":1,"name":"Home","item":"https:\/\/www.diocesi.pavia.it\/ufficiosalute\/"},{"@type":"ListItem","position":2,"name":"Territorio","item":"https:\/\/www.diocesi.pavia.it\/ufficiosalute\/territorio\/"},{"@type":"ListItem","position":3,"name":"DISABILITA&#8217;"}]},{"@type":"WebSite","@id":"https:\/\/www.diocesi.pavia.it\/ufficiosalute\/#website","url":"https:\/\/www.diocesi.pavia.it\/ufficiosalute\/","name":"Ufficio Salute","description":"Diocesi di Pavia","publisher":{"@id":"https:\/\/www.diocesi.pavia.it\/ufficiosalute\/#organization"},"potentialAction":[{"@type":"SearchAction","target":{"@type":"EntryPoint","urlTemplate":"https:\/\/www.diocesi.pavia.it\/ufficiosalute\/?s={search_term_string}"},"query-input":{"@type":"PropertyValueSpecification","valueRequired":true,"valueName":"search_term_string"}}],"inLanguage":"it-IT"},{"@type":"Organization","@id":"https:\/\/www.diocesi.pavia.it\/ufficiosalute\/#organization","name":"Ufficio Salute","url":"https:\/\/www.diocesi.pavia.it\/ufficiosalute\/","logo":{"@type":"ImageObject","inLanguage":"it-IT","@id":"https:\/\/www.diocesi.pavia.it\/ufficiosalute\/#\/schema\/logo\/image\/","url":"https:\/\/www.diocesi.pavia.it\/ufficiosalute\/wp-content\/uploads\/sites\/6\/2024\/12\/home_salute.png","contentUrl":"https:\/\/www.diocesi.pavia.it\/ufficiosalute\/wp-content\/uploads\/sites\/6\/2024\/12\/home_salute.png","width":446,"height":108,"caption":"Ufficio Salute"},"image":{"@id":"https:\/\/www.diocesi.pavia.it\/ufficiosalute\/#\/schema\/logo\/image\/"}}]}},"_links":{"self":[{"href":"https:\/\/www.diocesi.pavia.it\/ufficiosalute\/wp-json\/wp\/v2\/pages\/760","targetHints":{"allow":["GET"]}}],"collection":[{"href":"https:\/\/www.diocesi.pavia.it\/ufficiosalute\/wp-json\/wp\/v2\/pages"}],"about":[{"href":"https:\/\/www.diocesi.pavia.it\/ufficiosalute\/wp-json\/wp\/v2\/types\/page"}],"author":[{"embeddable":true,"href":"https:\/\/www.diocesi.pavia.it\/ufficiosalute\/wp-json\/wp\/v2\/users\/3"}],"replies":[{"embeddable":true,"href":"https:\/\/www.diocesi.pavia.it\/ufficiosalute\/wp-json\/wp\/v2\/comments?post=760"}],"version-history":[{"count":27,"href":"https:\/\/www.diocesi.pavia.it\/ufficiosalute\/wp-json\/wp\/v2\/pages\/760\/revisions"}],"predecessor-version":[{"id":3347,"href":"https:\/\/www.diocesi.pavia.it\/ufficiosalute\/wp-json\/wp\/v2\/pages\/760\/revisions\/3347"}],"up":[{"embeddable":true,"href":"https:\/\/www.diocesi.pavia.it\/ufficiosalute\/wp-json\/wp\/v2\/pages\/672"}],"wp:attachment":[{"href":"https:\/\/www.diocesi.pavia.it\/ufficiosalute\/wp-json\/wp\/v2\/media?parent=760"}],"curies":[{"name":"wp","href":"https:\/\/api.w.org\/{rel}","templated":true}]}}