{"id":756,"date":"2025-01-27T17:03:56","date_gmt":"2025-01-27T16:03:56","guid":{"rendered":"https:\/\/www.diocesi.pavia.it\/ufficiosalute\/?page_id=756"},"modified":"2025-02-28T16:00:03","modified_gmt":"2025-02-28T15:00:03","slug":"alzheimer","status":"publish","type":"page","link":"https:\/\/www.diocesi.pavia.it\/ufficiosalute\/territorio\/alzheimer\/","title":{"rendered":"Alzheimer e malattie cognitive"},"content":{"rendered":"<p><strong>ALZHEIMER<\/strong><\/p>\n<p>Da alcuni anni sta nascendo in Pavia una significativa attenzione a questa categoria di malati, che d\u2019altra parte sono in forte aumento numerico. Un grazie particolare al Prof. Giovanni Ricevuti, che attraverso iniziative formative e attivit\u00e0 pratiche, ha portato alla luce bisogni e problemi.<\/p>\n<p><strong><em>Progetto Ricor-Dare, rete territoriale integrata demenze. <\/em><\/strong>Attraverso la sinergia di Fondazione Mondino IRCCS, ASP Pavia e il Consorzio Domicare di Pavia nel 2023 nasce questo progetto che vuole creare e consolidare una rete che metta in connessione gli attori del territorio che si prendono cura di chi \u00e8 affetto da demenze e dei loro familiari e sostenga l\u2019integrazione dei servizi. Il progetto si concretizza in alcuni punti di riferimento:<\/p>\n<p><img loading=\"lazy\" decoding=\"async\" class=\"aligncenter\" src=\"https:\/\/www.ricor-dare.it\/wp-content\/uploads\/2024\/06\/logo_ricor-dare_pittogramma.png\" width=\"151\" height=\"202\" \/><\/p>\n<ul>\n<li>Una Centrale Operativa Demenze e uno Sportello Informativo<strong> presso il Santa Margherita di Pavia<\/strong> offrono informazioni e ascolto delle necessit\u00e0 e delle preoccupazioni ai familiari dei malati. Si pu\u00f2 andare di persona o telefonare al numero 0382-380600 dal luned\u00ec al venerd\u00ec dalle 9 alle 13. Vedi sito:<strong> <a href=\"https:\/\/www.ricor-dare.it\/\">https:\/\/www.ricor-dare.it\/<\/a><\/strong><\/li>\n<li>Un Punto informativo <strong>all\u2019Istituto Neurologico Fondazione Mondino<\/strong>: dal luned\u00ec al venerd\u00ec dalle 9 alle 13. Vedi sito: <a href=\"https:\/\/www.mondino.it\/research\/demenze\/\">Demenze | Fondazione Mondino<\/a><\/li>\n<\/ul>\n<p>&nbsp;<\/p>\n<p>&nbsp;<\/p>\n<p>Un punto di riferimento certo \u00e8 <strong><em>l\u2019Associazione Demenze e Malattia di Alzheimer di Pavia <\/em><\/strong>(ADMA) con le sue attivit\u00e0:<\/p>\n<div>&#8211; ogni giovedi dalle 10,30 alle 12,00 <strong>l&#8217;apertura del Punto d&#8217;incontro<\/strong> presso la Parrocchia di San Lanfranco dove pazienti e familiari si incontrano per trascorrere del tempo insieme, per scambiarsi esperienze e trovare sostegno per le difficolt\u00e0 derivanti dalla malattia;<\/div>\n<div>&#8211; quindicinalmente, il giovedi dalle 18,00 alle 19,00, <strong>gli incontri del Gruppo di Auto Mutuo Aiuto<\/strong> per familiari che si confortano e si confrontano senza giudizio;<\/div>\n<div>&#8211; l&#8217;ultima domenica del mese a partire dalle 10,00 <strong>ADMALBAR<\/strong>, due chiacchiere intorno a una tazzina di caff\u00e8 per familiari e pazienti in un bar pavese.<\/div>\n<div><\/div>\n<div>Alcuni volontari collaborano con il <strong>Caff\u00e8 Alzheimer Ricor-dare<\/strong>, il martedi pomeriggio presso l&#8217;APS Bargiggia (per informazioni Centrale Operativa Demenze tel. 0382 380600).<\/div>\n<div><\/div>\n<div>Per informazioni sulle iniziative di ADMA : tel 3346984250, e mail\u00a0\u00a0<a href=\"mailto:admapavia@libero.it,\" target=\"_blank\" rel=\"noopener noreferrer\">admapavia@libero.it<\/a><\/div>\n<div>facebook:\u00a0 Associazione Demenze e Malattia di Alzheimer ADMA &#8211; PAVIA<\/div>\n<p>sito: <strong><a href=\"https:\/\/www.csvlombardia.it\/pavia\/pv-per-i-cittadini\/pv-per-i-cittadini-volontariato-cercasi\/post\/a-d-m-a-associazione-demenze-e-malattia-alzheimer-cerca-volontari-per-attivita-ludico-ricreative-e-incontri-con-malati-e-famigliari-pavia\/\">https:\/\/www.csvlombardia.it\/pavia<\/a><\/strong><\/p>\n<p>&nbsp;<\/p>\n<p><strong>PARKINSON<\/strong><\/p>\n<p>Per i malati di Parkinson e i loro familiari \u00e8 attiva a Pavia <strong>l&#8217;Associazione Pavese Parkinsonani<\/strong> con le proprie attivit\u00e0 e programmi. Vedi sito: <a href=\"http:\/\/www.parkinsonpavia.it\/\">Associazione Pavese Parkinsoniani ODV<\/a><\/p>\n<p>La struttura sanitaria di riferimento \u00e8 <strong>l&#8217;Istituto Neurologico Fondazione Mondino.\u00a0<\/strong>Vedi sito: <a href=\"https:\/\/www.mondino.it\/area-of-treatment\/malattia-di-parkinson-e-disturbi-del-movimento\/eta-adulta\/\">Et\u00e0 adulta | Fondazione Mondino<\/a><\/p>\n<p><strong><img loading=\"lazy\" decoding=\"async\" class=\"wp-image-1081 aligncenter\" src=\"https:\/\/www.diocesi.pavia.it\/ufficiosalute\/wp-content\/uploads\/sites\/6\/2025\/02\/61P6nGj75XL._SL1500_-195x300.jpg\" alt=\"\" width=\"150\" height=\"231\" srcset=\"https:\/\/www.diocesi.pavia.it\/ufficiosalute\/wp-content\/uploads\/sites\/6\/2025\/02\/61P6nGj75XL._SL1500_-195x300.jpg 195w, https:\/\/www.diocesi.pavia.it\/ufficiosalute\/wp-content\/uploads\/sites\/6\/2025\/02\/61P6nGj75XL._SL1500_-666x1024.jpg 666w, https:\/\/www.diocesi.pavia.it\/ufficiosalute\/wp-content\/uploads\/sites\/6\/2025\/02\/61P6nGj75XL._SL1500_-768x1182.jpg 768w, https:\/\/www.diocesi.pavia.it\/ufficiosalute\/wp-content\/uploads\/sites\/6\/2025\/02\/61P6nGj75XL._SL1500_-600x923.jpg 600w, https:\/\/www.diocesi.pavia.it\/ufficiosalute\/wp-content\/uploads\/sites\/6\/2025\/02\/61P6nGj75XL._SL1500_-800x1231.jpg 800w, https:\/\/www.diocesi.pavia.it\/ufficiosalute\/wp-content\/uploads\/sites\/6\/2025\/02\/61P6nGj75XL._SL1500_.jpg 975w\" sizes=\"auto, (max-width: 150px) 100vw, 150px\" \/><\/strong><\/p>\n<ul>\n<li><strong>Vincenzo Lista<\/strong>, malato di Parkinson, ha scritto un libro che racconta la sua esperienza di malattia e di cura e offre la sua testimonianza.<\/li>\n<\/ul>\n<p>&nbsp;<\/p>\n<p>&nbsp;<\/p>\n","protected":false},"excerpt":{"rendered":"<p>ALZHEIMER Da alcuni anni sta nascendo in Pavia una significativa attenzione a questa categoria di malati, che d\u2019altra parte sono in forte aumento numerico. Un grazie particolare al Prof. Giovanni Ricevuti, che attraverso iniziative formative e attivit\u00e0 pratiche, ha portato alla luce bisogni e problemi. Progetto Ricor-Dare, rete territoriale integrata demenze. Attraverso la sinergia di Fondazione Mondino IRCCS, ASP Pavia e il Consorzio Domicare di &hellip; <a href=\"https:\/\/www.diocesi.pavia.it\/ufficiosalute\/territorio\/alzheimer\/\" class=\"more-link\">Continue reading <span class=\"screen-reader-text\">Alzheimer e malattie cognitive<\/span> <span class=\"meta-nav\">&raquo;<\/span><\/a><\/p>\n","protected":false},"author":3,"featured_media":0,"parent":672,"menu_order":0,"comment_status":"closed","ping_status":"closed","template":"","meta":{"_acf_changed":false,"ip_address":"","user_agent":"","level":"","revision":"","cookie_id":"","page_referer":"","html_form":"","footnotes":""},"class_list":["post-756","page","type-page","status-publish","hentry"],"acf":[],"yoast_head":"<!-- This site is optimized with the Yoast SEO plugin v27.4 - https:\/\/yoast.com\/product\/yoast-seo-wordpress\/ -->\n<title>Alzheimer e malattie cognitive - Ufficio Salute<\/title>\n<meta name=\"robots\" content=\"index, follow, max-snippet:-1, max-image-preview:large, max-video-preview:-1\" \/>\n<link rel=\"canonical\" href=\"https:\/\/www.diocesi.pavia.it\/ufficiosalute\/territorio\/alzheimer\/\" \/>\n<meta property=\"og:locale\" content=\"it_IT\" \/>\n<meta property=\"og:type\" content=\"article\" \/>\n<meta property=\"og:title\" content=\"Alzheimer e malattie cognitive - Ufficio Salute\" \/>\n<meta property=\"og:description\" content=\"ALZHEIMER Da alcuni anni sta nascendo in Pavia una significativa attenzione a questa categoria di malati, che d\u2019altra parte sono in forte aumento numerico. Un grazie particolare al Prof. Giovanni Ricevuti, che attraverso iniziative formative e attivit\u00e0 pratiche, ha portato alla luce bisogni e problemi. Progetto Ricor-Dare, rete territoriale integrata demenze. Attraverso la sinergia di Fondazione Mondino IRCCS, ASP Pavia e il Consorzio Domicare di &hellip; Continue reading Alzheimer e malattie cognitive &raquo;\" \/>\n<meta property=\"og:url\" content=\"https:\/\/www.diocesi.pavia.it\/ufficiosalute\/territorio\/alzheimer\/\" \/>\n<meta property=\"og:site_name\" content=\"Ufficio Salute\" \/>\n<meta property=\"article:modified_time\" content=\"2025-02-28T15:00:03+00:00\" \/>\n<meta property=\"og:image\" content=\"https:\/\/www.ricor-dare.it\/wp-content\/uploads\/2024\/06\/logo_ricor-dare_pittogramma.png\" \/>\n<meta name=\"twitter:card\" content=\"summary_large_image\" \/>\n<meta name=\"twitter:label1\" content=\"Tempo di lettura stimato\" \/>\n\t<meta name=\"twitter:data1\" content=\"3 minuti\" \/>\n<script type=\"application\/ld+json\" class=\"yoast-schema-graph\">{\"@context\":\"https:\\\/\\\/schema.org\",\"@graph\":[{\"@type\":\"WebPage\",\"@id\":\"https:\\\/\\\/www.diocesi.pavia.it\\\/ufficiosalute\\\/territorio\\\/alzheimer\\\/\",\"url\":\"https:\\\/\\\/www.diocesi.pavia.it\\\/ufficiosalute\\\/territorio\\\/alzheimer\\\/\",\"name\":\"Alzheimer e malattie cognitive - Ufficio Salute\",\"isPartOf\":{\"@id\":\"https:\\\/\\\/www.diocesi.pavia.it\\\/ufficiosalute\\\/#website\"},\"primaryImageOfPage\":{\"@id\":\"https:\\\/\\\/www.diocesi.pavia.it\\\/ufficiosalute\\\/territorio\\\/alzheimer\\\/#primaryimage\"},\"image\":{\"@id\":\"https:\\\/\\\/www.diocesi.pavia.it\\\/ufficiosalute\\\/territorio\\\/alzheimer\\\/#primaryimage\"},\"thumbnailUrl\":\"https:\\\/\\\/www.ricor-dare.it\\\/wp-content\\\/uploads\\\/2024\\\/06\\\/logo_ricor-dare_pittogramma.png\",\"datePublished\":\"2025-01-27T16:03:56+00:00\",\"dateModified\":\"2025-02-28T15:00:03+00:00\",\"breadcrumb\":{\"@id\":\"https:\\\/\\\/www.diocesi.pavia.it\\\/ufficiosalute\\\/territorio\\\/alzheimer\\\/#breadcrumb\"},\"inLanguage\":\"it-IT\",\"potentialAction\":[{\"@type\":\"ReadAction\",\"target\":[\"https:\\\/\\\/www.diocesi.pavia.it\\\/ufficiosalute\\\/territorio\\\/alzheimer\\\/\"]}]},{\"@type\":\"ImageObject\",\"inLanguage\":\"it-IT\",\"@id\":\"https:\\\/\\\/www.diocesi.pavia.it\\\/ufficiosalute\\\/territorio\\\/alzheimer\\\/#primaryimage\",\"url\":\"https:\\\/\\\/www.ricor-dare.it\\\/wp-content\\\/uploads\\\/2024\\\/06\\\/logo_ricor-dare_pittogramma.png\",\"contentUrl\":\"https:\\\/\\\/www.ricor-dare.it\\\/wp-content\\\/uploads\\\/2024\\\/06\\\/logo_ricor-dare_pittogramma.png\"},{\"@type\":\"BreadcrumbList\",\"@id\":\"https:\\\/\\\/www.diocesi.pavia.it\\\/ufficiosalute\\\/territorio\\\/alzheimer\\\/#breadcrumb\",\"itemListElement\":[{\"@type\":\"ListItem\",\"position\":1,\"name\":\"Home\",\"item\":\"https:\\\/\\\/www.diocesi.pavia.it\\\/ufficiosalute\\\/\"},{\"@type\":\"ListItem\",\"position\":2,\"name\":\"Territorio\",\"item\":\"https:\\\/\\\/www.diocesi.pavia.it\\\/ufficiosalute\\\/territorio\\\/\"},{\"@type\":\"ListItem\",\"position\":3,\"name\":\"Alzheimer e malattie cognitive\"}]},{\"@type\":\"WebSite\",\"@id\":\"https:\\\/\\\/www.diocesi.pavia.it\\\/ufficiosalute\\\/#website\",\"url\":\"https:\\\/\\\/www.diocesi.pavia.it\\\/ufficiosalute\\\/\",\"name\":\"Ufficio Salute\",\"description\":\"Diocesi di Pavia\",\"publisher\":{\"@id\":\"https:\\\/\\\/www.diocesi.pavia.it\\\/ufficiosalute\\\/#organization\"},\"potentialAction\":[{\"@type\":\"SearchAction\",\"target\":{\"@type\":\"EntryPoint\",\"urlTemplate\":\"https:\\\/\\\/www.diocesi.pavia.it\\\/ufficiosalute\\\/?s={search_term_string}\"},\"query-input\":{\"@type\":\"PropertyValueSpecification\",\"valueRequired\":true,\"valueName\":\"search_term_string\"}}],\"inLanguage\":\"it-IT\"},{\"@type\":\"Organization\",\"@id\":\"https:\\\/\\\/www.diocesi.pavia.it\\\/ufficiosalute\\\/#organization\",\"name\":\"Ufficio Salute\",\"url\":\"https:\\\/\\\/www.diocesi.pavia.it\\\/ufficiosalute\\\/\",\"logo\":{\"@type\":\"ImageObject\",\"inLanguage\":\"it-IT\",\"@id\":\"https:\\\/\\\/www.diocesi.pavia.it\\\/ufficiosalute\\\/#\\\/schema\\\/logo\\\/image\\\/\",\"url\":\"https:\\\/\\\/www.diocesi.pavia.it\\\/ufficiosalute\\\/wp-content\\\/uploads\\\/sites\\\/6\\\/2024\\\/12\\\/home_salute.png\",\"contentUrl\":\"https:\\\/\\\/www.diocesi.pavia.it\\\/ufficiosalute\\\/wp-content\\\/uploads\\\/sites\\\/6\\\/2024\\\/12\\\/home_salute.png\",\"width\":446,\"height\":108,\"caption\":\"Ufficio Salute\"},\"image\":{\"@id\":\"https:\\\/\\\/www.diocesi.pavia.it\\\/ufficiosalute\\\/#\\\/schema\\\/logo\\\/image\\\/\"}}]}<\/script>\n<!-- \/ Yoast SEO plugin. -->","yoast_head_json":{"title":"Alzheimer e malattie cognitive - Ufficio Salute","robots":{"index":"index","follow":"follow","max-snippet":"max-snippet:-1","max-image-preview":"max-image-preview:large","max-video-preview":"max-video-preview:-1"},"canonical":"https:\/\/www.diocesi.pavia.it\/ufficiosalute\/territorio\/alzheimer\/","og_locale":"it_IT","og_type":"article","og_title":"Alzheimer e malattie cognitive - Ufficio Salute","og_description":"ALZHEIMER Da alcuni anni sta nascendo in Pavia una significativa attenzione a questa categoria di malati, che d\u2019altra parte sono in forte aumento numerico. Un grazie particolare al Prof. Giovanni Ricevuti, che attraverso iniziative formative e attivit\u00e0 pratiche, ha portato alla luce bisogni e problemi. Progetto Ricor-Dare, rete territoriale integrata demenze. Attraverso la sinergia di Fondazione Mondino IRCCS, ASP Pavia e il Consorzio Domicare di &hellip; Continue reading Alzheimer e malattie cognitive &raquo;","og_url":"https:\/\/www.diocesi.pavia.it\/ufficiosalute\/territorio\/alzheimer\/","og_site_name":"Ufficio Salute","article_modified_time":"2025-02-28T15:00:03+00:00","og_image":[{"url":"https:\/\/www.ricor-dare.it\/wp-content\/uploads\/2024\/06\/logo_ricor-dare_pittogramma.png","type":"","width":"","height":""}],"twitter_card":"summary_large_image","twitter_misc":{"Tempo di lettura stimato":"3 minuti"},"schema":{"@context":"https:\/\/schema.org","@graph":[{"@type":"WebPage","@id":"https:\/\/www.diocesi.pavia.it\/ufficiosalute\/territorio\/alzheimer\/","url":"https:\/\/www.diocesi.pavia.it\/ufficiosalute\/territorio\/alzheimer\/","name":"Alzheimer e malattie cognitive - Ufficio Salute","isPartOf":{"@id":"https:\/\/www.diocesi.pavia.it\/ufficiosalute\/#website"},"primaryImageOfPage":{"@id":"https:\/\/www.diocesi.pavia.it\/ufficiosalute\/territorio\/alzheimer\/#primaryimage"},"image":{"@id":"https:\/\/www.diocesi.pavia.it\/ufficiosalute\/territorio\/alzheimer\/#primaryimage"},"thumbnailUrl":"https:\/\/www.ricor-dare.it\/wp-content\/uploads\/2024\/06\/logo_ricor-dare_pittogramma.png","datePublished":"2025-01-27T16:03:56+00:00","dateModified":"2025-02-28T15:00:03+00:00","breadcrumb":{"@id":"https:\/\/www.diocesi.pavia.it\/ufficiosalute\/territorio\/alzheimer\/#breadcrumb"},"inLanguage":"it-IT","potentialAction":[{"@type":"ReadAction","target":["https:\/\/www.diocesi.pavia.it\/ufficiosalute\/territorio\/alzheimer\/"]}]},{"@type":"ImageObject","inLanguage":"it-IT","@id":"https:\/\/www.diocesi.pavia.it\/ufficiosalute\/territorio\/alzheimer\/#primaryimage","url":"https:\/\/www.ricor-dare.it\/wp-content\/uploads\/2024\/06\/logo_ricor-dare_pittogramma.png","contentUrl":"https:\/\/www.ricor-dare.it\/wp-content\/uploads\/2024\/06\/logo_ricor-dare_pittogramma.png"},{"@type":"BreadcrumbList","@id":"https:\/\/www.diocesi.pavia.it\/ufficiosalute\/territorio\/alzheimer\/#breadcrumb","itemListElement":[{"@type":"ListItem","position":1,"name":"Home","item":"https:\/\/www.diocesi.pavia.it\/ufficiosalute\/"},{"@type":"ListItem","position":2,"name":"Territorio","item":"https:\/\/www.diocesi.pavia.it\/ufficiosalute\/territorio\/"},{"@type":"ListItem","position":3,"name":"Alzheimer e malattie cognitive"}]},{"@type":"WebSite","@id":"https:\/\/www.diocesi.pavia.it\/ufficiosalute\/#website","url":"https:\/\/www.diocesi.pavia.it\/ufficiosalute\/","name":"Ufficio Salute","description":"Diocesi di Pavia","publisher":{"@id":"https:\/\/www.diocesi.pavia.it\/ufficiosalute\/#organization"},"potentialAction":[{"@type":"SearchAction","target":{"@type":"EntryPoint","urlTemplate":"https:\/\/www.diocesi.pavia.it\/ufficiosalute\/?s={search_term_string}"},"query-input":{"@type":"PropertyValueSpecification","valueRequired":true,"valueName":"search_term_string"}}],"inLanguage":"it-IT"},{"@type":"Organization","@id":"https:\/\/www.diocesi.pavia.it\/ufficiosalute\/#organization","name":"Ufficio Salute","url":"https:\/\/www.diocesi.pavia.it\/ufficiosalute\/","logo":{"@type":"ImageObject","inLanguage":"it-IT","@id":"https:\/\/www.diocesi.pavia.it\/ufficiosalute\/#\/schema\/logo\/image\/","url":"https:\/\/www.diocesi.pavia.it\/ufficiosalute\/wp-content\/uploads\/sites\/6\/2024\/12\/home_salute.png","contentUrl":"https:\/\/www.diocesi.pavia.it\/ufficiosalute\/wp-content\/uploads\/sites\/6\/2024\/12\/home_salute.png","width":446,"height":108,"caption":"Ufficio Salute"},"image":{"@id":"https:\/\/www.diocesi.pavia.it\/ufficiosalute\/#\/schema\/logo\/image\/"}}]}},"_links":{"self":[{"href":"https:\/\/www.diocesi.pavia.it\/ufficiosalute\/wp-json\/wp\/v2\/pages\/756","targetHints":{"allow":["GET"]}}],"collection":[{"href":"https:\/\/www.diocesi.pavia.it\/ufficiosalute\/wp-json\/wp\/v2\/pages"}],"about":[{"href":"https:\/\/www.diocesi.pavia.it\/ufficiosalute\/wp-json\/wp\/v2\/types\/page"}],"author":[{"embeddable":true,"href":"https:\/\/www.diocesi.pavia.it\/ufficiosalute\/wp-json\/wp\/v2\/users\/3"}],"replies":[{"embeddable":true,"href":"https:\/\/www.diocesi.pavia.it\/ufficiosalute\/wp-json\/wp\/v2\/comments?post=756"}],"version-history":[{"count":10,"href":"https:\/\/www.diocesi.pavia.it\/ufficiosalute\/wp-json\/wp\/v2\/pages\/756\/revisions"}],"predecessor-version":[{"id":1082,"href":"https:\/\/www.diocesi.pavia.it\/ufficiosalute\/wp-json\/wp\/v2\/pages\/756\/revisions\/1082"}],"up":[{"embeddable":true,"href":"https:\/\/www.diocesi.pavia.it\/ufficiosalute\/wp-json\/wp\/v2\/pages\/672"}],"wp:attachment":[{"href":"https:\/\/www.diocesi.pavia.it\/ufficiosalute\/wp-json\/wp\/v2\/media?parent=756"}],"curies":[{"name":"wp","href":"https:\/\/api.w.org\/{rel}","templated":true}]}}