{"id":750,"date":"2025-01-27T17:03:00","date_gmt":"2025-01-27T16:03:00","guid":{"rendered":"https:\/\/www.diocesi.pavia.it\/ufficiosalute\/?page_id=750"},"modified":"2025-05-06T11:27:01","modified_gmt":"2025-05-06T09:27:01","slug":"attivita","status":"publish","type":"page","link":"https:\/\/www.diocesi.pavia.it\/ufficiosalute\/territorio\/attivita\/","title":{"rendered":"Novit\u00e0 e iniziative"},"content":{"rendered":"<h4><em><strong>Farmacisti volontari<\/strong><\/em><\/h4>\n<p>L\u2019Associazione \u00e8 nata per volont\u00e0 della Federazione degli Ordini nel 2009, all\u2019indomani del terremoto che ha devastato L\u2019Aquila e, da allora, non ha mai fatto mancare il suo supporto alla popolazione nelle catastrofi, purtroppo frequenti, che hanno colpito il paese..<\/p>\n<p>In questi anni, l\u2019Associazione \u00e8 costantemente cresciuta, sia nel numero dei colleghi che hanno aderito e delle Associazioni provinciali e regionali, sia nei mezzi e nelle strutture, sia nelle competenze e nelle conoscenze, acquisite attraverso momenti di formazione organizzati in collaborazione con la Protezione Civile.<\/p>\n<p>Anche nella <strong>situazione drammatica creata dalla pandemia<\/strong> i volontari non hanno esitato a lasciare la loro attivit\u00e0 e le loro famiglie per supportare il Servizio sanitario e rispondere ai bisogni della collettivit\u00e0: negli hub vaccinali, come nelle strutture in cui era necessario assistere i cittadini e garantire il rispetto delle misure di prevenzione del contagio.<\/p>\n<p>A giugno del 2021 \u00e8 stata costituita anche la <strong>sezione Lombarda dei Farmacisti Volontari per la Protezione Civile<\/strong> in collaborazione tra tutti gli ordini dei farmacisti delle province lombarde.<\/p>\n<p><strong>A Pavia<\/strong> abbiamo organizzato il primo evento in occasione della <strong>Giornata di Raccolta del Farmaco<\/strong> allestendo un banchetto per sensibilizzare la cittadinanza a compiere un gesto di solidariet\u00e0.<\/p>\n<p>Per saperne di pi\u00f9 invitiamo ad ascoltare l&#8217;intervista rilasciata dalla <strong>Dott.ssa Cristina Braschi<\/strong> alla Provincia Pavese nel mese di febbraio 2025.<\/p>\n<p><a href=\"https:\/\/www.youtube.com\/live\/t4uz1dGnbMA?si=qGBcpVztkD-SyRUb\">https:\/\/www.youtube.com\/live\/t4uz1dGnbMA?si=qGBcpVztkD-SyRUb<\/a><\/p>\n<p>&nbsp;<\/p>\n<header class=\"entry-header\">\n<h4 class=\"entry-title-post\"><strong><em>l paziente al centro. Lettera dell\u2019Associazione Demenze e Malattie di Alzheimer di Pavia agli Operatori Sanitari.<\/em><\/strong><\/h4>\n<\/header>\n<div class=\"entry-content-post\">\n<p><strong>L\u2019Associazione Demenze e Malattie di Alzheimer di Pavia cos\u00ec ci scrive.<\/strong><\/p>\n<p>Nella nostra attivit\u00e0 a favore delle persone rese fragili dalla demenza abbiamo incontrato la sofferenza che, in occasione dei ricoveri in ospedale, si moltiplica. E da questa constatazione ha avuto origine una riflessione pi\u00f9 generale sul rapporto ospedale\/paziente, che rivolgiamo soprattutto agli Operatori\u00a0 Sanitari.<\/p>\n<p><em><strong>I\u00a0problemi che affliggono il sistema sanitario sono molti e noti. Ne sottolineo uno: il rapporto tra il \u201csistema ospedale\u201d, i pazienti e i familiari. Il momento del ricovero \u00e8 cruciale per creare un buon rapporto. Una presa in carico ben organizzata consente ai sanitari di integrare le informazioni documentali con la conoscenza diretta, anche tramite i familiari, dello stato del paziente, delle condizioni emotive, di fragilit\u00e0 (per soggetti anziani o con problemi cognitivi), della sua realt\u00e0 di persona, di problematiche collaterali. In un rapporto cos\u00ec impostato il paziente e i familiari vengono informati del programma terapeutico dal medico e dal team che lo prender\u00e0 in carico.\u00a0 E\u2019 necessario che i familiari si sentano parte del team, soprattutto se i pazienti sono persone fragili. E<\/strong><\/em>\u00a0<strong><em>durante la degenza questo patto deve essere alimentato con incontri periodici e programmati, in modo che il percorso terapeutico sia continuamente condiviso. Non si deve costituire, anzich\u00e9 un rapporto tra sanitari, paziente e famiglie unicamente un rapporto tra sanitari e malattia, escludendo o minimizzando il ruolo del paziente e dei familiari: ci\u00f2, oltre a ledere la dignit\u00e0 delle persone, porta\u00a0 sfiducia e a volte irritazione negli utenti e rende pi\u00f9 difficoltoso il lavoro di tutti. Pu\u00f2 darsi che esistano protocolli per la gestione di questo indispensabile rapporto da parte dei sanitari (compresi, infermieri OS, e altri professionisti), dando per scontato che i sanitari possiedano doti di umanit\u00e0 ed empatia che in altre professioni non sono richieste. Qualche tempo fa \u00a0l\u2019Istituto Neurologico Mondino ha avviato un progetto dal titolo suggestivo: \u201cIl paziente al centro\u201d, affermando la necessit\u00e0 di coinvolgere, oltre ai familiari,\u00a0 le associazioni dei pazienti per ridefinire e migliorare i percorsi di cura. Sarebbe interessante condividere questo percorso con i principali istituti pavesi quali il Policlinico San Matteo, gli Istituti Maugeri, la clinica Citt\u00e0 di Pavia. Come affermato dal direttore generale della Fondazione Mondino in occasione della presentazione del progetto \u201cQuando parliamo di mettere al centro il paziente dobbiamo prima di tutto chiederci chi \u00e8 davvero, il paziente, conoscere i suoi bisogni e partire dall\u2019analisi delle sue esigenze\u2026 Oggi i pazienti sono parte attiva del processo clinico\u201d. E i familiari, aggiungo io. Ci\u00f2 detto, un ringraziamento alla sanit\u00e0 pavese che fa grande la nostra piccola citt\u00e0.<\/em><\/strong><\/p>\n<div>Gianluca Maffoni, presidente ADMA Pavia<\/div>\n<\/div>\n","protected":false},"excerpt":{"rendered":"<p>Farmacisti volontari L\u2019Associazione \u00e8 nata per volont\u00e0 della Federazione degli Ordini nel 2009, all\u2019indomani del terremoto che ha devastato L\u2019Aquila e, da allora, non ha mai fatto mancare il suo supporto alla popolazione nelle catastrofi, purtroppo frequenti, che hanno colpito il paese.. In questi anni, l\u2019Associazione \u00e8 costantemente cresciuta, sia nel numero dei colleghi che hanno aderito e delle Associazioni provinciali e regionali, sia nei &hellip; <a href=\"https:\/\/www.diocesi.pavia.it\/ufficiosalute\/territorio\/attivita\/\" class=\"more-link\">Continue reading <span class=\"screen-reader-text\">Novit\u00e0 e iniziative<\/span> <span class=\"meta-nav\">&raquo;<\/span><\/a><\/p>\n","protected":false},"author":3,"featured_media":0,"parent":672,"menu_order":0,"comment_status":"closed","ping_status":"closed","template":"","meta":{"_acf_changed":false,"ip_address":"","user_agent":"","level":"","revision":"","cookie_id":"","page_referer":"","html_form":"","footnotes":""},"class_list":["post-750","page","type-page","status-publish","hentry"],"acf":[],"yoast_head":"<!-- This site is optimized with the Yoast SEO plugin v27.4 - https:\/\/yoast.com\/product\/yoast-seo-wordpress\/ -->\n<title>Novit\u00e0 e iniziative - Ufficio Salute<\/title>\n<meta name=\"robots\" content=\"index, follow, max-snippet:-1, max-image-preview:large, max-video-preview:-1\" \/>\n<link rel=\"canonical\" href=\"https:\/\/www.diocesi.pavia.it\/ufficiosalute\/territorio\/attivita\/\" \/>\n<meta property=\"og:locale\" content=\"it_IT\" \/>\n<meta property=\"og:type\" content=\"article\" \/>\n<meta property=\"og:title\" content=\"Novit\u00e0 e iniziative - Ufficio Salute\" \/>\n<meta property=\"og:description\" content=\"Farmacisti volontari L\u2019Associazione \u00e8 nata per volont\u00e0 della Federazione degli Ordini nel 2009, all\u2019indomani del terremoto che ha devastato L\u2019Aquila e, da allora, non ha mai fatto mancare il suo supporto alla popolazione nelle catastrofi, purtroppo frequenti, che hanno colpito il paese.. In questi anni, l\u2019Associazione \u00e8 costantemente cresciuta, sia nel numero dei colleghi che hanno aderito e delle Associazioni provinciali e regionali, sia nei &hellip; Continue reading Novit\u00e0 e iniziative &raquo;\" \/>\n<meta property=\"og:url\" content=\"https:\/\/www.diocesi.pavia.it\/ufficiosalute\/territorio\/attivita\/\" \/>\n<meta property=\"og:site_name\" content=\"Ufficio Salute\" \/>\n<meta property=\"article:modified_time\" content=\"2025-05-06T09:27:01+00:00\" \/>\n<meta name=\"twitter:card\" content=\"summary_large_image\" \/>\n<meta name=\"twitter:label1\" content=\"Tempo di lettura stimato\" \/>\n\t<meta name=\"twitter:data1\" content=\"4 minuti\" \/>\n<script type=\"application\/ld+json\" class=\"yoast-schema-graph\">{\"@context\":\"https:\\\/\\\/schema.org\",\"@graph\":[{\"@type\":\"WebPage\",\"@id\":\"https:\\\/\\\/www.diocesi.pavia.it\\\/ufficiosalute\\\/territorio\\\/attivita\\\/\",\"url\":\"https:\\\/\\\/www.diocesi.pavia.it\\\/ufficiosalute\\\/territorio\\\/attivita\\\/\",\"name\":\"Novit\u00e0 e iniziative - Ufficio Salute\",\"isPartOf\":{\"@id\":\"https:\\\/\\\/www.diocesi.pavia.it\\\/ufficiosalute\\\/#website\"},\"datePublished\":\"2025-01-27T16:03:00+00:00\",\"dateModified\":\"2025-05-06T09:27:01+00:00\",\"breadcrumb\":{\"@id\":\"https:\\\/\\\/www.diocesi.pavia.it\\\/ufficiosalute\\\/territorio\\\/attivita\\\/#breadcrumb\"},\"inLanguage\":\"it-IT\",\"potentialAction\":[{\"@type\":\"ReadAction\",\"target\":[\"https:\\\/\\\/www.diocesi.pavia.it\\\/ufficiosalute\\\/territorio\\\/attivita\\\/\"]}]},{\"@type\":\"BreadcrumbList\",\"@id\":\"https:\\\/\\\/www.diocesi.pavia.it\\\/ufficiosalute\\\/territorio\\\/attivita\\\/#breadcrumb\",\"itemListElement\":[{\"@type\":\"ListItem\",\"position\":1,\"name\":\"Home\",\"item\":\"https:\\\/\\\/www.diocesi.pavia.it\\\/ufficiosalute\\\/\"},{\"@type\":\"ListItem\",\"position\":2,\"name\":\"Territorio\",\"item\":\"https:\\\/\\\/www.diocesi.pavia.it\\\/ufficiosalute\\\/territorio\\\/\"},{\"@type\":\"ListItem\",\"position\":3,\"name\":\"Novit\u00e0 e iniziative\"}]},{\"@type\":\"WebSite\",\"@id\":\"https:\\\/\\\/www.diocesi.pavia.it\\\/ufficiosalute\\\/#website\",\"url\":\"https:\\\/\\\/www.diocesi.pavia.it\\\/ufficiosalute\\\/\",\"name\":\"Ufficio Salute\",\"description\":\"Diocesi di Pavia\",\"publisher\":{\"@id\":\"https:\\\/\\\/www.diocesi.pavia.it\\\/ufficiosalute\\\/#organization\"},\"potentialAction\":[{\"@type\":\"SearchAction\",\"target\":{\"@type\":\"EntryPoint\",\"urlTemplate\":\"https:\\\/\\\/www.diocesi.pavia.it\\\/ufficiosalute\\\/?s={search_term_string}\"},\"query-input\":{\"@type\":\"PropertyValueSpecification\",\"valueRequired\":true,\"valueName\":\"search_term_string\"}}],\"inLanguage\":\"it-IT\"},{\"@type\":\"Organization\",\"@id\":\"https:\\\/\\\/www.diocesi.pavia.it\\\/ufficiosalute\\\/#organization\",\"name\":\"Ufficio Salute\",\"url\":\"https:\\\/\\\/www.diocesi.pavia.it\\\/ufficiosalute\\\/\",\"logo\":{\"@type\":\"ImageObject\",\"inLanguage\":\"it-IT\",\"@id\":\"https:\\\/\\\/www.diocesi.pavia.it\\\/ufficiosalute\\\/#\\\/schema\\\/logo\\\/image\\\/\",\"url\":\"https:\\\/\\\/www.diocesi.pavia.it\\\/ufficiosalute\\\/wp-content\\\/uploads\\\/sites\\\/6\\\/2024\\\/12\\\/home_salute.png\",\"contentUrl\":\"https:\\\/\\\/www.diocesi.pavia.it\\\/ufficiosalute\\\/wp-content\\\/uploads\\\/sites\\\/6\\\/2024\\\/12\\\/home_salute.png\",\"width\":446,\"height\":108,\"caption\":\"Ufficio Salute\"},\"image\":{\"@id\":\"https:\\\/\\\/www.diocesi.pavia.it\\\/ufficiosalute\\\/#\\\/schema\\\/logo\\\/image\\\/\"}}]}<\/script>\n<!-- \/ Yoast SEO plugin. -->","yoast_head_json":{"title":"Novit\u00e0 e iniziative - Ufficio Salute","robots":{"index":"index","follow":"follow","max-snippet":"max-snippet:-1","max-image-preview":"max-image-preview:large","max-video-preview":"max-video-preview:-1"},"canonical":"https:\/\/www.diocesi.pavia.it\/ufficiosalute\/territorio\/attivita\/","og_locale":"it_IT","og_type":"article","og_title":"Novit\u00e0 e iniziative - Ufficio Salute","og_description":"Farmacisti volontari L\u2019Associazione \u00e8 nata per volont\u00e0 della Federazione degli Ordini nel 2009, all\u2019indomani del terremoto che ha devastato L\u2019Aquila e, da allora, non ha mai fatto mancare il suo supporto alla popolazione nelle catastrofi, purtroppo frequenti, che hanno colpito il paese.. In questi anni, l\u2019Associazione \u00e8 costantemente cresciuta, sia nel numero dei colleghi che hanno aderito e delle Associazioni provinciali e regionali, sia nei &hellip; Continue reading Novit\u00e0 e iniziative &raquo;","og_url":"https:\/\/www.diocesi.pavia.it\/ufficiosalute\/territorio\/attivita\/","og_site_name":"Ufficio Salute","article_modified_time":"2025-05-06T09:27:01+00:00","twitter_card":"summary_large_image","twitter_misc":{"Tempo di lettura stimato":"4 minuti"},"schema":{"@context":"https:\/\/schema.org","@graph":[{"@type":"WebPage","@id":"https:\/\/www.diocesi.pavia.it\/ufficiosalute\/territorio\/attivita\/","url":"https:\/\/www.diocesi.pavia.it\/ufficiosalute\/territorio\/attivita\/","name":"Novit\u00e0 e iniziative - Ufficio Salute","isPartOf":{"@id":"https:\/\/www.diocesi.pavia.it\/ufficiosalute\/#website"},"datePublished":"2025-01-27T16:03:00+00:00","dateModified":"2025-05-06T09:27:01+00:00","breadcrumb":{"@id":"https:\/\/www.diocesi.pavia.it\/ufficiosalute\/territorio\/attivita\/#breadcrumb"},"inLanguage":"it-IT","potentialAction":[{"@type":"ReadAction","target":["https:\/\/www.diocesi.pavia.it\/ufficiosalute\/territorio\/attivita\/"]}]},{"@type":"BreadcrumbList","@id":"https:\/\/www.diocesi.pavia.it\/ufficiosalute\/territorio\/attivita\/#breadcrumb","itemListElement":[{"@type":"ListItem","position":1,"name":"Home","item":"https:\/\/www.diocesi.pavia.it\/ufficiosalute\/"},{"@type":"ListItem","position":2,"name":"Territorio","item":"https:\/\/www.diocesi.pavia.it\/ufficiosalute\/territorio\/"},{"@type":"ListItem","position":3,"name":"Novit\u00e0 e iniziative"}]},{"@type":"WebSite","@id":"https:\/\/www.diocesi.pavia.it\/ufficiosalute\/#website","url":"https:\/\/www.diocesi.pavia.it\/ufficiosalute\/","name":"Ufficio Salute","description":"Diocesi di Pavia","publisher":{"@id":"https:\/\/www.diocesi.pavia.it\/ufficiosalute\/#organization"},"potentialAction":[{"@type":"SearchAction","target":{"@type":"EntryPoint","urlTemplate":"https:\/\/www.diocesi.pavia.it\/ufficiosalute\/?s={search_term_string}"},"query-input":{"@type":"PropertyValueSpecification","valueRequired":true,"valueName":"search_term_string"}}],"inLanguage":"it-IT"},{"@type":"Organization","@id":"https:\/\/www.diocesi.pavia.it\/ufficiosalute\/#organization","name":"Ufficio Salute","url":"https:\/\/www.diocesi.pavia.it\/ufficiosalute\/","logo":{"@type":"ImageObject","inLanguage":"it-IT","@id":"https:\/\/www.diocesi.pavia.it\/ufficiosalute\/#\/schema\/logo\/image\/","url":"https:\/\/www.diocesi.pavia.it\/ufficiosalute\/wp-content\/uploads\/sites\/6\/2024\/12\/home_salute.png","contentUrl":"https:\/\/www.diocesi.pavia.it\/ufficiosalute\/wp-content\/uploads\/sites\/6\/2024\/12\/home_salute.png","width":446,"height":108,"caption":"Ufficio Salute"},"image":{"@id":"https:\/\/www.diocesi.pavia.it\/ufficiosalute\/#\/schema\/logo\/image\/"}}]}},"_links":{"self":[{"href":"https:\/\/www.diocesi.pavia.it\/ufficiosalute\/wp-json\/wp\/v2\/pages\/750","targetHints":{"allow":["GET"]}}],"collection":[{"href":"https:\/\/www.diocesi.pavia.it\/ufficiosalute\/wp-json\/wp\/v2\/pages"}],"about":[{"href":"https:\/\/www.diocesi.pavia.it\/ufficiosalute\/wp-json\/wp\/v2\/types\/page"}],"author":[{"embeddable":true,"href":"https:\/\/www.diocesi.pavia.it\/ufficiosalute\/wp-json\/wp\/v2\/users\/3"}],"replies":[{"embeddable":true,"href":"https:\/\/www.diocesi.pavia.it\/ufficiosalute\/wp-json\/wp\/v2\/comments?post=750"}],"version-history":[{"count":6,"href":"https:\/\/www.diocesi.pavia.it\/ufficiosalute\/wp-json\/wp\/v2\/pages\/750\/revisions"}],"predecessor-version":[{"id":1387,"href":"https:\/\/www.diocesi.pavia.it\/ufficiosalute\/wp-json\/wp\/v2\/pages\/750\/revisions\/1387"}],"up":[{"embeddable":true,"href":"https:\/\/www.diocesi.pavia.it\/ufficiosalute\/wp-json\/wp\/v2\/pages\/672"}],"wp:attachment":[{"href":"https:\/\/www.diocesi.pavia.it\/ufficiosalute\/wp-json\/wp\/v2\/media?parent=750"}],"curies":[{"name":"wp","href":"https:\/\/api.w.org\/{rel}","templated":true}]}}