{"id":674,"date":"2025-01-21T16:37:04","date_gmt":"2025-01-21T15:37:04","guid":{"rendered":"https:\/\/www.diocesi.pavia.it\/ufficiosalute\/?page_id=674"},"modified":"2025-02-12T14:14:34","modified_gmt":"2025-02-12T13:14:34","slug":"chi-siamo","status":"publish","type":"page","link":"https:\/\/www.diocesi.pavia.it\/ufficiosalute\/chi-siamo\/","title":{"rendered":"Chi siamo"},"content":{"rendered":"<p><strong><em>Direttore:<\/em><\/strong> Bonaventura P. Giacomo 320 2410044 <a href=\"mailto:giacomo.bonaventura@libero.it\">giacomo.bonaventura@libero.it<\/a><br \/>\n<strong><em>Vice direttore:<\/em><\/strong> Sordi Don Gian Paolo 347 0533148 <a href=\"mailto:dongianpaolo.sordi@gmail.com\">dongianpaolo.sordi@gmail.com<\/a><br \/>\n<strong><em>Direttore Consulta Sanit\u00e0:<\/em><\/strong> Ricevuti Prof. Giovanni <a href=\"mailto:giovanni.ricevuti@unipv.it\">giovanni.ricevuti@unipv.it<\/a><br \/>\n<strong><em>Equipe:<\/em><\/strong> diac. Sansica Giovan Battista 366 6448480 <a href=\"mailto:g.sansica@alice.it\">g.sansica@alice.it<\/a><br \/>\nDal Chiele Patrizia <a href=\"mailto:ufficiopastorale@diocesi.pavia.it\">pastoralesanita@diocesi.pavia.it<\/a><\/p>\n<p>&nbsp;<\/p>\n<p><strong>Mission<\/strong><\/p>\n<p><em><strong>La pastorale della salute \u00e8 la presenza e l\u2019azione della Chiesa per recare la luce e la grazia del Signore a coloro che soffrono e a quanti se ne prendono cura. Non viene rivolta solo ai malati, ma anche ai sani, ispirando una cultura pi\u00f9 sensibile alla sofferenza, all\u2019emarginazione e ai valori della vita e della salute.<\/strong><\/em><\/p>\n<p>Alcuni elementi ne evidenziano i capisaldi:<br \/>\n\u2013 \u00e8 continuazione dell\u2019azione sanante di Cristo;<br \/>\n\u2013 \u00e8 finalizzata all\u2019evangelizzazione e alla costruzione del Regno;<br \/>\n\u2013 \u00e8 compito di tutta la comunit\u00e0 cristiana;<br \/>\n\u2013 si svolge mediante la parola e l\u2019azione caritativa in un determinato contesto storico e culturale come risposta alle necessit\u00e0 del mondo della salute.<\/p>\n<p><em><strong>Fondamento della pastorale della salute \u00e8 l\u2019insegnamento evangelico che Ges\u00f9 ha raccontato con la sua vita e nel suo ministero pubblico: <span style=\"font-size: inherit;\">la cura delle persone con le parole e con le guarigioni.<\/span><\/strong><\/em><\/p>\n<p><span style=\"font-size: inherit;\">E i dati biblici mostrano che le guarigioni costituirono una parte fondamentale della missione di Cristo.<\/span><\/p>\n<p>Questa eredit\u00e0, il Signore Ges\u00f9 l\u2019ha affidata ai suoi apostoli: \u201c<em>Chiamati a s\u00e9 i dodici diede loro il potere di scacciare gli spiriti immondi e di guarire ogni sorte di malattia e di infermit\u00e0<\/em>\u201d (Mt. 10,1). L\u2019originalit\u00e0 di questo testo evangelico \u00e8 la sottolineatura del carattere simmetrico della missione di Cristo e di quella dei suoi discepoli: come Ges\u00f9 ha detto e fatto, cos\u00ec tutti i suoi discepoli sono chiamati a dire e a fare, proseguendo e attualizzando la sua missione di salvezza.<\/p>\n<p>Nel corso della storia, l\u2019opera di soccorso e di sollecitudine verso i sofferenti e le vittime delle molte povert\u00e0 cresce nella Chiesa di pari passo con il diffondersi dell\u2019annuncio evangelico, assumendo sempre pi\u00f9 importanza. E per rispondere in modo soddisfacente ai bisogni dei molti \u2018fragili\u2019, assume una configurazione operativa ed organizzativa, facendo sorgere innumerevoli istituzioni socio-sanitarie nelle aree pi\u00f9 difficili e pi\u00f9 problematiche della societ\u00e0. Inoltre, eminenti figure di santi contribuirono a far s\u00ec che l\u2019aspetto caritatevole s\u2019integrasse con quello terapeutico, affinch\u00e9 coloro che assistevano i malati affinassero i loro requisiti professionali pur conservando quelli umani e religiosi.<\/p>\n<p>La pastorale della salute \u00e8 dunque la risposta evangelizzante che la Chiesa, sacramento di salvezza, offre a chi \u00e8 malato o disabile e a coloro che, in vari modi, se ne prendono cura.<br \/>\nPer raggiungere questi obiettivi sono insufficienti i documenti del Magistero, la buona volont\u00e0 di pochi \u201caddetti ai lavori\u201d (cappellani, religiosi\/e, operatori pastorali\u2026), i centri accademici di formazione. E\u2019 urgente che l\u2019impegno sia assunto da tutta la comunit\u00e0 cristiana nella variet\u00e0 dei suoi membri. Ogni battezzato deve percepire ed attuare il comando di Ges\u00f9: \u201cannunciate il regno di Dio e curate i malati\u201d (Lc. 9, 2).<\/p>\n<p><em><strong>Dentro questo progetto, il servizio di pastorale della salute della Diocesi di Pavia si mette a disposizione delle comunit\u00e0 parrocchiali, delle istituzioni sanitarie e assistenziali, e di tutti quei luoghi dove \u00e8 in gioco la salute per sostenere, animare e promuovere iniziative significative per la societ\u00e0 e cultura odierna.<\/strong><\/em><\/p>\n<p>Le sfide di tale compito sono innumerevoli. Le diverse sezioni tematiche di questo sito vogliono orientare al vasto e complesso mondo della salute, della sua cura sanitaria e pastorale, della testimonianza evangelica che evoca e porta in s\u00e9.<\/p>\n","protected":false},"excerpt":{"rendered":"<p>Direttore: Bonaventura P. Giacomo 320 2410044 giacomo.bonaventura@libero.it Vice direttore: Sordi Don Gian Paolo 347 0533148 dongianpaolo.sordi@gmail.com Direttore Consulta Sanit\u00e0: Ricevuti Prof. Giovanni giovanni.ricevuti@unipv.it Equipe: diac. Sansica Giovan Battista 366 6448480 g.sansica@alice.it Dal Chiele Patrizia pastoralesanita@diocesi.pavia.it &nbsp; Mission La pastorale della salute \u00e8 la presenza e l\u2019azione della Chiesa per recare la luce e la grazia del Signore a coloro che soffrono e a quanti se &hellip; <a href=\"https:\/\/www.diocesi.pavia.it\/ufficiosalute\/chi-siamo\/\" class=\"more-link\">Continua a leggere <span class=\"screen-reader-text\">Chi siamo<\/span> <span class=\"meta-nav\">&raquo;<\/span><\/a><\/p>\n","protected":false},"author":3,"featured_media":0,"parent":0,"menu_order":0,"comment_status":"closed","ping_status":"closed","template":"","meta":{"ip_address":"","user_agent":"","level":"","revision":"","cookie_id":"","page_referer":"","html_form":""},"acf":[],"yoast_head":"<!-- This site is optimized with the Yoast SEO plugin v20.2.1 - https:\/\/yoast.com\/wordpress\/plugins\/seo\/ -->\n<title>Chi siamo - Ufficio Salute<\/title>\n<meta name=\"robots\" content=\"index, follow, max-snippet:-1, max-image-preview:large, max-video-preview:-1\" \/>\n<link rel=\"canonical\" href=\"https:\/\/www.diocesi.pavia.it\/ufficiosalute\/chi-siamo\/\" \/>\n<meta property=\"og:locale\" content=\"it_IT\" \/>\n<meta property=\"og:type\" content=\"article\" \/>\n<meta property=\"og:title\" content=\"Chi siamo - Ufficio Salute\" \/>\n<meta property=\"og:description\" content=\"Direttore: Bonaventura P. Giacomo 320 2410044 giacomo.bonaventura@libero.it Vice direttore: Sordi Don Gian Paolo 347 0533148 dongianpaolo.sordi@gmail.com Direttore Consulta Sanit\u00e0: Ricevuti Prof. Giovanni giovanni.ricevuti@unipv.it Equipe: diac. Sansica Giovan Battista 366 6448480 g.sansica@alice.it Dal Chiele Patrizia pastoralesanita@diocesi.pavia.it &nbsp; Mission La pastorale della salute \u00e8 la presenza e l\u2019azione della Chiesa per recare la luce e la grazia del Signore a coloro che soffrono e a quanti se &hellip; Continua a leggere Chi siamo &raquo;\" \/>\n<meta property=\"og:url\" content=\"https:\/\/www.diocesi.pavia.it\/ufficiosalute\/chi-siamo\/\" \/>\n<meta property=\"og:site_name\" content=\"Ufficio Salute\" \/>\n<meta property=\"article:modified_time\" content=\"2025-02-12T13:14:34+00:00\" \/>\n<meta name=\"twitter:card\" content=\"summary_large_image\" \/>\n<meta name=\"twitter:label1\" content=\"Tempo di lettura stimato\" \/>\n\t<meta name=\"twitter:data1\" content=\"3 minuti\" \/>\n<script type=\"application\/ld+json\" class=\"yoast-schema-graph\">{\"@context\":\"https:\/\/schema.org\",\"@graph\":[{\"@type\":\"WebPage\",\"@id\":\"https:\/\/www.diocesi.pavia.it\/ufficiosalute\/chi-siamo\/\",\"url\":\"https:\/\/www.diocesi.pavia.it\/ufficiosalute\/chi-siamo\/\",\"name\":\"Chi siamo - Ufficio Salute\",\"isPartOf\":{\"@id\":\"https:\/\/www.diocesi.pavia.it\/ufficiosalute\/#website\"},\"datePublished\":\"2025-01-21T15:37:04+00:00\",\"dateModified\":\"2025-02-12T13:14:34+00:00\",\"breadcrumb\":{\"@id\":\"https:\/\/www.diocesi.pavia.it\/ufficiosalute\/chi-siamo\/#breadcrumb\"},\"inLanguage\":\"it-IT\",\"potentialAction\":[{\"@type\":\"ReadAction\",\"target\":[\"https:\/\/www.diocesi.pavia.it\/ufficiosalute\/chi-siamo\/\"]}]},{\"@type\":\"BreadcrumbList\",\"@id\":\"https:\/\/www.diocesi.pavia.it\/ufficiosalute\/chi-siamo\/#breadcrumb\",\"itemListElement\":[{\"@type\":\"ListItem\",\"position\":1,\"name\":\"Home\",\"item\":\"https:\/\/www.diocesi.pavia.it\/ufficiosalute\/\"},{\"@type\":\"ListItem\",\"position\":2,\"name\":\"Chi siamo\"}]},{\"@type\":\"WebSite\",\"@id\":\"https:\/\/www.diocesi.pavia.it\/ufficiosalute\/#website\",\"url\":\"https:\/\/www.diocesi.pavia.it\/ufficiosalute\/\",\"name\":\"Ufficio Salute\",\"description\":\"Diocesi di Pavia\",\"publisher\":{\"@id\":\"https:\/\/www.diocesi.pavia.it\/ufficiosalute\/#organization\"},\"potentialAction\":[{\"@type\":\"SearchAction\",\"target\":{\"@type\":\"EntryPoint\",\"urlTemplate\":\"https:\/\/www.diocesi.pavia.it\/ufficiosalute\/?s={search_term_string}\"},\"query-input\":\"required name=search_term_string\"}],\"inLanguage\":\"it-IT\"},{\"@type\":\"Organization\",\"@id\":\"https:\/\/www.diocesi.pavia.it\/ufficiosalute\/#organization\",\"name\":\"Ufficio Salute\",\"url\":\"https:\/\/www.diocesi.pavia.it\/ufficiosalute\/\",\"logo\":{\"@type\":\"ImageObject\",\"inLanguage\":\"it-IT\",\"@id\":\"https:\/\/www.diocesi.pavia.it\/ufficiosalute\/#\/schema\/logo\/image\/\",\"url\":\"https:\/\/www.diocesi.pavia.it\/ufficiosalute\/wp-content\/uploads\/sites\/6\/2024\/12\/home_salute.png\",\"contentUrl\":\"https:\/\/www.diocesi.pavia.it\/ufficiosalute\/wp-content\/uploads\/sites\/6\/2024\/12\/home_salute.png\",\"width\":446,\"height\":108,\"caption\":\"Ufficio Salute\"},\"image\":{\"@id\":\"https:\/\/www.diocesi.pavia.it\/ufficiosalute\/#\/schema\/logo\/image\/\"}}]}<\/script>\n<!-- \/ Yoast SEO plugin. -->","yoast_head_json":{"title":"Chi siamo - Ufficio Salute","robots":{"index":"index","follow":"follow","max-snippet":"max-snippet:-1","max-image-preview":"max-image-preview:large","max-video-preview":"max-video-preview:-1"},"canonical":"https:\/\/www.diocesi.pavia.it\/ufficiosalute\/chi-siamo\/","og_locale":"it_IT","og_type":"article","og_title":"Chi siamo - Ufficio Salute","og_description":"Direttore: Bonaventura P. Giacomo 320 2410044 giacomo.bonaventura@libero.it Vice direttore: Sordi Don Gian Paolo 347 0533148 dongianpaolo.sordi@gmail.com Direttore Consulta Sanit\u00e0: Ricevuti Prof. Giovanni giovanni.ricevuti@unipv.it Equipe: diac. Sansica Giovan Battista 366 6448480 g.sansica@alice.it Dal Chiele Patrizia pastoralesanita@diocesi.pavia.it &nbsp; Mission La pastorale della salute \u00e8 la presenza e l\u2019azione della Chiesa per recare la luce e la grazia del Signore a coloro che soffrono e a quanti se &hellip; Continua a leggere Chi siamo &raquo;","og_url":"https:\/\/www.diocesi.pavia.it\/ufficiosalute\/chi-siamo\/","og_site_name":"Ufficio Salute","article_modified_time":"2025-02-12T13:14:34+00:00","twitter_card":"summary_large_image","twitter_misc":{"Tempo di lettura stimato":"3 minuti"},"schema":{"@context":"https:\/\/schema.org","@graph":[{"@type":"WebPage","@id":"https:\/\/www.diocesi.pavia.it\/ufficiosalute\/chi-siamo\/","url":"https:\/\/www.diocesi.pavia.it\/ufficiosalute\/chi-siamo\/","name":"Chi siamo - Ufficio Salute","isPartOf":{"@id":"https:\/\/www.diocesi.pavia.it\/ufficiosalute\/#website"},"datePublished":"2025-01-21T15:37:04+00:00","dateModified":"2025-02-12T13:14:34+00:00","breadcrumb":{"@id":"https:\/\/www.diocesi.pavia.it\/ufficiosalute\/chi-siamo\/#breadcrumb"},"inLanguage":"it-IT","potentialAction":[{"@type":"ReadAction","target":["https:\/\/www.diocesi.pavia.it\/ufficiosalute\/chi-siamo\/"]}]},{"@type":"BreadcrumbList","@id":"https:\/\/www.diocesi.pavia.it\/ufficiosalute\/chi-siamo\/#breadcrumb","itemListElement":[{"@type":"ListItem","position":1,"name":"Home","item":"https:\/\/www.diocesi.pavia.it\/ufficiosalute\/"},{"@type":"ListItem","position":2,"name":"Chi siamo"}]},{"@type":"WebSite","@id":"https:\/\/www.diocesi.pavia.it\/ufficiosalute\/#website","url":"https:\/\/www.diocesi.pavia.it\/ufficiosalute\/","name":"Ufficio Salute","description":"Diocesi di Pavia","publisher":{"@id":"https:\/\/www.diocesi.pavia.it\/ufficiosalute\/#organization"},"potentialAction":[{"@type":"SearchAction","target":{"@type":"EntryPoint","urlTemplate":"https:\/\/www.diocesi.pavia.it\/ufficiosalute\/?s={search_term_string}"},"query-input":"required name=search_term_string"}],"inLanguage":"it-IT"},{"@type":"Organization","@id":"https:\/\/www.diocesi.pavia.it\/ufficiosalute\/#organization","name":"Ufficio Salute","url":"https:\/\/www.diocesi.pavia.it\/ufficiosalute\/","logo":{"@type":"ImageObject","inLanguage":"it-IT","@id":"https:\/\/www.diocesi.pavia.it\/ufficiosalute\/#\/schema\/logo\/image\/","url":"https:\/\/www.diocesi.pavia.it\/ufficiosalute\/wp-content\/uploads\/sites\/6\/2024\/12\/home_salute.png","contentUrl":"https:\/\/www.diocesi.pavia.it\/ufficiosalute\/wp-content\/uploads\/sites\/6\/2024\/12\/home_salute.png","width":446,"height":108,"caption":"Ufficio Salute"},"image":{"@id":"https:\/\/www.diocesi.pavia.it\/ufficiosalute\/#\/schema\/logo\/image\/"}}]}},"_links":{"self":[{"href":"https:\/\/www.diocesi.pavia.it\/ufficiosalute\/wp-json\/wp\/v2\/pages\/674"}],"collection":[{"href":"https:\/\/www.diocesi.pavia.it\/ufficiosalute\/wp-json\/wp\/v2\/pages"}],"about":[{"href":"https:\/\/www.diocesi.pavia.it\/ufficiosalute\/wp-json\/wp\/v2\/types\/page"}],"author":[{"embeddable":true,"href":"https:\/\/www.diocesi.pavia.it\/ufficiosalute\/wp-json\/wp\/v2\/users\/3"}],"replies":[{"embeddable":true,"href":"https:\/\/www.diocesi.pavia.it\/ufficiosalute\/wp-json\/wp\/v2\/comments?post=674"}],"version-history":[{"count":10,"href":"https:\/\/www.diocesi.pavia.it\/ufficiosalute\/wp-json\/wp\/v2\/pages\/674\/revisions"}],"predecessor-version":[{"id":999,"href":"https:\/\/www.diocesi.pavia.it\/ufficiosalute\/wp-json\/wp\/v2\/pages\/674\/revisions\/999"}],"wp:attachment":[{"href":"https:\/\/www.diocesi.pavia.it\/ufficiosalute\/wp-json\/wp\/v2\/media?parent=674"}],"curies":[{"name":"wp","href":"https:\/\/api.w.org\/{rel}","templated":true}]}}