{"id":673,"date":"2025-01-21T16:37:04","date_gmt":"2025-01-21T15:37:04","guid":{"rendered":"https:\/\/www.diocesi.pavia.it\/ufficiosalute\/?page_id=673"},"modified":"2025-02-17T08:45:41","modified_gmt":"2025-02-17T07:45:41","slug":"testimonianze","status":"publish","type":"page","link":"https:\/\/www.diocesi.pavia.it\/ufficiosalute\/testimonianze\/","title":{"rendered":"Testimonianze"},"content":{"rendered":"<p>Esperienze significative in Diocesi nel campo della salute e della cura, iniziative di vicinanza e di collaborazione, vite spese a servizio dei pi\u00f9 deboli.<\/p>\n<p>Tutto ci\u00f2 che scalda il cuore e apre la mente e ti rimanda al Dio di Ges\u00f9 Cristo\u2026<\/p>\n<p><strong>La vicinanza all&#8217;umano soffrire che alimenta e diffonde la fiducia di Dio<\/strong>.<\/p>\n","protected":false},"excerpt":{"rendered":"<p>Esperienze significative in Diocesi nel campo della salute e della cura, iniziative di vicinanza e di collaborazione, vite spese a servizio dei pi\u00f9 deboli. Tutto ci\u00f2 che scalda il cuore e apre la mente e ti rimanda al Dio di Ges\u00f9 Cristo\u2026 La vicinanza all&#8217;umano soffrire che alimenta e diffonde la fiducia di Dio.<\/p>\n","protected":false},"author":3,"featured_media":0,"parent":0,"menu_order":0,"comment_status":"closed","ping_status":"closed","template":"","meta":{"ip_address":"","user_agent":"","level":"","revision":"","cookie_id":"","page_referer":"","html_form":""},"acf":[],"yoast_head":"<!-- This site is optimized with the Yoast SEO plugin v20.2.1 - https:\/\/yoast.com\/wordpress\/plugins\/seo\/ -->\n<title>Testimonianze - Ufficio Salute<\/title>\n<meta name=\"robots\" content=\"index, follow, max-snippet:-1, max-image-preview:large, max-video-preview:-1\" \/>\n<link rel=\"canonical\" href=\"https:\/\/www.diocesi.pavia.it\/ufficiosalute\/testimonianze\/\" \/>\n<meta property=\"og:locale\" content=\"it_IT\" \/>\n<meta property=\"og:type\" content=\"article\" \/>\n<meta property=\"og:title\" content=\"Testimonianze - Ufficio Salute\" \/>\n<meta property=\"og:description\" content=\"Esperienze significative in Diocesi nel campo della salute e della cura, iniziative di vicinanza e di collaborazione, vite spese a servizio dei pi\u00f9 deboli. Tutto ci\u00f2 che scalda il cuore e apre la mente e ti rimanda al Dio di Ges\u00f9 Cristo\u2026 La vicinanza all&#8217;umano soffrire che alimenta e diffonde la fiducia di Dio.\" \/>\n<meta property=\"og:url\" content=\"https:\/\/www.diocesi.pavia.it\/ufficiosalute\/testimonianze\/\" \/>\n<meta property=\"og:site_name\" content=\"Ufficio Salute\" \/>\n<meta property=\"article:modified_time\" content=\"2025-02-17T07:45:41+00:00\" \/>\n<meta name=\"twitter:card\" content=\"summary_large_image\" \/>\n<meta name=\"twitter:label1\" content=\"Tempo di lettura stimato\" \/>\n\t<meta name=\"twitter:data1\" content=\"1 minuto\" \/>\n<script type=\"application\/ld+json\" class=\"yoast-schema-graph\">{\"@context\":\"https:\/\/schema.org\",\"@graph\":[{\"@type\":\"WebPage\",\"@id\":\"https:\/\/www.diocesi.pavia.it\/ufficiosalute\/testimonianze\/\",\"url\":\"https:\/\/www.diocesi.pavia.it\/ufficiosalute\/testimonianze\/\",\"name\":\"Testimonianze - Ufficio Salute\",\"isPartOf\":{\"@id\":\"https:\/\/www.diocesi.pavia.it\/ufficiosalute\/#website\"},\"datePublished\":\"2025-01-21T15:37:04+00:00\",\"dateModified\":\"2025-02-17T07:45:41+00:00\",\"breadcrumb\":{\"@id\":\"https:\/\/www.diocesi.pavia.it\/ufficiosalute\/testimonianze\/#breadcrumb\"},\"inLanguage\":\"it-IT\",\"potentialAction\":[{\"@type\":\"ReadAction\",\"target\":[\"https:\/\/www.diocesi.pavia.it\/ufficiosalute\/testimonianze\/\"]}]},{\"@type\":\"BreadcrumbList\",\"@id\":\"https:\/\/www.diocesi.pavia.it\/ufficiosalute\/testimonianze\/#breadcrumb\",\"itemListElement\":[{\"@type\":\"ListItem\",\"position\":1,\"name\":\"Home\",\"item\":\"https:\/\/www.diocesi.pavia.it\/ufficiosalute\/\"},{\"@type\":\"ListItem\",\"position\":2,\"name\":\"Testimonianze\"}]},{\"@type\":\"WebSite\",\"@id\":\"https:\/\/www.diocesi.pavia.it\/ufficiosalute\/#website\",\"url\":\"https:\/\/www.diocesi.pavia.it\/ufficiosalute\/\",\"name\":\"Ufficio Salute\",\"description\":\"Diocesi di Pavia\",\"publisher\":{\"@id\":\"https:\/\/www.diocesi.pavia.it\/ufficiosalute\/#organization\"},\"potentialAction\":[{\"@type\":\"SearchAction\",\"target\":{\"@type\":\"EntryPoint\",\"urlTemplate\":\"https:\/\/www.diocesi.pavia.it\/ufficiosalute\/?s={search_term_string}\"},\"query-input\":\"required name=search_term_string\"}],\"inLanguage\":\"it-IT\"},{\"@type\":\"Organization\",\"@id\":\"https:\/\/www.diocesi.pavia.it\/ufficiosalute\/#organization\",\"name\":\"Ufficio Salute\",\"url\":\"https:\/\/www.diocesi.pavia.it\/ufficiosalute\/\",\"logo\":{\"@type\":\"ImageObject\",\"inLanguage\":\"it-IT\",\"@id\":\"https:\/\/www.diocesi.pavia.it\/ufficiosalute\/#\/schema\/logo\/image\/\",\"url\":\"https:\/\/www.diocesi.pavia.it\/ufficiosalute\/wp-content\/uploads\/sites\/6\/2024\/12\/home_salute.png\",\"contentUrl\":\"https:\/\/www.diocesi.pavia.it\/ufficiosalute\/wp-content\/uploads\/sites\/6\/2024\/12\/home_salute.png\",\"width\":446,\"height\":108,\"caption\":\"Ufficio Salute\"},\"image\":{\"@id\":\"https:\/\/www.diocesi.pavia.it\/ufficiosalute\/#\/schema\/logo\/image\/\"}}]}<\/script>\n<!-- \/ Yoast SEO plugin. -->","yoast_head_json":{"title":"Testimonianze - Ufficio Salute","robots":{"index":"index","follow":"follow","max-snippet":"max-snippet:-1","max-image-preview":"max-image-preview:large","max-video-preview":"max-video-preview:-1"},"canonical":"https:\/\/www.diocesi.pavia.it\/ufficiosalute\/testimonianze\/","og_locale":"it_IT","og_type":"article","og_title":"Testimonianze - Ufficio Salute","og_description":"Esperienze significative in Diocesi nel campo della salute e della cura, iniziative di vicinanza e di collaborazione, vite spese a servizio dei pi\u00f9 deboli. Tutto ci\u00f2 che scalda il cuore e apre la mente e ti rimanda al Dio di Ges\u00f9 Cristo\u2026 La vicinanza all&#8217;umano soffrire che alimenta e diffonde la fiducia di Dio.","og_url":"https:\/\/www.diocesi.pavia.it\/ufficiosalute\/testimonianze\/","og_site_name":"Ufficio Salute","article_modified_time":"2025-02-17T07:45:41+00:00","twitter_card":"summary_large_image","twitter_misc":{"Tempo di lettura stimato":"1 minuto"},"schema":{"@context":"https:\/\/schema.org","@graph":[{"@type":"WebPage","@id":"https:\/\/www.diocesi.pavia.it\/ufficiosalute\/testimonianze\/","url":"https:\/\/www.diocesi.pavia.it\/ufficiosalute\/testimonianze\/","name":"Testimonianze - Ufficio Salute","isPartOf":{"@id":"https:\/\/www.diocesi.pavia.it\/ufficiosalute\/#website"},"datePublished":"2025-01-21T15:37:04+00:00","dateModified":"2025-02-17T07:45:41+00:00","breadcrumb":{"@id":"https:\/\/www.diocesi.pavia.it\/ufficiosalute\/testimonianze\/#breadcrumb"},"inLanguage":"it-IT","potentialAction":[{"@type":"ReadAction","target":["https:\/\/www.diocesi.pavia.it\/ufficiosalute\/testimonianze\/"]}]},{"@type":"BreadcrumbList","@id":"https:\/\/www.diocesi.pavia.it\/ufficiosalute\/testimonianze\/#breadcrumb","itemListElement":[{"@type":"ListItem","position":1,"name":"Home","item":"https:\/\/www.diocesi.pavia.it\/ufficiosalute\/"},{"@type":"ListItem","position":2,"name":"Testimonianze"}]},{"@type":"WebSite","@id":"https:\/\/www.diocesi.pavia.it\/ufficiosalute\/#website","url":"https:\/\/www.diocesi.pavia.it\/ufficiosalute\/","name":"Ufficio Salute","description":"Diocesi di Pavia","publisher":{"@id":"https:\/\/www.diocesi.pavia.it\/ufficiosalute\/#organization"},"potentialAction":[{"@type":"SearchAction","target":{"@type":"EntryPoint","urlTemplate":"https:\/\/www.diocesi.pavia.it\/ufficiosalute\/?s={search_term_string}"},"query-input":"required name=search_term_string"}],"inLanguage":"it-IT"},{"@type":"Organization","@id":"https:\/\/www.diocesi.pavia.it\/ufficiosalute\/#organization","name":"Ufficio Salute","url":"https:\/\/www.diocesi.pavia.it\/ufficiosalute\/","logo":{"@type":"ImageObject","inLanguage":"it-IT","@id":"https:\/\/www.diocesi.pavia.it\/ufficiosalute\/#\/schema\/logo\/image\/","url":"https:\/\/www.diocesi.pavia.it\/ufficiosalute\/wp-content\/uploads\/sites\/6\/2024\/12\/home_salute.png","contentUrl":"https:\/\/www.diocesi.pavia.it\/ufficiosalute\/wp-content\/uploads\/sites\/6\/2024\/12\/home_salute.png","width":446,"height":108,"caption":"Ufficio Salute"},"image":{"@id":"https:\/\/www.diocesi.pavia.it\/ufficiosalute\/#\/schema\/logo\/image\/"}}]}},"_links":{"self":[{"href":"https:\/\/www.diocesi.pavia.it\/ufficiosalute\/wp-json\/wp\/v2\/pages\/673"}],"collection":[{"href":"https:\/\/www.diocesi.pavia.it\/ufficiosalute\/wp-json\/wp\/v2\/pages"}],"about":[{"href":"https:\/\/www.diocesi.pavia.it\/ufficiosalute\/wp-json\/wp\/v2\/types\/page"}],"author":[{"embeddable":true,"href":"https:\/\/www.diocesi.pavia.it\/ufficiosalute\/wp-json\/wp\/v2\/users\/3"}],"replies":[{"embeddable":true,"href":"https:\/\/www.diocesi.pavia.it\/ufficiosalute\/wp-json\/wp\/v2\/comments?post=673"}],"version-history":[{"count":2,"href":"https:\/\/www.diocesi.pavia.it\/ufficiosalute\/wp-json\/wp\/v2\/pages\/673\/revisions"}],"predecessor-version":[{"id":1020,"href":"https:\/\/www.diocesi.pavia.it\/ufficiosalute\/wp-json\/wp\/v2\/pages\/673\/revisions\/1020"}],"wp:attachment":[{"href":"https:\/\/www.diocesi.pavia.it\/ufficiosalute\/wp-json\/wp\/v2\/media?parent=673"}],"curies":[{"name":"wp","href":"https:\/\/api.w.org\/{rel}","templated":true}]}}