{"id":1333,"date":"2025-05-01T10:14:16","date_gmt":"2025-05-01T08:14:16","guid":{"rendered":"https:\/\/www.diocesi.pavia.it\/ufficiosalute\/?page_id=1333"},"modified":"2025-05-09T11:28:15","modified_gmt":"2025-05-09T09:28:15","slug":"san-riccardo-pampuri-2-agosto-1897-1-maggio-1030","status":"publish","type":"page","link":"https:\/\/www.diocesi.pavia.it\/ufficiosalute\/san-riccardo-pampuri-2-agosto-1897-1-maggio-1030\/","title":{"rendered":"San Riccardo Pampuri"},"content":{"rendered":"<p>San Riccardo Pampuri, di cui ricorre la festa il 1\u00b0 maggio, \u00e8 un medico canonizzato dalla Chiesa nello scorso secolo. Nell&#8217;anno in cui egli entrava a far parte dell&#8217;ordine dei Fatebenefratelli moriva San Giuseppe Moscati, canonizzato da San Giovanni Paolo II nel 1087 [vedi qui la scheda su San Giuseppe Moscati].<\/p>\n<p>Dice di lui Don Luigi Giussani,\u00a0 nella nota introduttiva al libro &#8220;Fra Riccardo Pampuri&#8221; di Rino Cammilleri:<\/p>\n<p>\u201cErminio Pampuri era un piccolo medico condotto. All\u2019inizio del secolo si fece frate Riccardo \u2026. perch\u00e8 voleva diventare santo. Santo. C&#8217;\u00e8 un modo di intendere questa parola che la identifica con una sorta di eccezionalit\u00e0 strana, quasi una stravaganza legata a particolari doti di carattere e di coerenza etica. Ma noi sappiamo che <strong>la\u00a0 santit\u00e0 nella vita della Chiesa \u00e8 la \u201cstoffa\u201d della vita di fede<\/strong>. \u2026 San Riccardo ci offre\u00a0 un esempio eclatante di questa grande verit\u00e0: egli fu uomo vero perch\u00e9 ader\u00ec con semplicit\u00e0 e sincerit\u00e0 a una Presenza familiare. Non \u00e8 diventato grande per essersi impegnato in un grintoso affronto della realt\u00e0, inevitabilmente destinato a delusione\u2026Egli \u00e8 per noi una testimonianza solare di quanto San Paolo dice di se stesso: \u201cPur vivendo nella carne io vivo nella fede del Figlio di Dio\u201d (Col 2,21)\u2026. San Riccardo fu tutto determinato \u2013 sentimento, pensiero e azione \u2013 dall\u2019amore per cui Cristo si \u00e8 fatto uomo\u2026. Da quando lo abbiamo conosciuto qualche anno fa attraverso il racconto stupefatto di chi ne ha avuto beneficio nel corpo e nello spirito, <strong>San Riccardo \u00e9 per noi la testimonianza mirabile che la santit\u00e0 come ideale di umanit\u00e0 \u00e8 alla portata di tutti\u201d<\/strong><\/p>\n<p><img loading=\"lazy\" decoding=\"async\" class=\"alignnone size-medium wp-image-1334\" src=\"https:\/\/www.diocesi.pavia.it\/ufficiosalute\/wp-content\/uploads\/sites\/6\/2025\/05\/pampuri-201x300.jpg\" alt=\"\" width=\"201\" height=\"300\" srcset=\"https:\/\/www.diocesi.pavia.it\/ufficiosalute\/wp-content\/uploads\/sites\/6\/2025\/05\/pampuri-201x300.jpg 201w, https:\/\/www.diocesi.pavia.it\/ufficiosalute\/wp-content\/uploads\/sites\/6\/2025\/05\/pampuri.jpg 479w\" sizes=\"auto, (max-width: 201px) 100vw, 201px\" \/><\/p>\n<p>Erminio Filippo Pampuri, nato a Trivolzio (PV), laureato in medicina e chirurgia a Pavia, eroe\u00a0 nella prima guerra mondiale<span style=\"font-size: inherit;\"> (medaglia di bronzo), medico condotto a Morimondo nella campagna pavese, divenuto frate, Fra Riccardo, e sacerdote poco prima di morire a soli 33 anni, \u00e8 una figura di riferimento per tutta la comunit\u00e0 cristiana e in particolare per la nostra diocesi, di Pavia,\u00a0 ma anche un &#8220;faro&#8221; per chiunque cerchi nella professione medica un modello di santit\u00e0 accessibile e raggiungibile nella quotidianit\u00e0 del lavoro e\u00a0 della vita.<\/span><\/p>\n<p>Di lui \u00e8 stato scritto molto ed \u00e8 possibile trovare sul web molto materiale, anche preziosi filmati d&#8217;epoca, utili a conoscerne la storia biografica e a comprendere il difficile momento storico e culturale in cui visse e oper\u00f2 questo nostro grande santo. Segnaliamo alcuni approfondimenti tra i tanti che ci sono sembrati particolarmente significativi:<\/p>\n<p>Dicastero delle cause dei santi:\u00a0<a href=\"https:\/\/www.causesanti.va\/it\/santi-e-beati\/riccardo-pampuri.html\">Riccardo Pampuri<\/a><\/p>\n<p>Docufilm &#8220;Viaggio nella vita di san Riccardo&#8221;\u00a0<a href=\"https:\/\/www.youtube.com\/watch?v=6BVmBG7orxk\">Viaggio nella vita di san Riccardo<\/a><\/p>\n<p>E ancora tra questi la storia del miracolo che valse la canonizzazione a San Riccardo, raccontata da Manuel Cifuentes, l&#8217;uomo che fu protagonista della vicenda\u00a0 quando aveva solo 10 anni\u00a0 \u00a0 <a href=\"https:\/\/compagniadeiglobulirossi.org\/blog\/2024\/01\/sono-manuel-il-miracolato-dal-pampuri\/\">St. Richard Pampuri University \u00bb SONO MANUEL IL MIRACOLATO DAL PAMPURI<\/a><\/p>\n<p>Citiamo l&#8217;interessantissimo convegno della Pastorale diocesana della Salute dal titolo &#8220;San Riccardo Pampuri tra scienza e fede&#8221; , svoltosi il 24 ottobre 2023 in occasione dell&#8217;apertura dell&#8217;anno pastorale 2023-2024, al quale parteciparono Monsignor Luigi Pedrini, Vicario vescovile, uno tra i pi\u00f9 importanti biografi di San Riccardo, e il Prof. Paolo\u00a0 Mazzarello, docente di Storia della Medicina presso l&#8217;Universit\u00e0 di Pavia, esperto dell&#8217;ambiente culturale e scientifico nel quale San Riccardo effettu\u00f2 i suoi studi universitari.<\/p>\n<p>Vedi locandina: <a href=\"https:\/\/www.diocesi.pavia.it\/ufficiosalute\/wp-content\/uploads\/sites\/6\/2025\/05\/Locandina-convegno-Pampuri.pdf\">Locandina convegno Pampuri<\/a><\/p>\n<p><em><strong>Leggi intervento di Mons. Pedrini: <a href=\"https:\/\/www.diocesi.pavia.it\/ufficiosalute\/wp-content\/uploads\/sites\/6\/2025\/05\/San-Riccardo-Pampuri.pdf\">San Riccardo Pampuri<\/a><\/strong><\/em><\/p>\n<p>&nbsp;<\/p>\n<p>Il corpo di San Riccardo \u00e8 conservato a Trivolzio nella parrocchia dei Santi Cornelio e Cipriano ed \u00e8 meta di pellegrinaggi da tutto il mondo.<\/p>\n<p><img loading=\"lazy\" decoding=\"async\" class=\"alignnone size-medium wp-image-1348\" src=\"https:\/\/www.diocesi.pavia.it\/ufficiosalute\/wp-content\/uploads\/sites\/6\/2025\/05\/IMG-20250501-WA0057-300x225.jpg\" alt=\"\" width=\"300\" height=\"225\" srcset=\"https:\/\/www.diocesi.pavia.it\/ufficiosalute\/wp-content\/uploads\/sites\/6\/2025\/05\/IMG-20250501-WA0057-300x225.jpg 300w, https:\/\/www.diocesi.pavia.it\/ufficiosalute\/wp-content\/uploads\/sites\/6\/2025\/05\/IMG-20250501-WA0057-600x450.jpg 600w, https:\/\/www.diocesi.pavia.it\/ufficiosalute\/wp-content\/uploads\/sites\/6\/2025\/05\/IMG-20250501-WA0057.jpg 720w\" sizes=\"auto, (max-width: 300px) 100vw, 300px\" \/><\/p>\n<p>Tra i luoghi di culto in cui \u00e8 venerato San Riccardo ricordiamo la Iglesia de la Pur\u00edsima Concepci\u00f3n, ad Alcadozo, nella provincia spagnola di Albacete, dove vive Manuel Cifuentes, e dove ogni anno la statua di san Riccardo viene portata in processione tra le vie della citt\u00e0.<\/p>\n<p>Condividiamo le immagini inviatesi oggi 1 maggio 2025 da Manuel durante i preparativi per la processione per condividere\u00a0 con noi un momento di devozione e ringraziamento verso questo Santo straordinario.<\/p>\n<p><img loading=\"lazy\" decoding=\"async\" class=\"alignnone size-medium wp-image-1360\" src=\"https:\/\/www.diocesi.pavia.it\/ufficiosalute\/wp-content\/uploads\/sites\/6\/2025\/05\/Screenshot_20250501-174940-169x300.png\" alt=\"\" width=\"169\" height=\"300\" srcset=\"https:\/\/www.diocesi.pavia.it\/ufficiosalute\/wp-content\/uploads\/sites\/6\/2025\/05\/Screenshot_20250501-174940-169x300.png 169w, https:\/\/www.diocesi.pavia.it\/ufficiosalute\/wp-content\/uploads\/sites\/6\/2025\/05\/Screenshot_20250501-174940-576x1024.png 576w, https:\/\/www.diocesi.pavia.it\/ufficiosalute\/wp-content\/uploads\/sites\/6\/2025\/05\/Screenshot_20250501-174940-768x1365.png 768w, https:\/\/www.diocesi.pavia.it\/ufficiosalute\/wp-content\/uploads\/sites\/6\/2025\/05\/Screenshot_20250501-174940-864x1536.png 864w, https:\/\/www.diocesi.pavia.it\/ufficiosalute\/wp-content\/uploads\/sites\/6\/2025\/05\/Screenshot_20250501-174940-600x1067.png 600w, https:\/\/www.diocesi.pavia.it\/ufficiosalute\/wp-content\/uploads\/sites\/6\/2025\/05\/Screenshot_20250501-174940-800x1422.png 800w, https:\/\/www.diocesi.pavia.it\/ufficiosalute\/wp-content\/uploads\/sites\/6\/2025\/05\/Screenshot_20250501-174940.png 1080w\" sizes=\"auto, (max-width: 169px) 100vw, 169px\" \/><\/p>\n","protected":false},"excerpt":{"rendered":"<p>San Riccardo Pampuri, di cui ricorre la festa il 1\u00b0 maggio, \u00e8 un medico canonizzato dalla Chiesa nello scorso secolo. Nell&#8217;anno in cui egli entrava a far parte dell&#8217;ordine dei Fatebenefratelli moriva San Giuseppe Moscati, canonizzato da San Giovanni Paolo II nel 1087 [vedi qui la scheda su San Giuseppe Moscati]. Dice di lui Don Luigi Giussani,\u00a0 nella nota introduttiva al libro &#8220;Fra Riccardo Pampuri&#8221; &hellip; <a href=\"https:\/\/www.diocesi.pavia.it\/ufficiosalute\/san-riccardo-pampuri-2-agosto-1897-1-maggio-1030\/\" class=\"more-link\">Continue reading <span class=\"screen-reader-text\">San Riccardo Pampuri<\/span> <span class=\"meta-nav\">&raquo;<\/span><\/a><\/p>\n","protected":false},"author":15,"featured_media":0,"parent":0,"menu_order":0,"comment_status":"closed","ping_status":"closed","template":"","meta":{"_acf_changed":false,"ip_address":"","user_agent":"","level":"","revision":"","cookie_id":"","page_referer":"","html_form":"","footnotes":""},"class_list":["post-1333","page","type-page","status-publish","hentry"],"acf":[],"yoast_head":"<!-- This site is optimized with the Yoast SEO plugin v27.4 - https:\/\/yoast.com\/product\/yoast-seo-wordpress\/ -->\n<title>San Riccardo Pampuri - Ufficio Salute<\/title>\n<meta name=\"robots\" content=\"index, follow, max-snippet:-1, max-image-preview:large, max-video-preview:-1\" \/>\n<link rel=\"canonical\" href=\"https:\/\/www.diocesi.pavia.it\/ufficiosalute\/san-riccardo-pampuri-2-agosto-1897-1-maggio-1030\/\" \/>\n<meta property=\"og:locale\" content=\"it_IT\" \/>\n<meta property=\"og:type\" content=\"article\" \/>\n<meta property=\"og:title\" content=\"San Riccardo Pampuri - Ufficio Salute\" \/>\n<meta property=\"og:description\" content=\"San Riccardo Pampuri, di cui ricorre la festa il 1\u00b0 maggio, \u00e8 un medico canonizzato dalla Chiesa nello scorso secolo. Nell&#8217;anno in cui egli entrava a far parte dell&#8217;ordine dei Fatebenefratelli moriva San Giuseppe Moscati, canonizzato da San Giovanni Paolo II nel 1087 [vedi qui la scheda su San Giuseppe Moscati]. Dice di lui Don Luigi Giussani,\u00a0 nella nota introduttiva al libro &#8220;Fra Riccardo Pampuri&#8221; &hellip; Continue reading San Riccardo Pampuri &raquo;\" \/>\n<meta property=\"og:url\" content=\"https:\/\/www.diocesi.pavia.it\/ufficiosalute\/san-riccardo-pampuri-2-agosto-1897-1-maggio-1030\/\" \/>\n<meta property=\"og:site_name\" content=\"Ufficio Salute\" \/>\n<meta property=\"article:modified_time\" content=\"2025-05-09T09:28:15+00:00\" \/>\n<meta property=\"og:image\" content=\"https:\/\/www.diocesi.pavia.it\/ufficiosalute\/wp-content\/uploads\/sites\/6\/2025\/05\/pampuri-201x300.jpg\" \/>\n<meta name=\"twitter:card\" content=\"summary_large_image\" \/>\n<meta name=\"twitter:label1\" content=\"Tempo di lettura stimato\" \/>\n\t<meta name=\"twitter:data1\" content=\"5 minuti\" \/>\n<script type=\"application\/ld+json\" class=\"yoast-schema-graph\">{\"@context\":\"https:\\\/\\\/schema.org\",\"@graph\":[{\"@type\":\"WebPage\",\"@id\":\"https:\\\/\\\/www.diocesi.pavia.it\\\/ufficiosalute\\\/san-riccardo-pampuri-2-agosto-1897-1-maggio-1030\\\/\",\"url\":\"https:\\\/\\\/www.diocesi.pavia.it\\\/ufficiosalute\\\/san-riccardo-pampuri-2-agosto-1897-1-maggio-1030\\\/\",\"name\":\"San Riccardo Pampuri - Ufficio Salute\",\"isPartOf\":{\"@id\":\"https:\\\/\\\/www.diocesi.pavia.it\\\/ufficiosalute\\\/#website\"},\"primaryImageOfPage\":{\"@id\":\"https:\\\/\\\/www.diocesi.pavia.it\\\/ufficiosalute\\\/san-riccardo-pampuri-2-agosto-1897-1-maggio-1030\\\/#primaryimage\"},\"image\":{\"@id\":\"https:\\\/\\\/www.diocesi.pavia.it\\\/ufficiosalute\\\/san-riccardo-pampuri-2-agosto-1897-1-maggio-1030\\\/#primaryimage\"},\"thumbnailUrl\":\"https:\\\/\\\/www.diocesi.pavia.it\\\/ufficiosalute\\\/wp-content\\\/uploads\\\/sites\\\/6\\\/2025\\\/05\\\/pampuri-201x300.jpg\",\"datePublished\":\"2025-05-01T08:14:16+00:00\",\"dateModified\":\"2025-05-09T09:28:15+00:00\",\"breadcrumb\":{\"@id\":\"https:\\\/\\\/www.diocesi.pavia.it\\\/ufficiosalute\\\/san-riccardo-pampuri-2-agosto-1897-1-maggio-1030\\\/#breadcrumb\"},\"inLanguage\":\"it-IT\",\"potentialAction\":[{\"@type\":\"ReadAction\",\"target\":[\"https:\\\/\\\/www.diocesi.pavia.it\\\/ufficiosalute\\\/san-riccardo-pampuri-2-agosto-1897-1-maggio-1030\\\/\"]}]},{\"@type\":\"ImageObject\",\"inLanguage\":\"it-IT\",\"@id\":\"https:\\\/\\\/www.diocesi.pavia.it\\\/ufficiosalute\\\/san-riccardo-pampuri-2-agosto-1897-1-maggio-1030\\\/#primaryimage\",\"url\":\"https:\\\/\\\/www.diocesi.pavia.it\\\/ufficiosalute\\\/wp-content\\\/uploads\\\/sites\\\/6\\\/2025\\\/05\\\/pampuri.jpg\",\"contentUrl\":\"https:\\\/\\\/www.diocesi.pavia.it\\\/ufficiosalute\\\/wp-content\\\/uploads\\\/sites\\\/6\\\/2025\\\/05\\\/pampuri.jpg\",\"width\":479,\"height\":714},{\"@type\":\"BreadcrumbList\",\"@id\":\"https:\\\/\\\/www.diocesi.pavia.it\\\/ufficiosalute\\\/san-riccardo-pampuri-2-agosto-1897-1-maggio-1030\\\/#breadcrumb\",\"itemListElement\":[{\"@type\":\"ListItem\",\"position\":1,\"name\":\"Home\",\"item\":\"https:\\\/\\\/www.diocesi.pavia.it\\\/ufficiosalute\\\/\"},{\"@type\":\"ListItem\",\"position\":2,\"name\":\"San Riccardo Pampuri\"}]},{\"@type\":\"WebSite\",\"@id\":\"https:\\\/\\\/www.diocesi.pavia.it\\\/ufficiosalute\\\/#website\",\"url\":\"https:\\\/\\\/www.diocesi.pavia.it\\\/ufficiosalute\\\/\",\"name\":\"Ufficio Salute\",\"description\":\"Diocesi di Pavia\",\"publisher\":{\"@id\":\"https:\\\/\\\/www.diocesi.pavia.it\\\/ufficiosalute\\\/#organization\"},\"potentialAction\":[{\"@type\":\"SearchAction\",\"target\":{\"@type\":\"EntryPoint\",\"urlTemplate\":\"https:\\\/\\\/www.diocesi.pavia.it\\\/ufficiosalute\\\/?s={search_term_string}\"},\"query-input\":{\"@type\":\"PropertyValueSpecification\",\"valueRequired\":true,\"valueName\":\"search_term_string\"}}],\"inLanguage\":\"it-IT\"},{\"@type\":\"Organization\",\"@id\":\"https:\\\/\\\/www.diocesi.pavia.it\\\/ufficiosalute\\\/#organization\",\"name\":\"Ufficio Salute\",\"url\":\"https:\\\/\\\/www.diocesi.pavia.it\\\/ufficiosalute\\\/\",\"logo\":{\"@type\":\"ImageObject\",\"inLanguage\":\"it-IT\",\"@id\":\"https:\\\/\\\/www.diocesi.pavia.it\\\/ufficiosalute\\\/#\\\/schema\\\/logo\\\/image\\\/\",\"url\":\"https:\\\/\\\/www.diocesi.pavia.it\\\/ufficiosalute\\\/wp-content\\\/uploads\\\/sites\\\/6\\\/2024\\\/12\\\/home_salute.png\",\"contentUrl\":\"https:\\\/\\\/www.diocesi.pavia.it\\\/ufficiosalute\\\/wp-content\\\/uploads\\\/sites\\\/6\\\/2024\\\/12\\\/home_salute.png\",\"width\":446,\"height\":108,\"caption\":\"Ufficio Salute\"},\"image\":{\"@id\":\"https:\\\/\\\/www.diocesi.pavia.it\\\/ufficiosalute\\\/#\\\/schema\\\/logo\\\/image\\\/\"}}]}<\/script>\n<!-- \/ Yoast SEO plugin. -->","yoast_head_json":{"title":"San Riccardo Pampuri - Ufficio Salute","robots":{"index":"index","follow":"follow","max-snippet":"max-snippet:-1","max-image-preview":"max-image-preview:large","max-video-preview":"max-video-preview:-1"},"canonical":"https:\/\/www.diocesi.pavia.it\/ufficiosalute\/san-riccardo-pampuri-2-agosto-1897-1-maggio-1030\/","og_locale":"it_IT","og_type":"article","og_title":"San Riccardo Pampuri - Ufficio Salute","og_description":"San Riccardo Pampuri, di cui ricorre la festa il 1\u00b0 maggio, \u00e8 un medico canonizzato dalla Chiesa nello scorso secolo. Nell&#8217;anno in cui egli entrava a far parte dell&#8217;ordine dei Fatebenefratelli moriva San Giuseppe Moscati, canonizzato da San Giovanni Paolo II nel 1087 [vedi qui la scheda su San Giuseppe Moscati]. Dice di lui Don Luigi Giussani,\u00a0 nella nota introduttiva al libro &#8220;Fra Riccardo Pampuri&#8221; &hellip; Continue reading San Riccardo Pampuri &raquo;","og_url":"https:\/\/www.diocesi.pavia.it\/ufficiosalute\/san-riccardo-pampuri-2-agosto-1897-1-maggio-1030\/","og_site_name":"Ufficio Salute","article_modified_time":"2025-05-09T09:28:15+00:00","og_image":[{"url":"https:\/\/www.diocesi.pavia.it\/ufficiosalute\/wp-content\/uploads\/sites\/6\/2025\/05\/pampuri-201x300.jpg","type":"","width":"","height":""}],"twitter_card":"summary_large_image","twitter_misc":{"Tempo di lettura stimato":"5 minuti"},"schema":{"@context":"https:\/\/schema.org","@graph":[{"@type":"WebPage","@id":"https:\/\/www.diocesi.pavia.it\/ufficiosalute\/san-riccardo-pampuri-2-agosto-1897-1-maggio-1030\/","url":"https:\/\/www.diocesi.pavia.it\/ufficiosalute\/san-riccardo-pampuri-2-agosto-1897-1-maggio-1030\/","name":"San Riccardo Pampuri - Ufficio Salute","isPartOf":{"@id":"https:\/\/www.diocesi.pavia.it\/ufficiosalute\/#website"},"primaryImageOfPage":{"@id":"https:\/\/www.diocesi.pavia.it\/ufficiosalute\/san-riccardo-pampuri-2-agosto-1897-1-maggio-1030\/#primaryimage"},"image":{"@id":"https:\/\/www.diocesi.pavia.it\/ufficiosalute\/san-riccardo-pampuri-2-agosto-1897-1-maggio-1030\/#primaryimage"},"thumbnailUrl":"https:\/\/www.diocesi.pavia.it\/ufficiosalute\/wp-content\/uploads\/sites\/6\/2025\/05\/pampuri-201x300.jpg","datePublished":"2025-05-01T08:14:16+00:00","dateModified":"2025-05-09T09:28:15+00:00","breadcrumb":{"@id":"https:\/\/www.diocesi.pavia.it\/ufficiosalute\/san-riccardo-pampuri-2-agosto-1897-1-maggio-1030\/#breadcrumb"},"inLanguage":"it-IT","potentialAction":[{"@type":"ReadAction","target":["https:\/\/www.diocesi.pavia.it\/ufficiosalute\/san-riccardo-pampuri-2-agosto-1897-1-maggio-1030\/"]}]},{"@type":"ImageObject","inLanguage":"it-IT","@id":"https:\/\/www.diocesi.pavia.it\/ufficiosalute\/san-riccardo-pampuri-2-agosto-1897-1-maggio-1030\/#primaryimage","url":"https:\/\/www.diocesi.pavia.it\/ufficiosalute\/wp-content\/uploads\/sites\/6\/2025\/05\/pampuri.jpg","contentUrl":"https:\/\/www.diocesi.pavia.it\/ufficiosalute\/wp-content\/uploads\/sites\/6\/2025\/05\/pampuri.jpg","width":479,"height":714},{"@type":"BreadcrumbList","@id":"https:\/\/www.diocesi.pavia.it\/ufficiosalute\/san-riccardo-pampuri-2-agosto-1897-1-maggio-1030\/#breadcrumb","itemListElement":[{"@type":"ListItem","position":1,"name":"Home","item":"https:\/\/www.diocesi.pavia.it\/ufficiosalute\/"},{"@type":"ListItem","position":2,"name":"San Riccardo Pampuri"}]},{"@type":"WebSite","@id":"https:\/\/www.diocesi.pavia.it\/ufficiosalute\/#website","url":"https:\/\/www.diocesi.pavia.it\/ufficiosalute\/","name":"Ufficio Salute","description":"Diocesi di Pavia","publisher":{"@id":"https:\/\/www.diocesi.pavia.it\/ufficiosalute\/#organization"},"potentialAction":[{"@type":"SearchAction","target":{"@type":"EntryPoint","urlTemplate":"https:\/\/www.diocesi.pavia.it\/ufficiosalute\/?s={search_term_string}"},"query-input":{"@type":"PropertyValueSpecification","valueRequired":true,"valueName":"search_term_string"}}],"inLanguage":"it-IT"},{"@type":"Organization","@id":"https:\/\/www.diocesi.pavia.it\/ufficiosalute\/#organization","name":"Ufficio Salute","url":"https:\/\/www.diocesi.pavia.it\/ufficiosalute\/","logo":{"@type":"ImageObject","inLanguage":"it-IT","@id":"https:\/\/www.diocesi.pavia.it\/ufficiosalute\/#\/schema\/logo\/image\/","url":"https:\/\/www.diocesi.pavia.it\/ufficiosalute\/wp-content\/uploads\/sites\/6\/2024\/12\/home_salute.png","contentUrl":"https:\/\/www.diocesi.pavia.it\/ufficiosalute\/wp-content\/uploads\/sites\/6\/2024\/12\/home_salute.png","width":446,"height":108,"caption":"Ufficio Salute"},"image":{"@id":"https:\/\/www.diocesi.pavia.it\/ufficiosalute\/#\/schema\/logo\/image\/"}}]}},"_links":{"self":[{"href":"https:\/\/www.diocesi.pavia.it\/ufficiosalute\/wp-json\/wp\/v2\/pages\/1333","targetHints":{"allow":["GET"]}}],"collection":[{"href":"https:\/\/www.diocesi.pavia.it\/ufficiosalute\/wp-json\/wp\/v2\/pages"}],"about":[{"href":"https:\/\/www.diocesi.pavia.it\/ufficiosalute\/wp-json\/wp\/v2\/types\/page"}],"author":[{"embeddable":true,"href":"https:\/\/www.diocesi.pavia.it\/ufficiosalute\/wp-json\/wp\/v2\/users\/15"}],"replies":[{"embeddable":true,"href":"https:\/\/www.diocesi.pavia.it\/ufficiosalute\/wp-json\/wp\/v2\/comments?post=1333"}],"version-history":[{"count":25,"href":"https:\/\/www.diocesi.pavia.it\/ufficiosalute\/wp-json\/wp\/v2\/pages\/1333\/revisions"}],"predecessor-version":[{"id":1408,"href":"https:\/\/www.diocesi.pavia.it\/ufficiosalute\/wp-json\/wp\/v2\/pages\/1333\/revisions\/1408"}],"wp:attachment":[{"href":"https:\/\/www.diocesi.pavia.it\/ufficiosalute\/wp-json\/wp\/v2\/media?parent=1333"}],"curies":[{"name":"wp","href":"https:\/\/api.w.org\/{rel}","templated":true}]}}