{"id":1196,"date":"2025-04-02T23:09:04","date_gmt":"2025-04-02T21:09:04","guid":{"rendered":"https:\/\/www.diocesi.pavia.it\/ufficiosalute\/?page_id=1196"},"modified":"2025-04-16T12:10:21","modified_gmt":"2025-04-16T10:10:21","slug":"san-giuseppe-moscati","status":"publish","type":"page","link":"https:\/\/www.diocesi.pavia.it\/ufficiosalute\/san-giuseppe-moscati\/","title":{"rendered":"San Giuseppe Moscati"},"content":{"rendered":"<p>Patrono dei medici, infermieri e soccorritori del sistema dell&#8217;emergenza territoriale 118 italiano, della medicina e chirurgia di emergenza nazionale &#8211;\u00a0 si festeggia il 12 aprile<\/p>\n<p><span style=\"font-size: inherit;\">Diceva: &#8220;Beati noi medici, tanto spesso incapaci ad allontanare una malattia, beati noi se ci ricordiamo che oltre i corpi abbiamo di fronte delle anime immortali, per le quali urge il precetto evangelico di amarle come noi stessi&#8221;\u00a0\u00a0<\/span><\/p>\n<p><img loading=\"lazy\" decoding=\"async\" class=\"alignnone size-medium wp-image-1204\" src=\"https:\/\/www.diocesi.pavia.it\/ufficiosalute\/wp-content\/uploads\/sites\/6\/2025\/04\/OIP-1-300x208.jpg\" alt=\"\" width=\"300\" height=\"208\" srcset=\"https:\/\/www.diocesi.pavia.it\/ufficiosalute\/wp-content\/uploads\/sites\/6\/2025\/04\/OIP-1-300x208.jpg 300w, https:\/\/www.diocesi.pavia.it\/ufficiosalute\/wp-content\/uploads\/sites\/6\/2025\/04\/OIP-1.jpg 362w\" sizes=\"auto, (max-width: 300px) 100vw, 300px\" \/><\/p>\n<p>Tra i tanti studi che hanno permesso di conoscere e apprezzare questa figura straordinaria di &#8220;santo laico&#8221;,\u00a0 suggeriamo il bel libro di Paolo Gulisano &#8220;Giuseppe Moscati Il santo medico&#8221;, pubblicato da edizioni ARES, da cui estraiamo un breve ritratto biografico.<\/p>\n<p><strong>Nato a Benevento nel 1880 da una famiglia molto devota, settimo di nove figli, Moscati \u00e8 uno studente brillante,\u00a0<\/strong>si laurea col massimo dei voti. Gli viene affidato l\u2019incarico di libero docente di chimica fisiologica, ma egli preferisce le corsie dell\u2019ospedale e la prossimit\u00e0 ai pazienti alla carriera accademica, facendo della \u00abprofessione una palestra dell\u2019apostolato\u00bb. La morte della madre a causa del diabete lo spinge a cercarne una cura con ogni sforzo intellettuale, per cui \u00e8 il primo medico a sperimentare con successo l\u2019insulina.<\/p>\n<p><strong>Moscati non \u00e8 uno \u2018scapolo\u2019<\/strong>,<strong>\u00a0ma prende \u00abla fermissima decisione di custodire la sua purezza\u00bb<\/strong>, per cui \u00abvive il suo celibato come una scelta di dedizione totale alla missione di medico\u00bb. \u00abMoscati ha un metodo, una via: l\u2019ospedale \u00e8 a misura d\u2019uomo quando chi vi lavora rende visibile e credibile la motivazione profonda che guida i suoi gesti, secondo una scienza animata dal desiderio di aiuto, in autentico spirito di servizio, senza trascurare il fatto che il primo essenziale soccorso umano \u00e8 quello che aiuta il malato a vivere con dignit\u00e0 la propria malattia e la propria cura\u00bb.<\/p>\n<p><strong>Con l\u2019eruzione del Vesuvio del 1906<\/strong>\u00a0si preoccupa in prima persona delle operazioni di evacuazione e d\u2019assistenza degli ammalati nella succursale dell\u2019ospedale a Torre del Greco, il cui tetto sarebbe crollato a breve. Quando scoppia l\u2019epidemia di colera nel 1911 anche a Napoli, Moscati non ha timore \u00abdi entrare nelle case dei malati ad alleviare specialmente le sofferenze dei poveri, che gli stanno tanto a cuore quali immagini vive e toccanti di Cristo sofferente\u00bb.<\/p>\n<p><strong>Durante le visite pi\u00f9 delicate lo si sente invocare<\/strong>: \u00abCuore di Ges\u00f9, soccorrete i medici\u00bb. Quando prega l\u2019Ave Maria, invece, pensa per ogni espressione che la compone a un\u2019immagine diversa della Vergine, da quella di Pompei quando ripete\u00a0<em>Dominus tecum<\/em>\u00a0a quella di Lourdes per l\u2019<em>Ora pro nobis peccatoribus<\/em>. Nutre anche una devozione profonda per san Giuseppe, san Ciro, san Francesco d\u2019Assisi, san Michele Arcangelo e il suo Angelo Custode.<\/p>\n<p><strong>Scienziato umile e acuto<\/strong>, ha il merito di aver intuito l\u2019importanza del metabolismo dei polisaccaridi per la terapia diabetica. Significativi sono poi i suoi studi sulla biochimica della placenta, il cui contributo viene riconosciuto anche oltreoceano. Quando c\u2019\u00e8 da prender posizione, relativamente al dibattito sull\u2019eugenetica, scrive con fermezza: \u00abIl movimento moderno sull\u2019eugenetica, partito da una concezione altissima, quella di proteggere la razza umana dalla decadenza, propone, per conseguire questo fine, mezzi di cui alcuni appaiono lesivi della libert\u00e0 umana, o dell\u2019etica della vita, o antifisiologici. Non \u00e8 senza molto scetticismo che si apprendono tali proposte, per eliminare i deboli. Sono mezzi antiumani. I cosiddetti cromosomi sanno aggrupparsi meglio di quanto non ingiungano loro gli eugenisti\u00bb.<\/p>\n<p><strong>Nel campo della diagnostica non c\u2019\u00e8 nessuno che lo eguagli<\/strong>: \u00abSembra che in questa sua spiccatissima facolt\u00e0 di individuare con esattezza la presenza e l\u2019evoluzione di una malattia, ci sia qualcosa di soprannaturale. Con un semplice sguardo, con una leggera palpazione effettuata tenendo l\u2019occhio rivolto al cielo come per esserne ispirato, con una auscultazione, egli entra in possesso degli elementi necessari per formulare le diagnosi pi\u00f9 difficili\u00bb. Il decorso della malattia gli d\u00e0 in effetti sempre ragione. Egli ha anche il carisma di leggere interiormente le anime; accanto alle medicine per la terapia invita alla preghiera e ai sacramenti, in particolare quanti sono lontani da una partecipazione assidua, poich\u00e9 lo ritiene indispensabile tanto per la fortezza nella prova quanto per chiedere e ottenere la guarigione.<\/p>\n<p><strong>Moscati ha\u00a0<\/strong><strong>35<\/strong><strong>\u00a0anni quando\u00a0<\/strong><strong>l\u2019Italia entra nel<\/strong><strong>la Grande Guerra<\/strong>. Primario all\u2019Ospedale degli Incurabili, \u00e8 pronto con la sua carit\u00e0 operosa a lenire le ferite del corpo e dell\u2019anima di tanti giovani che arrivano dalla trincea nel reparto militare di cui assume la direzione. Egli \u00e8 pronto a fronteggiare anche l\u2019epidemia di spagnola che comincia a dilagare. \u00abIo posso tutto in Colui che mi conforta\u00bb, replica parafrasando san Paolo a quanti constatano il suo eccessivo affaticarsi. Il beato Bartolo Longo, promotore della costruzione del Santuario di Pompei per la sua devozione al Rosario, \u00e8 un suo paziente e Moscati gli \u00e8 accanto nel giorno della morte.<\/p>\n<p><strong>Moscati sa consolare,\u00a0<\/strong>difatti \u00able famiglie<strong>\u00a0<\/strong>che richiedono le sue prestazioni mediche sanno che con esse arriva anche il bene del conforto cristiano\u00bb. Il 12 aprile 1927 Moscati, mentre \u00e8 nel suo studio, alle tre del pomeriggio si sente male, si accascia sulla poltrona e muore. I poveri in studio, appresa la notizia, esclamano: \u00abO Ges\u00f9! E ora, come faremo?\u00bb. Nel rendere omaggio alla sua salma, l\u2019arcivescovo di Napoli, il cardinale Alessio Ascalesi esclama: \u00abIl professore non apparteneva a voi, ma alla Chiesa. Non quelli di cui ha sanato i corpi, ma quelli che ha salvato nell\u2019anima, gli sono andati incontro quando \u00e8 salito lass\u00f9\u00bb.<\/p>\n<p>&nbsp;<\/p>\n<p>Per tratteggiare l&#8217;attualit\u00e0 della figura di San Giuseppe Moscati abbiamo scelto un&#8217;articolo <span style=\"font-size: inherit;\">\u00a0scritto in &#8220;epoca Covid&#8221; in occasione del 140\u00b0 anniversario della nascita di San Giuseppe Moscat<\/span><span style=\"font-size: inherit;\">i <\/span>[leggi tutto l&#8217;articolo di Valerio Pece al link <a style=\"color: #1468a0;\" href=\"https:\/\/lanuovabq.it\/it\/san-giuseppe-moscati-luce-per-i-medici-contro-il-covid\">https:\/\/lanuovabq.it\/it\/san-giuseppe-moscati-luce-per-i-medici-contro-il-covid<\/a>]\u00a0<span style=\"font-size: inherit;\">perch\u00e9 <\/span><span style=\"font-size: inherit;\">\u00a0ci aiuta a riflettere sull&#8217;importanza della missione\u00a0<\/span>dei medici e di tutti gli operatori sanitari <span style=\"font-size: inherit;\">e a non dimenticare il valore del loro sacrificio per il bene dei malati e dei sofferenti.\u00a0<\/span><\/p>\n<p>&#8220;Al di l\u00e0 di una biografia colma di azioni letteralmente straordinarie (..) al di l\u00e0 di tutto il suo genio e il suo eroismo,<strong> ci\u00f2 che abitava il cuore di Giuseppe Moscati era la carit\u00e0<\/strong>. E che la carit\u00e0 fosse la forza in grado di cambiare il mondo, il medico lo scrisse in una famosa missiva: <strong>\u00abNon la scienza, ma la carit\u00e0 ha trasformato il mondo; solo pochissimi uomini son passati alla storia per la scienza. Tutti potranno rimanere eterni se si dedicheranno al bene<\/strong>\u00bb. La lettera \u00e8 poi divenuta una delle scene madri di \u201c<a href=\"https:\/\/www.youtube.com\/watch?v=dVFI3B4m1a0\" target=\"_blank\" rel=\"noopener\">Giuseppe Moscati, l\u2019amore che guarisce<\/a>\u201d &#8220;, il bel film di Giacomo Campiotti\u00a0 e interpretato da Beppe Fiorello.<\/p>\n<p>Riportiamo il link al film completo diviso in due parti:<\/p>\n<p><iframe loading=\"lazy\" title=\"Giuseppe Moscati: l&#039;amore che guarisce - Film completo (Prima parte)\" width=\"800\" height=\"450\" src=\"https:\/\/www.youtube.com\/embed\/mDcjb2VYUIU?feature=oembed\" frameborder=\"0\" allow=\"accelerometer; autoplay; clipboard-write; encrypted-media; gyroscope; picture-in-picture; web-share\" referrerpolicy=\"strict-origin-when-cross-origin\" allowfullscreen><\/iframe><\/p>\n<p><iframe loading=\"lazy\" title=\"Giuseppe Moscati: l&#039;amore che guarisce - Film completo (Seconda parte)\" width=\"800\" height=\"450\" src=\"https:\/\/www.youtube.com\/embed\/TkRnH8YK7eg?feature=oembed\" frameborder=\"0\" allow=\"accelerometer; autoplay; clipboard-write; encrypted-media; gyroscope; picture-in-picture; web-share\" referrerpolicy=\"strict-origin-when-cross-origin\" allowfullscreen><\/iframe><\/p>\n","protected":false},"excerpt":{"rendered":"<p>Patrono dei medici, infermieri e soccorritori del sistema dell&#8217;emergenza territoriale 118 italiano, della medicina e chirurgia di emergenza nazionale &#8211;\u00a0 si festeggia il 12 aprile Diceva: &#8220;Beati noi medici, tanto spesso incapaci ad allontanare una malattia, beati noi se ci ricordiamo che oltre i corpi abbiamo di fronte delle anime immortali, per le quali urge il precetto evangelico di amarle come noi stessi&#8221;\u00a0\u00a0 Tra i &hellip; <a href=\"https:\/\/www.diocesi.pavia.it\/ufficiosalute\/san-giuseppe-moscati\/\" class=\"more-link\">Continue reading <span class=\"screen-reader-text\">San Giuseppe Moscati<\/span> <span class=\"meta-nav\">&raquo;<\/span><\/a><\/p>\n","protected":false},"author":15,"featured_media":0,"parent":0,"menu_order":0,"comment_status":"closed","ping_status":"closed","template":"","meta":{"_acf_changed":false,"ip_address":"","user_agent":"","level":"","revision":"","cookie_id":"","page_referer":"","html_form":"","footnotes":""},"class_list":["post-1196","page","type-page","status-publish","hentry"],"acf":[],"yoast_head":"<!-- This site is optimized with the Yoast SEO plugin v27.4 - https:\/\/yoast.com\/product\/yoast-seo-wordpress\/ -->\n<title>San Giuseppe Moscati - Ufficio Salute<\/title>\n<meta name=\"robots\" content=\"index, follow, max-snippet:-1, max-image-preview:large, max-video-preview:-1\" \/>\n<link rel=\"canonical\" href=\"https:\/\/www.diocesi.pavia.it\/ufficiosalute\/san-giuseppe-moscati\/\" \/>\n<meta property=\"og:locale\" content=\"it_IT\" \/>\n<meta property=\"og:type\" content=\"article\" \/>\n<meta property=\"og:title\" content=\"San Giuseppe Moscati - Ufficio Salute\" \/>\n<meta property=\"og:description\" content=\"Patrono dei medici, infermieri e soccorritori del sistema dell&#8217;emergenza territoriale 118 italiano, della medicina e chirurgia di emergenza nazionale &#8211;\u00a0 si festeggia il 12 aprile Diceva: &#8220;Beati noi medici, tanto spesso incapaci ad allontanare una malattia, beati noi se ci ricordiamo che oltre i corpi abbiamo di fronte delle anime immortali, per le quali urge il precetto evangelico di amarle come noi stessi&#8221;\u00a0\u00a0 Tra i &hellip; Continue reading San Giuseppe Moscati &raquo;\" \/>\n<meta property=\"og:url\" content=\"https:\/\/www.diocesi.pavia.it\/ufficiosalute\/san-giuseppe-moscati\/\" \/>\n<meta property=\"og:site_name\" content=\"Ufficio Salute\" \/>\n<meta property=\"article:modified_time\" content=\"2025-04-16T10:10:21+00:00\" \/>\n<meta property=\"og:image\" content=\"https:\/\/www.diocesi.pavia.it\/ufficiosalute\/wp-content\/uploads\/sites\/6\/2025\/04\/OIP-1-300x208.jpg\" \/>\n<meta name=\"twitter:card\" content=\"summary_large_image\" \/>\n<meta name=\"twitter:label1\" content=\"Tempo di lettura stimato\" \/>\n\t<meta name=\"twitter:data1\" content=\"6 minuti\" \/>\n<script type=\"application\/ld+json\" class=\"yoast-schema-graph\">{\"@context\":\"https:\\\/\\\/schema.org\",\"@graph\":[{\"@type\":\"WebPage\",\"@id\":\"https:\\\/\\\/www.diocesi.pavia.it\\\/ufficiosalute\\\/san-giuseppe-moscati\\\/\",\"url\":\"https:\\\/\\\/www.diocesi.pavia.it\\\/ufficiosalute\\\/san-giuseppe-moscati\\\/\",\"name\":\"San Giuseppe Moscati - Ufficio Salute\",\"isPartOf\":{\"@id\":\"https:\\\/\\\/www.diocesi.pavia.it\\\/ufficiosalute\\\/#website\"},\"primaryImageOfPage\":{\"@id\":\"https:\\\/\\\/www.diocesi.pavia.it\\\/ufficiosalute\\\/san-giuseppe-moscati\\\/#primaryimage\"},\"image\":{\"@id\":\"https:\\\/\\\/www.diocesi.pavia.it\\\/ufficiosalute\\\/san-giuseppe-moscati\\\/#primaryimage\"},\"thumbnailUrl\":\"https:\\\/\\\/www.diocesi.pavia.it\\\/ufficiosalute\\\/wp-content\\\/uploads\\\/sites\\\/6\\\/2025\\\/04\\\/OIP-1-300x208.jpg\",\"datePublished\":\"2025-04-02T21:09:04+00:00\",\"dateModified\":\"2025-04-16T10:10:21+00:00\",\"breadcrumb\":{\"@id\":\"https:\\\/\\\/www.diocesi.pavia.it\\\/ufficiosalute\\\/san-giuseppe-moscati\\\/#breadcrumb\"},\"inLanguage\":\"it-IT\",\"potentialAction\":[{\"@type\":\"ReadAction\",\"target\":[\"https:\\\/\\\/www.diocesi.pavia.it\\\/ufficiosalute\\\/san-giuseppe-moscati\\\/\"]}]},{\"@type\":\"ImageObject\",\"inLanguage\":\"it-IT\",\"@id\":\"https:\\\/\\\/www.diocesi.pavia.it\\\/ufficiosalute\\\/san-giuseppe-moscati\\\/#primaryimage\",\"url\":\"https:\\\/\\\/www.diocesi.pavia.it\\\/ufficiosalute\\\/wp-content\\\/uploads\\\/sites\\\/6\\\/2025\\\/04\\\/OIP-1.jpg\",\"contentUrl\":\"https:\\\/\\\/www.diocesi.pavia.it\\\/ufficiosalute\\\/wp-content\\\/uploads\\\/sites\\\/6\\\/2025\\\/04\\\/OIP-1.jpg\",\"width\":362,\"height\":251},{\"@type\":\"BreadcrumbList\",\"@id\":\"https:\\\/\\\/www.diocesi.pavia.it\\\/ufficiosalute\\\/san-giuseppe-moscati\\\/#breadcrumb\",\"itemListElement\":[{\"@type\":\"ListItem\",\"position\":1,\"name\":\"Home\",\"item\":\"https:\\\/\\\/www.diocesi.pavia.it\\\/ufficiosalute\\\/\"},{\"@type\":\"ListItem\",\"position\":2,\"name\":\"San Giuseppe Moscati\"}]},{\"@type\":\"WebSite\",\"@id\":\"https:\\\/\\\/www.diocesi.pavia.it\\\/ufficiosalute\\\/#website\",\"url\":\"https:\\\/\\\/www.diocesi.pavia.it\\\/ufficiosalute\\\/\",\"name\":\"Ufficio Salute\",\"description\":\"Diocesi di Pavia\",\"publisher\":{\"@id\":\"https:\\\/\\\/www.diocesi.pavia.it\\\/ufficiosalute\\\/#organization\"},\"potentialAction\":[{\"@type\":\"SearchAction\",\"target\":{\"@type\":\"EntryPoint\",\"urlTemplate\":\"https:\\\/\\\/www.diocesi.pavia.it\\\/ufficiosalute\\\/?s={search_term_string}\"},\"query-input\":{\"@type\":\"PropertyValueSpecification\",\"valueRequired\":true,\"valueName\":\"search_term_string\"}}],\"inLanguage\":\"it-IT\"},{\"@type\":\"Organization\",\"@id\":\"https:\\\/\\\/www.diocesi.pavia.it\\\/ufficiosalute\\\/#organization\",\"name\":\"Ufficio Salute\",\"url\":\"https:\\\/\\\/www.diocesi.pavia.it\\\/ufficiosalute\\\/\",\"logo\":{\"@type\":\"ImageObject\",\"inLanguage\":\"it-IT\",\"@id\":\"https:\\\/\\\/www.diocesi.pavia.it\\\/ufficiosalute\\\/#\\\/schema\\\/logo\\\/image\\\/\",\"url\":\"https:\\\/\\\/www.diocesi.pavia.it\\\/ufficiosalute\\\/wp-content\\\/uploads\\\/sites\\\/6\\\/2024\\\/12\\\/home_salute.png\",\"contentUrl\":\"https:\\\/\\\/www.diocesi.pavia.it\\\/ufficiosalute\\\/wp-content\\\/uploads\\\/sites\\\/6\\\/2024\\\/12\\\/home_salute.png\",\"width\":446,\"height\":108,\"caption\":\"Ufficio Salute\"},\"image\":{\"@id\":\"https:\\\/\\\/www.diocesi.pavia.it\\\/ufficiosalute\\\/#\\\/schema\\\/logo\\\/image\\\/\"}}]}<\/script>\n<!-- \/ Yoast SEO plugin. -->","yoast_head_json":{"title":"San Giuseppe Moscati - Ufficio Salute","robots":{"index":"index","follow":"follow","max-snippet":"max-snippet:-1","max-image-preview":"max-image-preview:large","max-video-preview":"max-video-preview:-1"},"canonical":"https:\/\/www.diocesi.pavia.it\/ufficiosalute\/san-giuseppe-moscati\/","og_locale":"it_IT","og_type":"article","og_title":"San Giuseppe Moscati - Ufficio Salute","og_description":"Patrono dei medici, infermieri e soccorritori del sistema dell&#8217;emergenza territoriale 118 italiano, della medicina e chirurgia di emergenza nazionale &#8211;\u00a0 si festeggia il 12 aprile Diceva: &#8220;Beati noi medici, tanto spesso incapaci ad allontanare una malattia, beati noi se ci ricordiamo che oltre i corpi abbiamo di fronte delle anime immortali, per le quali urge il precetto evangelico di amarle come noi stessi&#8221;\u00a0\u00a0 Tra i &hellip; Continue reading San Giuseppe Moscati &raquo;","og_url":"https:\/\/www.diocesi.pavia.it\/ufficiosalute\/san-giuseppe-moscati\/","og_site_name":"Ufficio Salute","article_modified_time":"2025-04-16T10:10:21+00:00","og_image":[{"url":"https:\/\/www.diocesi.pavia.it\/ufficiosalute\/wp-content\/uploads\/sites\/6\/2025\/04\/OIP-1-300x208.jpg","type":"","width":"","height":""}],"twitter_card":"summary_large_image","twitter_misc":{"Tempo di lettura stimato":"6 minuti"},"schema":{"@context":"https:\/\/schema.org","@graph":[{"@type":"WebPage","@id":"https:\/\/www.diocesi.pavia.it\/ufficiosalute\/san-giuseppe-moscati\/","url":"https:\/\/www.diocesi.pavia.it\/ufficiosalute\/san-giuseppe-moscati\/","name":"San Giuseppe Moscati - Ufficio Salute","isPartOf":{"@id":"https:\/\/www.diocesi.pavia.it\/ufficiosalute\/#website"},"primaryImageOfPage":{"@id":"https:\/\/www.diocesi.pavia.it\/ufficiosalute\/san-giuseppe-moscati\/#primaryimage"},"image":{"@id":"https:\/\/www.diocesi.pavia.it\/ufficiosalute\/san-giuseppe-moscati\/#primaryimage"},"thumbnailUrl":"https:\/\/www.diocesi.pavia.it\/ufficiosalute\/wp-content\/uploads\/sites\/6\/2025\/04\/OIP-1-300x208.jpg","datePublished":"2025-04-02T21:09:04+00:00","dateModified":"2025-04-16T10:10:21+00:00","breadcrumb":{"@id":"https:\/\/www.diocesi.pavia.it\/ufficiosalute\/san-giuseppe-moscati\/#breadcrumb"},"inLanguage":"it-IT","potentialAction":[{"@type":"ReadAction","target":["https:\/\/www.diocesi.pavia.it\/ufficiosalute\/san-giuseppe-moscati\/"]}]},{"@type":"ImageObject","inLanguage":"it-IT","@id":"https:\/\/www.diocesi.pavia.it\/ufficiosalute\/san-giuseppe-moscati\/#primaryimage","url":"https:\/\/www.diocesi.pavia.it\/ufficiosalute\/wp-content\/uploads\/sites\/6\/2025\/04\/OIP-1.jpg","contentUrl":"https:\/\/www.diocesi.pavia.it\/ufficiosalute\/wp-content\/uploads\/sites\/6\/2025\/04\/OIP-1.jpg","width":362,"height":251},{"@type":"BreadcrumbList","@id":"https:\/\/www.diocesi.pavia.it\/ufficiosalute\/san-giuseppe-moscati\/#breadcrumb","itemListElement":[{"@type":"ListItem","position":1,"name":"Home","item":"https:\/\/www.diocesi.pavia.it\/ufficiosalute\/"},{"@type":"ListItem","position":2,"name":"San Giuseppe Moscati"}]},{"@type":"WebSite","@id":"https:\/\/www.diocesi.pavia.it\/ufficiosalute\/#website","url":"https:\/\/www.diocesi.pavia.it\/ufficiosalute\/","name":"Ufficio Salute","description":"Diocesi di Pavia","publisher":{"@id":"https:\/\/www.diocesi.pavia.it\/ufficiosalute\/#organization"},"potentialAction":[{"@type":"SearchAction","target":{"@type":"EntryPoint","urlTemplate":"https:\/\/www.diocesi.pavia.it\/ufficiosalute\/?s={search_term_string}"},"query-input":{"@type":"PropertyValueSpecification","valueRequired":true,"valueName":"search_term_string"}}],"inLanguage":"it-IT"},{"@type":"Organization","@id":"https:\/\/www.diocesi.pavia.it\/ufficiosalute\/#organization","name":"Ufficio Salute","url":"https:\/\/www.diocesi.pavia.it\/ufficiosalute\/","logo":{"@type":"ImageObject","inLanguage":"it-IT","@id":"https:\/\/www.diocesi.pavia.it\/ufficiosalute\/#\/schema\/logo\/image\/","url":"https:\/\/www.diocesi.pavia.it\/ufficiosalute\/wp-content\/uploads\/sites\/6\/2024\/12\/home_salute.png","contentUrl":"https:\/\/www.diocesi.pavia.it\/ufficiosalute\/wp-content\/uploads\/sites\/6\/2024\/12\/home_salute.png","width":446,"height":108,"caption":"Ufficio Salute"},"image":{"@id":"https:\/\/www.diocesi.pavia.it\/ufficiosalute\/#\/schema\/logo\/image\/"}}]}},"_links":{"self":[{"href":"https:\/\/www.diocesi.pavia.it\/ufficiosalute\/wp-json\/wp\/v2\/pages\/1196","targetHints":{"allow":["GET"]}}],"collection":[{"href":"https:\/\/www.diocesi.pavia.it\/ufficiosalute\/wp-json\/wp\/v2\/pages"}],"about":[{"href":"https:\/\/www.diocesi.pavia.it\/ufficiosalute\/wp-json\/wp\/v2\/types\/page"}],"author":[{"embeddable":true,"href":"https:\/\/www.diocesi.pavia.it\/ufficiosalute\/wp-json\/wp\/v2\/users\/15"}],"replies":[{"embeddable":true,"href":"https:\/\/www.diocesi.pavia.it\/ufficiosalute\/wp-json\/wp\/v2\/comments?post=1196"}],"version-history":[{"count":10,"href":"https:\/\/www.diocesi.pavia.it\/ufficiosalute\/wp-json\/wp\/v2\/pages\/1196\/revisions"}],"predecessor-version":[{"id":1243,"href":"https:\/\/www.diocesi.pavia.it\/ufficiosalute\/wp-json\/wp\/v2\/pages\/1196\/revisions\/1243"}],"wp:attachment":[{"href":"https:\/\/www.diocesi.pavia.it\/ufficiosalute\/wp-json\/wp\/v2\/media?parent=1196"}],"curies":[{"name":"wp","href":"https:\/\/api.w.org\/{rel}","templated":true}]}}