{"id":1184,"date":"2025-04-02T22:20:18","date_gmt":"2025-04-02T20:20:18","guid":{"rendered":"https:\/\/www.diocesi.pavia.it\/ufficiosalute\/?page_id=1184"},"modified":"2025-04-02T22:39:22","modified_gmt":"2025-04-02T20:39:22","slug":"venerabile-jerome-lejeune","status":"publish","type":"page","link":"https:\/\/www.diocesi.pavia.it\/ufficiosalute\/venerabile-jerome-lejeune\/","title":{"rendered":"Venerabile J\u00e9r\u00f4me Lejeune"},"content":{"rendered":"<p>Il professor J\u00e9r\u00f4me Lejeune, medico e genetista, scopritore della Trisomia 21 causa della Sindrome di Down, \u00e8 stata una delle pi\u00f9 significative figure di scienziato del XX secolo. Nel corso di tutta la sua esistenza testimoni\u00f2 l\u2019amore alla Medicina intesa come arte del prendersi cura, e della passione alla Verit\u00e0 che \u00e8 Cristo.\u00a0 Nel suo campo fu una delle massime autorit\u00e0 a livello mondiale. Era rispettato anche da quanti non ne condividevano le convinzioni pi\u00f9 profonde ed \u00e8 oggi modello e ispirazione per molti giovani che vogliono intraprendere la professione medica.<\/p>\n<p><img loading=\"lazy\" decoding=\"async\" class=\"alignnone size-full wp-image-1139\" style=\"font-size: inherit;\" src=\"https:\/\/www.diocesi.pavia.it\/ufficiosalute\/wp-content\/uploads\/sites\/6\/2025\/03\/Jerome-Lejeaune.jpg\" alt=\"\" width=\"174\" height=\"201\" \/><\/p>\n<p>Il professor Lejeune divenne uno dei pi\u00f9 coraggiosi difensori della vita, soprattutto della vita dei bambini prima della nascita che, nella nostra civilt\u00e0 contemporanea, \u00e8 sempre pi\u00f9 minacciata, una minaccia programmata che oggi si estende anche agli anziani e ai malati.<\/p>\n<p>Per conoscere la grande figura di questo scienziato cristiano \u00e8 ora disponibile la biografia &#8220;<em><strong>Jerome Lejeune &#8211; La libert\u00e0 dello scienziato<\/strong><\/em>&#8221; pubblicata da Cantagalli e scritta da Aude Dugast, filosofa francese, postulatrice della causa di beatificazione di\u00a0Lejeune. \u00a0Il libro ci propone la figura e l\u2019opera di Lejeune, un grande cristiano per il quale la difesa della vita divenne un apostolato, che si assunse pienamente la responsabilit\u00e0 specifica dello scienziato, pronto a diventare un \u201csegno di contraddizione\u201d in una societ\u00e0 sempre pi\u00f9 permissiva e ostile alla cultura della vita.<\/p>\n<p>Sono qui disponibili i primi due capitoli dell&#8217;opera, che la casa editrice offre gratuitamente ai lettori interessati a conoscere questa figura straordinaria.<\/p>\n<p><a href=\"https:\/\/www.diocesi.pavia.it\/ufficiosalute\/wp-content\/uploads\/sites\/6\/2025\/03\/Estratto-Dugast-Lejeune.pdf\">Estratto-Dugast-Lejeune<\/a><\/p>\n<p>&nbsp;<\/p>\n<p>Qui l&#8217;intervista a Aude Dugast, che ben illustra la figura di Lejeaune:<\/p>\n<p><iframe loading=\"lazy\" title=\"SOUL (TV2000) - Aude Dugast\" width=\"800\" height=\"450\" src=\"https:\/\/www.youtube.com\/embed\/M1q02cxRYL0?feature=oembed\" frameborder=\"0\" allow=\"accelerometer; autoplay; clipboard-write; encrypted-media; gyroscope; picture-in-picture; web-share\" referrerpolicy=\"strict-origin-when-cross-origin\" allowfullscreen><\/iframe><\/p>\n<p>Qui\u00a0 il link all&#8217;intervento del Professor Lejeune al Meeting di Rimini del 2012:<\/p>\n<p><iframe loading=\"lazy\" title=\"Intervento di Lejeune Jerome al Meeting di Rimini\" width=\"800\" height=\"600\" src=\"https:\/\/www.youtube.com\/embed\/zMVg4HOlmXc?feature=oembed\" frameborder=\"0\" allow=\"accelerometer; autoplay; clipboard-write; encrypted-media; gyroscope; picture-in-picture; web-share\" referrerpolicy=\"strict-origin-when-cross-origin\" allowfullscreen><\/iframe><\/p>\n","protected":false},"excerpt":{"rendered":"<p>Il professor J\u00e9r\u00f4me Lejeune, medico e genetista, scopritore della Trisomia 21 causa della Sindrome di Down, \u00e8 stata una delle pi\u00f9 significative figure di scienziato del XX secolo. Nel corso di tutta la sua esistenza testimoni\u00f2 l\u2019amore alla Medicina intesa come arte del prendersi cura, e della passione alla Verit\u00e0 che \u00e8 Cristo.\u00a0 Nel suo campo fu una delle massime autorit\u00e0 a livello mondiale. Era &hellip; <a href=\"https:\/\/www.diocesi.pavia.it\/ufficiosalute\/venerabile-jerome-lejeune\/\" class=\"more-link\">Continue reading <span class=\"screen-reader-text\">Venerabile J\u00e9r\u00f4me Lejeune<\/span> <span class=\"meta-nav\">&raquo;<\/span><\/a><\/p>\n","protected":false},"author":15,"featured_media":0,"parent":0,"menu_order":0,"comment_status":"closed","ping_status":"closed","template":"","meta":{"_acf_changed":false,"ip_address":"","user_agent":"","level":"","revision":"","cookie_id":"","page_referer":"","html_form":"","footnotes":""},"class_list":["post-1184","page","type-page","status-publish","hentry"],"acf":[],"yoast_head":"<!-- This site is optimized with the Yoast SEO plugin v27.4 - https:\/\/yoast.com\/product\/yoast-seo-wordpress\/ -->\n<title>Venerabile J\u00e9r\u00f4me Lejeune - Ufficio Salute<\/title>\n<meta name=\"robots\" content=\"index, follow, max-snippet:-1, max-image-preview:large, max-video-preview:-1\" \/>\n<link rel=\"canonical\" href=\"https:\/\/www.diocesi.pavia.it\/ufficiosalute\/venerabile-jerome-lejeune\/\" \/>\n<meta property=\"og:locale\" content=\"it_IT\" \/>\n<meta property=\"og:type\" content=\"article\" \/>\n<meta property=\"og:title\" content=\"Venerabile J\u00e9r\u00f4me Lejeune - Ufficio Salute\" \/>\n<meta property=\"og:description\" content=\"Il professor J\u00e9r\u00f4me Lejeune, medico e genetista, scopritore della Trisomia 21 causa della Sindrome di Down, \u00e8 stata una delle pi\u00f9 significative figure di scienziato del XX secolo. Nel corso di tutta la sua esistenza testimoni\u00f2 l\u2019amore alla Medicina intesa come arte del prendersi cura, e della passione alla Verit\u00e0 che \u00e8 Cristo.\u00a0 Nel suo campo fu una delle massime autorit\u00e0 a livello mondiale. Era &hellip; Continue reading Venerabile J\u00e9r\u00f4me Lejeune &raquo;\" \/>\n<meta property=\"og:url\" content=\"https:\/\/www.diocesi.pavia.it\/ufficiosalute\/venerabile-jerome-lejeune\/\" \/>\n<meta property=\"og:site_name\" content=\"Ufficio Salute\" \/>\n<meta property=\"article:modified_time\" content=\"2025-04-02T20:39:22+00:00\" \/>\n<meta property=\"og:image\" content=\"https:\/\/www.diocesi.pavia.it\/ufficiosalute\/wp-content\/uploads\/sites\/6\/2025\/03\/Jerome-Lejeaune.jpg\" \/>\n<meta name=\"twitter:card\" content=\"summary_large_image\" \/>\n<meta name=\"twitter:label1\" content=\"Tempo di lettura stimato\" \/>\n\t<meta name=\"twitter:data1\" content=\"2 minuti\" \/>\n<script type=\"application\/ld+json\" class=\"yoast-schema-graph\">{\"@context\":\"https:\\\/\\\/schema.org\",\"@graph\":[{\"@type\":\"WebPage\",\"@id\":\"https:\\\/\\\/www.diocesi.pavia.it\\\/ufficiosalute\\\/venerabile-jerome-lejeune\\\/\",\"url\":\"https:\\\/\\\/www.diocesi.pavia.it\\\/ufficiosalute\\\/venerabile-jerome-lejeune\\\/\",\"name\":\"Venerabile J\u00e9r\u00f4me Lejeune - Ufficio Salute\",\"isPartOf\":{\"@id\":\"https:\\\/\\\/www.diocesi.pavia.it\\\/ufficiosalute\\\/#website\"},\"primaryImageOfPage\":{\"@id\":\"https:\\\/\\\/www.diocesi.pavia.it\\\/ufficiosalute\\\/venerabile-jerome-lejeune\\\/#primaryimage\"},\"image\":{\"@id\":\"https:\\\/\\\/www.diocesi.pavia.it\\\/ufficiosalute\\\/venerabile-jerome-lejeune\\\/#primaryimage\"},\"thumbnailUrl\":\"https:\\\/\\\/www.diocesi.pavia.it\\\/ufficiosalute\\\/wp-content\\\/uploads\\\/sites\\\/6\\\/2025\\\/03\\\/Jerome-Lejeaune.jpg\",\"datePublished\":\"2025-04-02T20:20:18+00:00\",\"dateModified\":\"2025-04-02T20:39:22+00:00\",\"breadcrumb\":{\"@id\":\"https:\\\/\\\/www.diocesi.pavia.it\\\/ufficiosalute\\\/venerabile-jerome-lejeune\\\/#breadcrumb\"},\"inLanguage\":\"it-IT\",\"potentialAction\":[{\"@type\":\"ReadAction\",\"target\":[\"https:\\\/\\\/www.diocesi.pavia.it\\\/ufficiosalute\\\/venerabile-jerome-lejeune\\\/\"]}]},{\"@type\":\"ImageObject\",\"inLanguage\":\"it-IT\",\"@id\":\"https:\\\/\\\/www.diocesi.pavia.it\\\/ufficiosalute\\\/venerabile-jerome-lejeune\\\/#primaryimage\",\"url\":\"https:\\\/\\\/www.diocesi.pavia.it\\\/ufficiosalute\\\/wp-content\\\/uploads\\\/sites\\\/6\\\/2025\\\/03\\\/Jerome-Lejeaune.jpg\",\"contentUrl\":\"https:\\\/\\\/www.diocesi.pavia.it\\\/ufficiosalute\\\/wp-content\\\/uploads\\\/sites\\\/6\\\/2025\\\/03\\\/Jerome-Lejeaune.jpg\",\"width\":174,\"height\":201},{\"@type\":\"BreadcrumbList\",\"@id\":\"https:\\\/\\\/www.diocesi.pavia.it\\\/ufficiosalute\\\/venerabile-jerome-lejeune\\\/#breadcrumb\",\"itemListElement\":[{\"@type\":\"ListItem\",\"position\":1,\"name\":\"Home\",\"item\":\"https:\\\/\\\/www.diocesi.pavia.it\\\/ufficiosalute\\\/\"},{\"@type\":\"ListItem\",\"position\":2,\"name\":\"Venerabile J\u00e9r\u00f4me Lejeune\"}]},{\"@type\":\"WebSite\",\"@id\":\"https:\\\/\\\/www.diocesi.pavia.it\\\/ufficiosalute\\\/#website\",\"url\":\"https:\\\/\\\/www.diocesi.pavia.it\\\/ufficiosalute\\\/\",\"name\":\"Ufficio Salute\",\"description\":\"Diocesi di Pavia\",\"publisher\":{\"@id\":\"https:\\\/\\\/www.diocesi.pavia.it\\\/ufficiosalute\\\/#organization\"},\"potentialAction\":[{\"@type\":\"SearchAction\",\"target\":{\"@type\":\"EntryPoint\",\"urlTemplate\":\"https:\\\/\\\/www.diocesi.pavia.it\\\/ufficiosalute\\\/?s={search_term_string}\"},\"query-input\":{\"@type\":\"PropertyValueSpecification\",\"valueRequired\":true,\"valueName\":\"search_term_string\"}}],\"inLanguage\":\"it-IT\"},{\"@type\":\"Organization\",\"@id\":\"https:\\\/\\\/www.diocesi.pavia.it\\\/ufficiosalute\\\/#organization\",\"name\":\"Ufficio Salute\",\"url\":\"https:\\\/\\\/www.diocesi.pavia.it\\\/ufficiosalute\\\/\",\"logo\":{\"@type\":\"ImageObject\",\"inLanguage\":\"it-IT\",\"@id\":\"https:\\\/\\\/www.diocesi.pavia.it\\\/ufficiosalute\\\/#\\\/schema\\\/logo\\\/image\\\/\",\"url\":\"https:\\\/\\\/www.diocesi.pavia.it\\\/ufficiosalute\\\/wp-content\\\/uploads\\\/sites\\\/6\\\/2024\\\/12\\\/home_salute.png\",\"contentUrl\":\"https:\\\/\\\/www.diocesi.pavia.it\\\/ufficiosalute\\\/wp-content\\\/uploads\\\/sites\\\/6\\\/2024\\\/12\\\/home_salute.png\",\"width\":446,\"height\":108,\"caption\":\"Ufficio Salute\"},\"image\":{\"@id\":\"https:\\\/\\\/www.diocesi.pavia.it\\\/ufficiosalute\\\/#\\\/schema\\\/logo\\\/image\\\/\"}}]}<\/script>\n<!-- \/ Yoast SEO plugin. -->","yoast_head_json":{"title":"Venerabile J\u00e9r\u00f4me Lejeune - Ufficio Salute","robots":{"index":"index","follow":"follow","max-snippet":"max-snippet:-1","max-image-preview":"max-image-preview:large","max-video-preview":"max-video-preview:-1"},"canonical":"https:\/\/www.diocesi.pavia.it\/ufficiosalute\/venerabile-jerome-lejeune\/","og_locale":"it_IT","og_type":"article","og_title":"Venerabile J\u00e9r\u00f4me Lejeune - Ufficio Salute","og_description":"Il professor J\u00e9r\u00f4me Lejeune, medico e genetista, scopritore della Trisomia 21 causa della Sindrome di Down, \u00e8 stata una delle pi\u00f9 significative figure di scienziato del XX secolo. Nel corso di tutta la sua esistenza testimoni\u00f2 l\u2019amore alla Medicina intesa come arte del prendersi cura, e della passione alla Verit\u00e0 che \u00e8 Cristo.\u00a0 Nel suo campo fu una delle massime autorit\u00e0 a livello mondiale. Era &hellip; Continue reading Venerabile J\u00e9r\u00f4me Lejeune &raquo;","og_url":"https:\/\/www.diocesi.pavia.it\/ufficiosalute\/venerabile-jerome-lejeune\/","og_site_name":"Ufficio Salute","article_modified_time":"2025-04-02T20:39:22+00:00","og_image":[{"url":"https:\/\/www.diocesi.pavia.it\/ufficiosalute\/wp-content\/uploads\/sites\/6\/2025\/03\/Jerome-Lejeaune.jpg","type":"","width":"","height":""}],"twitter_card":"summary_large_image","twitter_misc":{"Tempo di lettura stimato":"2 minuti"},"schema":{"@context":"https:\/\/schema.org","@graph":[{"@type":"WebPage","@id":"https:\/\/www.diocesi.pavia.it\/ufficiosalute\/venerabile-jerome-lejeune\/","url":"https:\/\/www.diocesi.pavia.it\/ufficiosalute\/venerabile-jerome-lejeune\/","name":"Venerabile J\u00e9r\u00f4me Lejeune - Ufficio Salute","isPartOf":{"@id":"https:\/\/www.diocesi.pavia.it\/ufficiosalute\/#website"},"primaryImageOfPage":{"@id":"https:\/\/www.diocesi.pavia.it\/ufficiosalute\/venerabile-jerome-lejeune\/#primaryimage"},"image":{"@id":"https:\/\/www.diocesi.pavia.it\/ufficiosalute\/venerabile-jerome-lejeune\/#primaryimage"},"thumbnailUrl":"https:\/\/www.diocesi.pavia.it\/ufficiosalute\/wp-content\/uploads\/sites\/6\/2025\/03\/Jerome-Lejeaune.jpg","datePublished":"2025-04-02T20:20:18+00:00","dateModified":"2025-04-02T20:39:22+00:00","breadcrumb":{"@id":"https:\/\/www.diocesi.pavia.it\/ufficiosalute\/venerabile-jerome-lejeune\/#breadcrumb"},"inLanguage":"it-IT","potentialAction":[{"@type":"ReadAction","target":["https:\/\/www.diocesi.pavia.it\/ufficiosalute\/venerabile-jerome-lejeune\/"]}]},{"@type":"ImageObject","inLanguage":"it-IT","@id":"https:\/\/www.diocesi.pavia.it\/ufficiosalute\/venerabile-jerome-lejeune\/#primaryimage","url":"https:\/\/www.diocesi.pavia.it\/ufficiosalute\/wp-content\/uploads\/sites\/6\/2025\/03\/Jerome-Lejeaune.jpg","contentUrl":"https:\/\/www.diocesi.pavia.it\/ufficiosalute\/wp-content\/uploads\/sites\/6\/2025\/03\/Jerome-Lejeaune.jpg","width":174,"height":201},{"@type":"BreadcrumbList","@id":"https:\/\/www.diocesi.pavia.it\/ufficiosalute\/venerabile-jerome-lejeune\/#breadcrumb","itemListElement":[{"@type":"ListItem","position":1,"name":"Home","item":"https:\/\/www.diocesi.pavia.it\/ufficiosalute\/"},{"@type":"ListItem","position":2,"name":"Venerabile J\u00e9r\u00f4me Lejeune"}]},{"@type":"WebSite","@id":"https:\/\/www.diocesi.pavia.it\/ufficiosalute\/#website","url":"https:\/\/www.diocesi.pavia.it\/ufficiosalute\/","name":"Ufficio Salute","description":"Diocesi di Pavia","publisher":{"@id":"https:\/\/www.diocesi.pavia.it\/ufficiosalute\/#organization"},"potentialAction":[{"@type":"SearchAction","target":{"@type":"EntryPoint","urlTemplate":"https:\/\/www.diocesi.pavia.it\/ufficiosalute\/?s={search_term_string}"},"query-input":{"@type":"PropertyValueSpecification","valueRequired":true,"valueName":"search_term_string"}}],"inLanguage":"it-IT"},{"@type":"Organization","@id":"https:\/\/www.diocesi.pavia.it\/ufficiosalute\/#organization","name":"Ufficio Salute","url":"https:\/\/www.diocesi.pavia.it\/ufficiosalute\/","logo":{"@type":"ImageObject","inLanguage":"it-IT","@id":"https:\/\/www.diocesi.pavia.it\/ufficiosalute\/#\/schema\/logo\/image\/","url":"https:\/\/www.diocesi.pavia.it\/ufficiosalute\/wp-content\/uploads\/sites\/6\/2024\/12\/home_salute.png","contentUrl":"https:\/\/www.diocesi.pavia.it\/ufficiosalute\/wp-content\/uploads\/sites\/6\/2024\/12\/home_salute.png","width":446,"height":108,"caption":"Ufficio Salute"},"image":{"@id":"https:\/\/www.diocesi.pavia.it\/ufficiosalute\/#\/schema\/logo\/image\/"}}]}},"_links":{"self":[{"href":"https:\/\/www.diocesi.pavia.it\/ufficiosalute\/wp-json\/wp\/v2\/pages\/1184","targetHints":{"allow":["GET"]}}],"collection":[{"href":"https:\/\/www.diocesi.pavia.it\/ufficiosalute\/wp-json\/wp\/v2\/pages"}],"about":[{"href":"https:\/\/www.diocesi.pavia.it\/ufficiosalute\/wp-json\/wp\/v2\/types\/page"}],"author":[{"embeddable":true,"href":"https:\/\/www.diocesi.pavia.it\/ufficiosalute\/wp-json\/wp\/v2\/users\/15"}],"replies":[{"embeddable":true,"href":"https:\/\/www.diocesi.pavia.it\/ufficiosalute\/wp-json\/wp\/v2\/comments?post=1184"}],"version-history":[{"count":6,"href":"https:\/\/www.diocesi.pavia.it\/ufficiosalute\/wp-json\/wp\/v2\/pages\/1184\/revisions"}],"predecessor-version":[{"id":1191,"href":"https:\/\/www.diocesi.pavia.it\/ufficiosalute\/wp-json\/wp\/v2\/pages\/1184\/revisions\/1191"}],"wp:attachment":[{"href":"https:\/\/www.diocesi.pavia.it\/ufficiosalute\/wp-json\/wp\/v2\/media?parent=1184"}],"curies":[{"name":"wp","href":"https:\/\/api.w.org\/{rel}","templated":true}]}}