{"id":1146,"date":"2025-03-20T14:35:11","date_gmt":"2025-03-20T13:35:11","guid":{"rendered":"https:\/\/www.diocesi.pavia.it\/ufficiosalute\/?page_id=1146"},"modified":"2025-04-10T14:20:47","modified_gmt":"2025-04-10T12:20:47","slug":"ospitalita-famiglie-dei-malati","status":"publish","type":"page","link":"https:\/\/www.diocesi.pavia.it\/ufficiosalute\/ospitalita-famiglie-dei-malati\/","title":{"rendered":"Ospitalit\u00e0 famiglie dei malati"},"content":{"rendered":"<p><em><strong>Presentiamo un elenco di strutture in Pavia per facilitare i malati e i loro familiari.<\/strong><\/em> Precisiamo che non intendiamo n\u00e9 sponsorizzare n\u00e9 selezionare tali strutture e non ci assumiamo nessuna responsabilit\u00e0. Non svolgiamo alcun ruolo di intermediazione. <a href=\"https:\/\/www.diocesi.pavia.it\/ufficiosalute\/wp-content\/uploads\/sites\/6\/2025\/04\/Ospitalita-in-Pavia.pdf\">Ospitalit\u00e0 in Pavia<\/a><\/p>\n<p>&nbsp;<\/p>\n<p>Rimandiamo anche alla pagina del <em><strong>sito della CNAO di Pavia per altre possibilit\u00e0<\/strong><\/em>: <a href=\"https:\/\/fondazionecnao.it\/area-pazienti\/strutture-di-accoglienza\">Un elenco delle strutture a cui appoggiarsi durante le terapie<\/a><\/p>\n<p>&nbsp;<\/p>\n<p>Uno dei siti pi\u00f9 aggiornati e precisi per l&#8217;ospitalit\u00e0, non solo a Pavia \u00e8 <em><strong>a casa lontani da casa<\/strong><\/em><\/p>\n<p>Vedi sito: <a href=\"https:\/\/acasalontanidacasa.it\/\">A Casa Lontani Da Casa &#8211; La prima rete solidale di alloggi e servizi<\/a><\/p>\n","protected":false},"excerpt":{"rendered":"<p>Presentiamo un elenco di strutture in Pavia per facilitare i malati e i loro familiari. Precisiamo che non intendiamo n\u00e9 sponsorizzare n\u00e9 selezionare tali strutture e non ci assumiamo nessuna responsabilit\u00e0. Non svolgiamo alcun ruolo di intermediazione. Ospitalit\u00e0 in Pavia &nbsp; Rimandiamo anche alla pagina del sito della CNAO di Pavia per altre possibilit\u00e0: Un elenco delle strutture a cui appoggiarsi durante le terapie &nbsp; &hellip; <a href=\"https:\/\/www.diocesi.pavia.it\/ufficiosalute\/ospitalita-famiglie-dei-malati\/\" class=\"more-link\">Continue reading <span class=\"screen-reader-text\">Ospitalit\u00e0 famiglie dei malati<\/span> <span class=\"meta-nav\">&raquo;<\/span><\/a><\/p>\n","protected":false},"author":15,"featured_media":0,"parent":0,"menu_order":0,"comment_status":"closed","ping_status":"closed","template":"","meta":{"_acf_changed":false,"ip_address":"","user_agent":"","level":"","revision":"","cookie_id":"","page_referer":"","html_form":"","footnotes":""},"class_list":["post-1146","page","type-page","status-publish","hentry"],"acf":[],"yoast_head":"<!-- This site is optimized with the Yoast SEO plugin v27.4 - https:\/\/yoast.com\/product\/yoast-seo-wordpress\/ -->\n<title>Ospitalit\u00e0 famiglie dei malati - Ufficio Salute<\/title>\n<meta name=\"robots\" content=\"index, follow, max-snippet:-1, max-image-preview:large, max-video-preview:-1\" \/>\n<link rel=\"canonical\" href=\"https:\/\/www.diocesi.pavia.it\/ufficiosalute\/ospitalita-famiglie-dei-malati\/\" \/>\n<meta property=\"og:locale\" content=\"it_IT\" \/>\n<meta property=\"og:type\" content=\"article\" \/>\n<meta property=\"og:title\" content=\"Ospitalit\u00e0 famiglie dei malati - Ufficio Salute\" \/>\n<meta property=\"og:description\" content=\"Presentiamo un elenco di strutture in Pavia per facilitare i malati e i loro familiari. Precisiamo che non intendiamo n\u00e9 sponsorizzare n\u00e9 selezionare tali strutture e non ci assumiamo nessuna responsabilit\u00e0. Non svolgiamo alcun ruolo di intermediazione. Ospitalit\u00e0 in Pavia &nbsp; Rimandiamo anche alla pagina del sito della CNAO di Pavia per altre possibilit\u00e0: Un elenco delle strutture a cui appoggiarsi durante le terapie &nbsp; &hellip; Continue reading Ospitalit\u00e0 famiglie dei malati &raquo;\" \/>\n<meta property=\"og:url\" content=\"https:\/\/www.diocesi.pavia.it\/ufficiosalute\/ospitalita-famiglie-dei-malati\/\" \/>\n<meta property=\"og:site_name\" content=\"Ufficio Salute\" \/>\n<meta property=\"article:modified_time\" content=\"2025-04-10T12:20:47+00:00\" \/>\n<meta name=\"twitter:card\" content=\"summary_large_image\" \/>\n<meta name=\"twitter:label1\" content=\"Tempo di lettura stimato\" \/>\n\t<meta name=\"twitter:data1\" content=\"1 minuto\" \/>\n<script type=\"application\/ld+json\" class=\"yoast-schema-graph\">{\"@context\":\"https:\\\/\\\/schema.org\",\"@graph\":[{\"@type\":\"WebPage\",\"@id\":\"https:\\\/\\\/www.diocesi.pavia.it\\\/ufficiosalute\\\/ospitalita-famiglie-dei-malati\\\/\",\"url\":\"https:\\\/\\\/www.diocesi.pavia.it\\\/ufficiosalute\\\/ospitalita-famiglie-dei-malati\\\/\",\"name\":\"Ospitalit\u00e0 famiglie dei malati - Ufficio Salute\",\"isPartOf\":{\"@id\":\"https:\\\/\\\/www.diocesi.pavia.it\\\/ufficiosalute\\\/#website\"},\"datePublished\":\"2025-03-20T13:35:11+00:00\",\"dateModified\":\"2025-04-10T12:20:47+00:00\",\"breadcrumb\":{\"@id\":\"https:\\\/\\\/www.diocesi.pavia.it\\\/ufficiosalute\\\/ospitalita-famiglie-dei-malati\\\/#breadcrumb\"},\"inLanguage\":\"it-IT\",\"potentialAction\":[{\"@type\":\"ReadAction\",\"target\":[\"https:\\\/\\\/www.diocesi.pavia.it\\\/ufficiosalute\\\/ospitalita-famiglie-dei-malati\\\/\"]}]},{\"@type\":\"BreadcrumbList\",\"@id\":\"https:\\\/\\\/www.diocesi.pavia.it\\\/ufficiosalute\\\/ospitalita-famiglie-dei-malati\\\/#breadcrumb\",\"itemListElement\":[{\"@type\":\"ListItem\",\"position\":1,\"name\":\"Home\",\"item\":\"https:\\\/\\\/www.diocesi.pavia.it\\\/ufficiosalute\\\/\"},{\"@type\":\"ListItem\",\"position\":2,\"name\":\"Ospitalit\u00e0 famiglie dei malati\"}]},{\"@type\":\"WebSite\",\"@id\":\"https:\\\/\\\/www.diocesi.pavia.it\\\/ufficiosalute\\\/#website\",\"url\":\"https:\\\/\\\/www.diocesi.pavia.it\\\/ufficiosalute\\\/\",\"name\":\"Ufficio Salute\",\"description\":\"Diocesi di Pavia\",\"publisher\":{\"@id\":\"https:\\\/\\\/www.diocesi.pavia.it\\\/ufficiosalute\\\/#organization\"},\"potentialAction\":[{\"@type\":\"SearchAction\",\"target\":{\"@type\":\"EntryPoint\",\"urlTemplate\":\"https:\\\/\\\/www.diocesi.pavia.it\\\/ufficiosalute\\\/?s={search_term_string}\"},\"query-input\":{\"@type\":\"PropertyValueSpecification\",\"valueRequired\":true,\"valueName\":\"search_term_string\"}}],\"inLanguage\":\"it-IT\"},{\"@type\":\"Organization\",\"@id\":\"https:\\\/\\\/www.diocesi.pavia.it\\\/ufficiosalute\\\/#organization\",\"name\":\"Ufficio Salute\",\"url\":\"https:\\\/\\\/www.diocesi.pavia.it\\\/ufficiosalute\\\/\",\"logo\":{\"@type\":\"ImageObject\",\"inLanguage\":\"it-IT\",\"@id\":\"https:\\\/\\\/www.diocesi.pavia.it\\\/ufficiosalute\\\/#\\\/schema\\\/logo\\\/image\\\/\",\"url\":\"https:\\\/\\\/www.diocesi.pavia.it\\\/ufficiosalute\\\/wp-content\\\/uploads\\\/sites\\\/6\\\/2024\\\/12\\\/home_salute.png\",\"contentUrl\":\"https:\\\/\\\/www.diocesi.pavia.it\\\/ufficiosalute\\\/wp-content\\\/uploads\\\/sites\\\/6\\\/2024\\\/12\\\/home_salute.png\",\"width\":446,\"height\":108,\"caption\":\"Ufficio Salute\"},\"image\":{\"@id\":\"https:\\\/\\\/www.diocesi.pavia.it\\\/ufficiosalute\\\/#\\\/schema\\\/logo\\\/image\\\/\"}}]}<\/script>\n<!-- \/ Yoast SEO plugin. -->","yoast_head_json":{"title":"Ospitalit\u00e0 famiglie dei malati - Ufficio Salute","robots":{"index":"index","follow":"follow","max-snippet":"max-snippet:-1","max-image-preview":"max-image-preview:large","max-video-preview":"max-video-preview:-1"},"canonical":"https:\/\/www.diocesi.pavia.it\/ufficiosalute\/ospitalita-famiglie-dei-malati\/","og_locale":"it_IT","og_type":"article","og_title":"Ospitalit\u00e0 famiglie dei malati - Ufficio Salute","og_description":"Presentiamo un elenco di strutture in Pavia per facilitare i malati e i loro familiari. Precisiamo che non intendiamo n\u00e9 sponsorizzare n\u00e9 selezionare tali strutture e non ci assumiamo nessuna responsabilit\u00e0. Non svolgiamo alcun ruolo di intermediazione. Ospitalit\u00e0 in Pavia &nbsp; Rimandiamo anche alla pagina del sito della CNAO di Pavia per altre possibilit\u00e0: Un elenco delle strutture a cui appoggiarsi durante le terapie &nbsp; &hellip; Continue reading Ospitalit\u00e0 famiglie dei malati &raquo;","og_url":"https:\/\/www.diocesi.pavia.it\/ufficiosalute\/ospitalita-famiglie-dei-malati\/","og_site_name":"Ufficio Salute","article_modified_time":"2025-04-10T12:20:47+00:00","twitter_card":"summary_large_image","twitter_misc":{"Tempo di lettura stimato":"1 minuto"},"schema":{"@context":"https:\/\/schema.org","@graph":[{"@type":"WebPage","@id":"https:\/\/www.diocesi.pavia.it\/ufficiosalute\/ospitalita-famiglie-dei-malati\/","url":"https:\/\/www.diocesi.pavia.it\/ufficiosalute\/ospitalita-famiglie-dei-malati\/","name":"Ospitalit\u00e0 famiglie dei malati - Ufficio Salute","isPartOf":{"@id":"https:\/\/www.diocesi.pavia.it\/ufficiosalute\/#website"},"datePublished":"2025-03-20T13:35:11+00:00","dateModified":"2025-04-10T12:20:47+00:00","breadcrumb":{"@id":"https:\/\/www.diocesi.pavia.it\/ufficiosalute\/ospitalita-famiglie-dei-malati\/#breadcrumb"},"inLanguage":"it-IT","potentialAction":[{"@type":"ReadAction","target":["https:\/\/www.diocesi.pavia.it\/ufficiosalute\/ospitalita-famiglie-dei-malati\/"]}]},{"@type":"BreadcrumbList","@id":"https:\/\/www.diocesi.pavia.it\/ufficiosalute\/ospitalita-famiglie-dei-malati\/#breadcrumb","itemListElement":[{"@type":"ListItem","position":1,"name":"Home","item":"https:\/\/www.diocesi.pavia.it\/ufficiosalute\/"},{"@type":"ListItem","position":2,"name":"Ospitalit\u00e0 famiglie dei malati"}]},{"@type":"WebSite","@id":"https:\/\/www.diocesi.pavia.it\/ufficiosalute\/#website","url":"https:\/\/www.diocesi.pavia.it\/ufficiosalute\/","name":"Ufficio Salute","description":"Diocesi di Pavia","publisher":{"@id":"https:\/\/www.diocesi.pavia.it\/ufficiosalute\/#organization"},"potentialAction":[{"@type":"SearchAction","target":{"@type":"EntryPoint","urlTemplate":"https:\/\/www.diocesi.pavia.it\/ufficiosalute\/?s={search_term_string}"},"query-input":{"@type":"PropertyValueSpecification","valueRequired":true,"valueName":"search_term_string"}}],"inLanguage":"it-IT"},{"@type":"Organization","@id":"https:\/\/www.diocesi.pavia.it\/ufficiosalute\/#organization","name":"Ufficio Salute","url":"https:\/\/www.diocesi.pavia.it\/ufficiosalute\/","logo":{"@type":"ImageObject","inLanguage":"it-IT","@id":"https:\/\/www.diocesi.pavia.it\/ufficiosalute\/#\/schema\/logo\/image\/","url":"https:\/\/www.diocesi.pavia.it\/ufficiosalute\/wp-content\/uploads\/sites\/6\/2024\/12\/home_salute.png","contentUrl":"https:\/\/www.diocesi.pavia.it\/ufficiosalute\/wp-content\/uploads\/sites\/6\/2024\/12\/home_salute.png","width":446,"height":108,"caption":"Ufficio Salute"},"image":{"@id":"https:\/\/www.diocesi.pavia.it\/ufficiosalute\/#\/schema\/logo\/image\/"}}]}},"_links":{"self":[{"href":"https:\/\/www.diocesi.pavia.it\/ufficiosalute\/wp-json\/wp\/v2\/pages\/1146","targetHints":{"allow":["GET"]}}],"collection":[{"href":"https:\/\/www.diocesi.pavia.it\/ufficiosalute\/wp-json\/wp\/v2\/pages"}],"about":[{"href":"https:\/\/www.diocesi.pavia.it\/ufficiosalute\/wp-json\/wp\/v2\/types\/page"}],"author":[{"embeddable":true,"href":"https:\/\/www.diocesi.pavia.it\/ufficiosalute\/wp-json\/wp\/v2\/users\/15"}],"replies":[{"embeddable":true,"href":"https:\/\/www.diocesi.pavia.it\/ufficiosalute\/wp-json\/wp\/v2\/comments?post=1146"}],"version-history":[{"count":5,"href":"https:\/\/www.diocesi.pavia.it\/ufficiosalute\/wp-json\/wp\/v2\/pages\/1146\/revisions"}],"predecessor-version":[{"id":1233,"href":"https:\/\/www.diocesi.pavia.it\/ufficiosalute\/wp-json\/wp\/v2\/pages\/1146\/revisions\/1233"}],"wp:attachment":[{"href":"https:\/\/www.diocesi.pavia.it\/ufficiosalute\/wp-json\/wp\/v2\/media?parent=1146"}],"curies":[{"name":"wp","href":"https:\/\/api.w.org\/{rel}","templated":true}]}}