{"id":1122,"date":"2025-03-19T10:55:49","date_gmt":"2025-03-19T09:55:49","guid":{"rendered":"https:\/\/www.diocesi.pavia.it\/ufficiosalute\/?page_id=1122"},"modified":"2026-04-15T12:29:38","modified_gmt":"2026-04-15T10:29:38","slug":"santi-medici","status":"publish","type":"page","link":"https:\/\/www.diocesi.pavia.it\/ufficiosalute\/testimonianze\/santi-medici\/","title":{"rendered":"Santi Medici e Medici Santi"},"content":{"rendered":"<p><em><strong>In questa sezione desideriamo raccontare l&#8217;esperienza di alcuni santi e medici che ci aiutano a cogliere il senso dell&#8217;umano soffrire e ci mostrano come Dio agisce nella nostra vita per restituirci la salute del corpo e dello spirito.\u00a0 Persone che hanno acquisito conoscenze e metodiche in campo medico per guarire o almeno lenire le sofferenze provocate da traumi e malattie. Persone che hanno saputo svolgere la loro missione riconoscendo nel malato il volto del Cristo sofferente.<\/strong><\/em><\/p>\n<p><em><strong>E&#8217; una galleria di ritratti di persone che ancora oggi possono parlare al nostro mondo ipertecnologico e spesso disumanizzante per ricordarci che proprio nella fragilit\u00e0 della malattia e del dolore possiamo fare quell&#8217;esperienza di Dio che ci rende davvero creature a sua immagine e somiglianza.<\/strong><\/em><\/p>\n<p>&nbsp;<\/p>\n<h4><strong>Santa Gianna Beretta Molla (4\/10\/1922 \u2013 28\/4\/1962)<\/strong><\/h4>\n<p>\u00c8 la\u00a0Santa Patrona\u00a0delle madri,\u00a0dei medici e dei bambini\u00a0non ancora nati.\u00a0E\u2019<strong>\u00a0<\/strong>la\u00a0Santa che ha preferito morire anzich\u00e9 accettare cure che avrebbero arrecato danno al suo bambino.\u00a0La sua festa \u00e8 il\u00a028 aprile.<\/p>\n<p>Nata a Magenta (MI), \u00e8 cresciuta in una famiglia cattolica numerosa. I suoi genitori avevano 13 figli. Suo fratello, Enrico Beretta, \u00e8 stato nominato Servo di Dio.<\/p>\n<p><strong>Medico, moglie, madre e donna piena di amore per la vita.<\/strong>\u00a0 Laureata in Medicina e Chirurgia nel 1949 all\u2019Universit\u00e0 di Pavia, si specializza in Pediatria nell\u2019Universit\u00e0 di Milano. Mentre compie la sua opera di medico, che sente e pratica come una \u00abmissione\u00bb a favore soprattutto di mamme, bambini, anziani e poveri, perch\u00e8<\/p>\n<p style=\"font-size: 16px;\">\u00abChi tocca il corpo di un paziente &#8211; dice &#8211; tocca il corpo di Cristo\u00bb.<\/p>\n<p>accresce il suo impegno generoso nell\u2019Azione Cattolica, prodigandosi per le \u00abgiovanissime\u00bb. Al tempo stesso, esprime con gli sci e l\u2019alpinismo la sua grande gioia di vivere e di godersi l\u2019incanto del creato.<\/p>\n<p>Fin da bambina vive la sua fede nella preghiera e nei sacramenti, cercando di capire quale strada intraprendere nella volont\u00e0 del Signore. Scelta la vocazione al matrimonio, l\u2019abbraccia con tutto l\u2019entusiasmo e s\u2019impegna a donarsi totalmente \u00abper formare una famiglia veramente cristiana\u00bb.<\/p>\n<p><a href=\"https:\/\/www.diocesi.pavia.it\/ufficiosalute\/santa-gianna-beretta-molla-4-10-1922-28-4-1962\/\">Leggi tutto<\/a><\/p>\n<h4><img loading=\"lazy\" decoding=\"async\" class=\"alignnone size-medium wp-image-3455\" src=\"https:\/\/www.diocesi.pavia.it\/ufficiosalute\/wp-content\/uploads\/sites\/6\/2026\/04\/santa-gianna-1-300x210.jpg\" alt=\"\" width=\"300\" height=\"210\" srcset=\"https:\/\/www.diocesi.pavia.it\/ufficiosalute\/wp-content\/uploads\/sites\/6\/2026\/04\/santa-gianna-1-300x210.jpg 300w, https:\/\/www.diocesi.pavia.it\/ufficiosalute\/wp-content\/uploads\/sites\/6\/2026\/04\/santa-gianna-1.jpg 474w\" sizes=\"auto, (max-width: 300px) 100vw, 300px\" \/><\/h4>\n<h4><strong>San Riccardo Pampuri (2 agosto 1897 &#8211; 1 maggio 1930)<\/strong><\/h4>\n<p>San Riccardo Pampuri, di cui ricorre la festa il 1\u00b0 maggio, \u00e8 un medico canonizzato dalla Chiesa nello scorso secolo. Nell\u2019anno in cui egli entrava a far parte dell\u2019ordine dei Fatebenefratelli, moriva San Giuseppe Moscati, canonizzato da San Giovanni Paolo II nel 1987.<\/p>\n<p>Dice di lui Don Luigi Giussani,\u00a0 nella nota introduttiva al libro \u201cFra Riccardo Pampuri\u201d di Rino Cammilleri:<\/p>\n<p>\u201cErminio Pampuri era un piccolo medico condotto. All\u2019inizio del secolo si fece frate Riccardo \u2026. perch\u00e8 voleva diventare santo. Santo. C&#8217;\u00e8 un modo di intendere questa parola che la identifica con una sorta di eccezionalit\u00e0 strana, quasi una stravaganza legata a particolari doti di carattere e di coerenza etica. Ma noi sappiamo che <strong>la\u00a0 santit\u00e0 nella vita della Chiesa \u00e8 la \u201cstoffa\u201d della vita di fede<\/strong>. \u2026 San Riccardo ci offre\u00a0 un esempio eclatante di questa grande verit\u00e0: egli fu uomo vero perch\u00e9 ader\u00ec con semplicit\u00e0 e sincerit\u00e0 a una Presenza familiare. Non \u00e8 diventato grande per essersi impegnato in un grintoso affronto della realt\u00e0, inevitabilmente destinato a delusione\u2026Egli \u00e8 per noi una testimonianza solare di quanto San Paolo dice di se stesso: \u201cPur vivendo nella carne io vivo nella fede del Figlio di Dio\u201d (Col 2,21)\u2026. San Riccardo fu tutto determinato \u2013 sentimento, pensiero e azione \u2013 dall\u2019amore per cui Cristo si \u00e8 fatto uomo\u2026. Da quando lo abbiamo conosciuto qualche anno fa attraverso il racconto stupefatto di chi ne ha avuto beneficio nel corpo e nello spirito, <strong>San Riccardo \u00e9 per noi la testimonianza mirabile che la santit\u00e0 come ideale di umanit\u00e0 \u00e8 alla portata di tutti\u201d<\/strong><\/p>\n<p>[<a href=\"https:\/\/www.diocesi.pavia.it\/ufficiosalute\/san-riccardo-pampuri-2-agosto-1897-1-maggio-1030\/\">Leggi tutto]<\/a><\/p>\n<p><img loading=\"lazy\" decoding=\"async\" class=\"alignnone size-medium wp-image-1334\" src=\"https:\/\/www.diocesi.pavia.it\/ufficiosalute\/wp-content\/uploads\/sites\/6\/2025\/05\/pampuri-201x300.jpg\" alt=\"\" width=\"201\" height=\"300\" srcset=\"https:\/\/www.diocesi.pavia.it\/ufficiosalute\/wp-content\/uploads\/sites\/6\/2025\/05\/pampuri-201x300.jpg 201w, https:\/\/www.diocesi.pavia.it\/ufficiosalute\/wp-content\/uploads\/sites\/6\/2025\/05\/pampuri.jpg 479w\" sizes=\"auto, (max-width: 201px) 100vw, 201px\" \/><\/p>\n<h4><strong>San Giuseppe Moscati (25 luglio 1880 &#8211;\u00a0 12 aprile 1927)<\/strong><\/h4>\n<p>Patrono dei medici, infermieri e soccorritori del sistema dell&#8217;emergenza territoriale 118 italiano, della medicina e chirurgia di emergenza nazionale &#8211;\u00a0 si festeggia il 12 aprile<\/p>\n<p><span style=\"font-size: inherit;\">Diceva: &#8220;Beati noi medici, tanto spesso incapaci ad allontanare una malattia, beati noi se ci ricordiamo che oltre i corpi abbiamo di fronte delle anime immortali, per le quali urge il precetto evangelico di amarle come noi stessi&#8221;\u00a0\u00a0<\/span><\/p>\n<p><a href=\"https:\/\/www.diocesi.pavia.it\/ufficiosalute\/san-giuseppe-moscati\/\">[leggi tutto]<\/a><\/p>\n<p><img loading=\"lazy\" decoding=\"async\" class=\"alignnone size-medium wp-image-1204\" src=\"https:\/\/www.diocesi.pavia.it\/ufficiosalute\/wp-content\/uploads\/sites\/6\/2025\/04\/OIP-1-300x208.jpg\" alt=\"\" width=\"300\" height=\"208\" srcset=\"https:\/\/www.diocesi.pavia.it\/ufficiosalute\/wp-content\/uploads\/sites\/6\/2025\/04\/OIP-1-300x208.jpg 300w, https:\/\/www.diocesi.pavia.it\/ufficiosalute\/wp-content\/uploads\/sites\/6\/2025\/04\/OIP-1.jpg 362w\" sizes=\"auto, (max-width: 300px) 100vw, 300px\" \/><\/p>\n<h4><strong>Santa Ildegarda di Bingen (1098 &#8211; 17 settembre 1179)\u00a0<\/strong><\/h4>\n<p>Vissuta nel XII secolo, \u00e8 stata canonizzata nel 2012 da Papa Benedetto XVI e nominata Dottore della Chiesa per l&#8217;importanza e l&#8217;ampiezza del suo contributo alla dottrina della fede cattolica.<\/p>\n<p>E&#8217; stata monaca benedettina prima e poi badessa; scrittrice, mistica, teologa, gemmologa, guaritrice, erborista, esorcista, ginecologa, cosmologa, filosofa, poetessa e drammaturga, musicista, linguista, consigliera di principi, papi e imperatori.<\/p>\n<p><a href=\"https:\/\/www.diocesi.pavia.it\/ufficiosalute\/testimonianze\/santi-medici\/santa-ildegarda-di-bingen\/\">[leggi tutto]<\/a><\/p>\n<p><img loading=\"lazy\" decoding=\"async\" class=\"alignnone size-medium wp-image-1134\" src=\"https:\/\/www.diocesi.pavia.it\/ufficiosalute\/wp-content\/uploads\/sites\/6\/2025\/03\/santa-ildegarda-300x200.jpg\" alt=\"\" width=\"300\" height=\"200\" srcset=\"https:\/\/www.diocesi.pavia.it\/ufficiosalute\/wp-content\/uploads\/sites\/6\/2025\/03\/santa-ildegarda-300x200.jpg 300w, https:\/\/www.diocesi.pavia.it\/ufficiosalute\/wp-content\/uploads\/sites\/6\/2025\/03\/santa-ildegarda-600x400.jpg 600w, https:\/\/www.diocesi.pavia.it\/ufficiosalute\/wp-content\/uploads\/sites\/6\/2025\/03\/santa-ildegarda-272x182.jpg 272w, https:\/\/www.diocesi.pavia.it\/ufficiosalute\/wp-content\/uploads\/sites\/6\/2025\/03\/santa-ildegarda.jpg 627w\" sizes=\"auto, (max-width: 300px) 100vw, 300px\" \/><\/p>\n<p>&nbsp;<\/p>\n<h4><strong>Venerabile J\u00e9r\u00f4me Lejeune (13 giugno 1926 &#8211; 3 aprile 1994)<\/strong><\/h4>\n<p>Il professor J\u00e9r\u00f4me Lejeune, medico e genetista, scopritore della Trisomia 21 causa della Sindrome di Down, \u00e8 stata una delle pi\u00f9 significative figure di scienziato del XX secolo. Nel corso di tutta la sua esistenza testimoni\u00f2 l\u2019amore alla Medicina intesa come arte del prendersi cura, e della passione alla Verit\u00e0 che \u00e8 Cristo.\u00a0 Nel suo campo fu una delle massime autorit\u00e0 a livello mondiale. Era rispettato anche da quanti non ne condividevano le convinzioni pi\u00f9 profonde ed \u00e8 oggi modello e ispirazione per molti giovani che vogliono intraprendere la professione medica.<\/p>\n<p><a href=\"https:\/\/www.diocesi.pavia.it\/ufficiosalute\/venerabile-jerome-lejeune\/\">Leggi tutto<\/a><\/p>\n<p><img loading=\"lazy\" decoding=\"async\" class=\"alignnone size-full wp-image-1139\" style=\"font-size: inherit;\" src=\"https:\/\/www.diocesi.pavia.it\/ufficiosalute\/wp-content\/uploads\/sites\/6\/2025\/03\/Jerome-Lejeaune.jpg\" alt=\"\" width=\"174\" height=\"201\" \/><\/p>\n<p>&nbsp;<\/p>\n","protected":false},"excerpt":{"rendered":"<p>In questa sezione desideriamo raccontare l&#8217;esperienza di alcuni santi e medici che ci aiutano a cogliere il senso dell&#8217;umano soffrire e ci mostrano come Dio agisce nella nostra vita per restituirci la salute del corpo e dello spirito.\u00a0 Persone che hanno acquisito conoscenze e metodiche in campo medico per guarire o almeno lenire le sofferenze provocate da traumi e malattie. Persone che hanno saputo svolgere &hellip; <a href=\"https:\/\/www.diocesi.pavia.it\/ufficiosalute\/testimonianze\/santi-medici\/\" class=\"more-link\">Continue reading <span class=\"screen-reader-text\">Santi Medici e Medici Santi<\/span> <span class=\"meta-nav\">&raquo;<\/span><\/a><\/p>\n","protected":false},"author":15,"featured_media":0,"parent":673,"menu_order":0,"comment_status":"closed","ping_status":"closed","template":"","meta":{"_acf_changed":false,"ip_address":"","user_agent":"","level":"","revision":"","cookie_id":"","page_referer":"","html_form":"","footnotes":""},"class_list":["post-1122","page","type-page","status-publish","hentry"],"acf":[],"yoast_head":"<!-- This site is optimized with the Yoast SEO plugin v27.4 - https:\/\/yoast.com\/product\/yoast-seo-wordpress\/ -->\n<title>Santi Medici e Medici Santi - Ufficio Salute<\/title>\n<meta name=\"robots\" content=\"index, follow, max-snippet:-1, max-image-preview:large, max-video-preview:-1\" \/>\n<link rel=\"canonical\" href=\"https:\/\/www.diocesi.pavia.it\/ufficiosalute\/testimonianze\/santi-medici\/\" \/>\n<meta property=\"og:locale\" content=\"it_IT\" \/>\n<meta property=\"og:type\" content=\"article\" \/>\n<meta property=\"og:title\" content=\"Santi Medici e Medici Santi - Ufficio Salute\" \/>\n<meta property=\"og:description\" content=\"In questa sezione desideriamo raccontare l&#8217;esperienza di alcuni santi e medici che ci aiutano a cogliere il senso dell&#8217;umano soffrire e ci mostrano come Dio agisce nella nostra vita per restituirci la salute del corpo e dello spirito.\u00a0 Persone che hanno acquisito conoscenze e metodiche in campo medico per guarire o almeno lenire le sofferenze provocate da traumi e malattie. Persone che hanno saputo svolgere &hellip; Continue reading Santi Medici e Medici Santi &raquo;\" \/>\n<meta property=\"og:url\" content=\"https:\/\/www.diocesi.pavia.it\/ufficiosalute\/testimonianze\/santi-medici\/\" \/>\n<meta property=\"og:site_name\" content=\"Ufficio Salute\" \/>\n<meta property=\"article:modified_time\" content=\"2026-04-15T10:29:38+00:00\" \/>\n<meta property=\"og:image\" content=\"https:\/\/www.diocesi.pavia.it\/ufficiosalute\/wp-content\/uploads\/sites\/6\/2026\/04\/santa-gianna-1.jpg\" \/>\n\t<meta property=\"og:image:width\" content=\"474\" \/>\n\t<meta property=\"og:image:height\" content=\"332\" \/>\n\t<meta property=\"og:image:type\" content=\"image\/jpeg\" \/>\n<meta name=\"twitter:card\" content=\"summary_large_image\" \/>\n<meta name=\"twitter:label1\" content=\"Tempo di lettura stimato\" \/>\n\t<meta name=\"twitter:data1\" content=\"6 minuti\" \/>\n<script type=\"application\/ld+json\" class=\"yoast-schema-graph\">{\"@context\":\"https:\\\/\\\/schema.org\",\"@graph\":[{\"@type\":\"WebPage\",\"@id\":\"https:\\\/\\\/www.diocesi.pavia.it\\\/ufficiosalute\\\/testimonianze\\\/santi-medici\\\/\",\"url\":\"https:\\\/\\\/www.diocesi.pavia.it\\\/ufficiosalute\\\/testimonianze\\\/santi-medici\\\/\",\"name\":\"Santi Medici e Medici Santi - Ufficio Salute\",\"isPartOf\":{\"@id\":\"https:\\\/\\\/www.diocesi.pavia.it\\\/ufficiosalute\\\/#website\"},\"primaryImageOfPage\":{\"@id\":\"https:\\\/\\\/www.diocesi.pavia.it\\\/ufficiosalute\\\/testimonianze\\\/santi-medici\\\/#primaryimage\"},\"image\":{\"@id\":\"https:\\\/\\\/www.diocesi.pavia.it\\\/ufficiosalute\\\/testimonianze\\\/santi-medici\\\/#primaryimage\"},\"thumbnailUrl\":\"https:\\\/\\\/www.diocesi.pavia.it\\\/ufficiosalute\\\/wp-content\\\/uploads\\\/sites\\\/6\\\/2026\\\/04\\\/santa-gianna-1-300x210.jpg\",\"datePublished\":\"2025-03-19T09:55:49+00:00\",\"dateModified\":\"2026-04-15T10:29:38+00:00\",\"breadcrumb\":{\"@id\":\"https:\\\/\\\/www.diocesi.pavia.it\\\/ufficiosalute\\\/testimonianze\\\/santi-medici\\\/#breadcrumb\"},\"inLanguage\":\"it-IT\",\"potentialAction\":[{\"@type\":\"ReadAction\",\"target\":[\"https:\\\/\\\/www.diocesi.pavia.it\\\/ufficiosalute\\\/testimonianze\\\/santi-medici\\\/\"]}]},{\"@type\":\"ImageObject\",\"inLanguage\":\"it-IT\",\"@id\":\"https:\\\/\\\/www.diocesi.pavia.it\\\/ufficiosalute\\\/testimonianze\\\/santi-medici\\\/#primaryimage\",\"url\":\"https:\\\/\\\/www.diocesi.pavia.it\\\/ufficiosalute\\\/wp-content\\\/uploads\\\/sites\\\/6\\\/2026\\\/04\\\/santa-gianna-1.jpg\",\"contentUrl\":\"https:\\\/\\\/www.diocesi.pavia.it\\\/ufficiosalute\\\/wp-content\\\/uploads\\\/sites\\\/6\\\/2026\\\/04\\\/santa-gianna-1.jpg\",\"width\":474,\"height\":332},{\"@type\":\"BreadcrumbList\",\"@id\":\"https:\\\/\\\/www.diocesi.pavia.it\\\/ufficiosalute\\\/testimonianze\\\/santi-medici\\\/#breadcrumb\",\"itemListElement\":[{\"@type\":\"ListItem\",\"position\":1,\"name\":\"Home\",\"item\":\"https:\\\/\\\/www.diocesi.pavia.it\\\/ufficiosalute\\\/\"},{\"@type\":\"ListItem\",\"position\":2,\"name\":\"Testimonianze\",\"item\":\"https:\\\/\\\/www.diocesi.pavia.it\\\/ufficiosalute\\\/testimonianze\\\/\"},{\"@type\":\"ListItem\",\"position\":3,\"name\":\"Santi Medici e Medici Santi\"}]},{\"@type\":\"WebSite\",\"@id\":\"https:\\\/\\\/www.diocesi.pavia.it\\\/ufficiosalute\\\/#website\",\"url\":\"https:\\\/\\\/www.diocesi.pavia.it\\\/ufficiosalute\\\/\",\"name\":\"Ufficio Salute\",\"description\":\"Diocesi di Pavia\",\"publisher\":{\"@id\":\"https:\\\/\\\/www.diocesi.pavia.it\\\/ufficiosalute\\\/#organization\"},\"potentialAction\":[{\"@type\":\"SearchAction\",\"target\":{\"@type\":\"EntryPoint\",\"urlTemplate\":\"https:\\\/\\\/www.diocesi.pavia.it\\\/ufficiosalute\\\/?s={search_term_string}\"},\"query-input\":{\"@type\":\"PropertyValueSpecification\",\"valueRequired\":true,\"valueName\":\"search_term_string\"}}],\"inLanguage\":\"it-IT\"},{\"@type\":\"Organization\",\"@id\":\"https:\\\/\\\/www.diocesi.pavia.it\\\/ufficiosalute\\\/#organization\",\"name\":\"Ufficio Salute\",\"url\":\"https:\\\/\\\/www.diocesi.pavia.it\\\/ufficiosalute\\\/\",\"logo\":{\"@type\":\"ImageObject\",\"inLanguage\":\"it-IT\",\"@id\":\"https:\\\/\\\/www.diocesi.pavia.it\\\/ufficiosalute\\\/#\\\/schema\\\/logo\\\/image\\\/\",\"url\":\"https:\\\/\\\/www.diocesi.pavia.it\\\/ufficiosalute\\\/wp-content\\\/uploads\\\/sites\\\/6\\\/2024\\\/12\\\/home_salute.png\",\"contentUrl\":\"https:\\\/\\\/www.diocesi.pavia.it\\\/ufficiosalute\\\/wp-content\\\/uploads\\\/sites\\\/6\\\/2024\\\/12\\\/home_salute.png\",\"width\":446,\"height\":108,\"caption\":\"Ufficio Salute\"},\"image\":{\"@id\":\"https:\\\/\\\/www.diocesi.pavia.it\\\/ufficiosalute\\\/#\\\/schema\\\/logo\\\/image\\\/\"}}]}<\/script>\n<!-- \/ Yoast SEO plugin. -->","yoast_head_json":{"title":"Santi Medici e Medici Santi - Ufficio Salute","robots":{"index":"index","follow":"follow","max-snippet":"max-snippet:-1","max-image-preview":"max-image-preview:large","max-video-preview":"max-video-preview:-1"},"canonical":"https:\/\/www.diocesi.pavia.it\/ufficiosalute\/testimonianze\/santi-medici\/","og_locale":"it_IT","og_type":"article","og_title":"Santi Medici e Medici Santi - Ufficio Salute","og_description":"In questa sezione desideriamo raccontare l&#8217;esperienza di alcuni santi e medici che ci aiutano a cogliere il senso dell&#8217;umano soffrire e ci mostrano come Dio agisce nella nostra vita per restituirci la salute del corpo e dello spirito.\u00a0 Persone che hanno acquisito conoscenze e metodiche in campo medico per guarire o almeno lenire le sofferenze provocate da traumi e malattie. Persone che hanno saputo svolgere &hellip; Continue reading Santi Medici e Medici Santi &raquo;","og_url":"https:\/\/www.diocesi.pavia.it\/ufficiosalute\/testimonianze\/santi-medici\/","og_site_name":"Ufficio Salute","article_modified_time":"2026-04-15T10:29:38+00:00","og_image":[{"width":474,"height":332,"url":"https:\/\/www.diocesi.pavia.it\/ufficiosalute\/wp-content\/uploads\/sites\/6\/2026\/04\/santa-gianna-1.jpg","type":"image\/jpeg"}],"twitter_card":"summary_large_image","twitter_misc":{"Tempo di lettura stimato":"6 minuti"},"schema":{"@context":"https:\/\/schema.org","@graph":[{"@type":"WebPage","@id":"https:\/\/www.diocesi.pavia.it\/ufficiosalute\/testimonianze\/santi-medici\/","url":"https:\/\/www.diocesi.pavia.it\/ufficiosalute\/testimonianze\/santi-medici\/","name":"Santi Medici e Medici Santi - Ufficio Salute","isPartOf":{"@id":"https:\/\/www.diocesi.pavia.it\/ufficiosalute\/#website"},"primaryImageOfPage":{"@id":"https:\/\/www.diocesi.pavia.it\/ufficiosalute\/testimonianze\/santi-medici\/#primaryimage"},"image":{"@id":"https:\/\/www.diocesi.pavia.it\/ufficiosalute\/testimonianze\/santi-medici\/#primaryimage"},"thumbnailUrl":"https:\/\/www.diocesi.pavia.it\/ufficiosalute\/wp-content\/uploads\/sites\/6\/2026\/04\/santa-gianna-1-300x210.jpg","datePublished":"2025-03-19T09:55:49+00:00","dateModified":"2026-04-15T10:29:38+00:00","breadcrumb":{"@id":"https:\/\/www.diocesi.pavia.it\/ufficiosalute\/testimonianze\/santi-medici\/#breadcrumb"},"inLanguage":"it-IT","potentialAction":[{"@type":"ReadAction","target":["https:\/\/www.diocesi.pavia.it\/ufficiosalute\/testimonianze\/santi-medici\/"]}]},{"@type":"ImageObject","inLanguage":"it-IT","@id":"https:\/\/www.diocesi.pavia.it\/ufficiosalute\/testimonianze\/santi-medici\/#primaryimage","url":"https:\/\/www.diocesi.pavia.it\/ufficiosalute\/wp-content\/uploads\/sites\/6\/2026\/04\/santa-gianna-1.jpg","contentUrl":"https:\/\/www.diocesi.pavia.it\/ufficiosalute\/wp-content\/uploads\/sites\/6\/2026\/04\/santa-gianna-1.jpg","width":474,"height":332},{"@type":"BreadcrumbList","@id":"https:\/\/www.diocesi.pavia.it\/ufficiosalute\/testimonianze\/santi-medici\/#breadcrumb","itemListElement":[{"@type":"ListItem","position":1,"name":"Home","item":"https:\/\/www.diocesi.pavia.it\/ufficiosalute\/"},{"@type":"ListItem","position":2,"name":"Testimonianze","item":"https:\/\/www.diocesi.pavia.it\/ufficiosalute\/testimonianze\/"},{"@type":"ListItem","position":3,"name":"Santi Medici e Medici Santi"}]},{"@type":"WebSite","@id":"https:\/\/www.diocesi.pavia.it\/ufficiosalute\/#website","url":"https:\/\/www.diocesi.pavia.it\/ufficiosalute\/","name":"Ufficio Salute","description":"Diocesi di Pavia","publisher":{"@id":"https:\/\/www.diocesi.pavia.it\/ufficiosalute\/#organization"},"potentialAction":[{"@type":"SearchAction","target":{"@type":"EntryPoint","urlTemplate":"https:\/\/www.diocesi.pavia.it\/ufficiosalute\/?s={search_term_string}"},"query-input":{"@type":"PropertyValueSpecification","valueRequired":true,"valueName":"search_term_string"}}],"inLanguage":"it-IT"},{"@type":"Organization","@id":"https:\/\/www.diocesi.pavia.it\/ufficiosalute\/#organization","name":"Ufficio Salute","url":"https:\/\/www.diocesi.pavia.it\/ufficiosalute\/","logo":{"@type":"ImageObject","inLanguage":"it-IT","@id":"https:\/\/www.diocesi.pavia.it\/ufficiosalute\/#\/schema\/logo\/image\/","url":"https:\/\/www.diocesi.pavia.it\/ufficiosalute\/wp-content\/uploads\/sites\/6\/2024\/12\/home_salute.png","contentUrl":"https:\/\/www.diocesi.pavia.it\/ufficiosalute\/wp-content\/uploads\/sites\/6\/2024\/12\/home_salute.png","width":446,"height":108,"caption":"Ufficio Salute"},"image":{"@id":"https:\/\/www.diocesi.pavia.it\/ufficiosalute\/#\/schema\/logo\/image\/"}}]}},"_links":{"self":[{"href":"https:\/\/www.diocesi.pavia.it\/ufficiosalute\/wp-json\/wp\/v2\/pages\/1122","targetHints":{"allow":["GET"]}}],"collection":[{"href":"https:\/\/www.diocesi.pavia.it\/ufficiosalute\/wp-json\/wp\/v2\/pages"}],"about":[{"href":"https:\/\/www.diocesi.pavia.it\/ufficiosalute\/wp-json\/wp\/v2\/types\/page"}],"author":[{"embeddable":true,"href":"https:\/\/www.diocesi.pavia.it\/ufficiosalute\/wp-json\/wp\/v2\/users\/15"}],"replies":[{"embeddable":true,"href":"https:\/\/www.diocesi.pavia.it\/ufficiosalute\/wp-json\/wp\/v2\/comments?post=1122"}],"version-history":[{"count":36,"href":"https:\/\/www.diocesi.pavia.it\/ufficiosalute\/wp-json\/wp\/v2\/pages\/1122\/revisions"}],"predecessor-version":[{"id":3461,"href":"https:\/\/www.diocesi.pavia.it\/ufficiosalute\/wp-json\/wp\/v2\/pages\/1122\/revisions\/3461"}],"up":[{"embeddable":true,"href":"https:\/\/www.diocesi.pavia.it\/ufficiosalute\/wp-json\/wp\/v2\/pages\/673"}],"wp:attachment":[{"href":"https:\/\/www.diocesi.pavia.it\/ufficiosalute\/wp-json\/wp\/v2\/media?parent=1122"}],"curies":[{"name":"wp","href":"https:\/\/api.w.org\/{rel}","templated":true}]}}