{"id":511,"date":"2024-05-15T11:13:08","date_gmt":"2024-05-15T09:13:08","guid":{"rendered":"https:\/\/www.diocesi.pavia.it\/ufficiocatechistico\/?page_id=511"},"modified":"2025-07-30T14:02:30","modified_gmt":"2025-07-30T12:02:30","slug":"il-ministero-del-catechista","status":"publish","type":"page","link":"https:\/\/www.diocesi.pavia.it\/ufficiocatechistico\/il-ministero-del-catechista\/","title":{"rendered":"Il ministero del catechista"},"content":{"rendered":"<p>\u201cI laici chiamati ad uno speciale ministero non saranno semplici esecutori delle indicazioni dei presbiteri e dei diaconi, ma veri animatori di assemblee presiedute dal pastore d\u2019anime, promotori della corresponsabilit\u00e0 della Chiesa e dell\u2019accoglienza di quanti cercano di compiere un itinerario di fede, evangelizzatori nelle varie situazioni ed emergenze di vita, interpreti della condizione umana nei suoi molteplici aspetti\u201d.<br \/>\n(Conferenza Episcopale Italiana, Premesse a Istituzioni dei ministeri, 5)<\/p>\n<p>\u201cE\u2019 il Signore che suscita i Ministeri nella comunit\u00e0 e per la comunit\u00e0\u201d<br \/>\n(CEI, Evangelizzazione e ministeri)<\/p>\n<header class=\"entry-header\">\n<header class=\"entry-header\">\n<h1 class=\"entry-title-post\">Ministeri Istituiti (lettori, accoliti, catechisti): ecco l\u2019itinerario formativo<\/h1>\n<p><a title=\"Ministeri Istituiti (lettori, accoliti, catechisti): ecco l\u2019itinerario formativo\" href=\"https:\/\/www.diocesi.pavia.it\/2024\/07\/05\/ministeri-istituiti-lettori-accoliti-catechisti-ecco-litinerario-formativo\/\"><img loading=\"lazy\" decoding=\"async\" class=\"attachment-post-thumbnail size-post-thumbnail wp-post-image\" src=\"https:\/\/www.diocesi.pavia.it\/wp-content\/uploads\/sites\/2\/2024\/07\/05\/cq5dam.thumbnail.cropped.1500.844-800x450.jpg\" sizes=\"auto, (max-width: 800px) 100vw, 800px\" srcset=\"https:\/\/www.diocesi.pavia.it\/wp-content\/uploads\/sites\/2\/2024\/07\/05\/cq5dam.thumbnail.cropped.1500.844-800x450.jpg 800w, https:\/\/www.diocesi.pavia.it\/wp-content\/uploads\/sites\/2\/2024\/07\/05\/cq5dam.thumbnail.cropped.1500.844-300x169.jpg 300w, https:\/\/www.diocesi.pavia.it\/wp-content\/uploads\/sites\/2\/2024\/07\/05\/cq5dam.thumbnail.cropped.1500.844-1024x576.jpg 1024w, https:\/\/www.diocesi.pavia.it\/wp-content\/uploads\/sites\/2\/2024\/07\/05\/cq5dam.thumbnail.cropped.1500.844-768x432.jpg 768w, https:\/\/www.diocesi.pavia.it\/wp-content\/uploads\/sites\/2\/2024\/07\/05\/cq5dam.thumbnail.cropped.1500.844-600x338.jpg 600w, https:\/\/www.diocesi.pavia.it\/wp-content\/uploads\/sites\/2\/2024\/07\/05\/cq5dam.thumbnail.cropped.1500.844-1200x675.jpg 1200w, https:\/\/www.diocesi.pavia.it\/wp-content\/uploads\/sites\/2\/2024\/07\/05\/cq5dam.thumbnail.cropped.1500.844-1320x743.jpg 1320w, https:\/\/www.diocesi.pavia.it\/wp-content\/uploads\/sites\/2\/2024\/07\/05\/cq5dam.thumbnail.cropped.1500.844.jpg 1500w\" alt=\"\" width=\"800\" height=\"450\" \/><\/a><\/p>\n<\/header>\n<div class=\"entry-content-post\">\n<p>&nbsp;<\/p>\n<p><strong>CALENDARIO PERCORSO FORMATIVO 2\u00b0 ANNO:<\/strong><\/p>\n<p><strong>solo per chi ha frequentato il primo anno:\u00a0<\/strong><\/p>\n<p><a href=\"https:\/\/www.diocesi.pavia.it\/ufficiocatechistico\/wp-content\/uploads\/sites\/5\/2025\/07\/percorso-2\u00b0-anno-ministeri.pdf\">percorso 2\u00b0 anno ministeri\u00a0\u00a0<\/a><\/p>\n<p>L&#8217;ISCRIZIONE E LA FREQUENZA ALLA SCUOLA DI FORMAZIONE\u00a0 DEL 2\u00b0 ANNO <strong>NON<\/strong> <strong>COMPORTA AUTOMATICAMENTE<\/strong> L&#8217;AMMISSIONE AL PERCORSO PER I MINISTERI E L&#8217;ISTITUZIONE DEI MINISTRI.<\/p>\n<p>___________________________________________________________________________________<\/p>\n<p><strong>ORIENTAMENTI sui MINISTERI e LETTERE APOSTOLICHE sul MINISTERO del CATECHISTA:<\/strong><\/p>\n<\/div>\n<\/header>\n<p><a href=\"https:\/\/www.chiesadimilano.it\/wp-content\/uploads\/sites\/83\/2023\/05\/Orientamenti-in-vista-dellistituzione-del-ministero-del-lettore-dellaccolito-e-del-catechista.pdf\">Orientamenti delle Diocesi lombarde su ministeri del catechista, degli accoliti e dei lettori<\/a><\/p>\n<p><a href=\"https:\/\/www.vatican.va\/content\/francesco\/it\/motu_proprio\/documents\/papa-francesco-motu-proprio-20210510_antiquum-ministerium.html\">Motu proprio del Sommo Pontefice Francesco &#8220;Antiquum Ministerium&#8221;<\/a><\/p>\n<p><a href=\"https:\/\/www.diocesi.pavia.it\/ufficiocatechistico\/wp-content\/uploads\/sites\/5\/2024\/06\/20210110_spiritus-domini.pdf\">20210110_spiritus-domini<\/a><\/p>\n<p><a href=\"https:\/\/www.diocesi.pavia.it\/ufficiocatechistico\/wp-content\/uploads\/sites\/5\/2024\/06\/19720815_ministeria-quaedam.pdf\">19720815_ministeria-quaedam<\/a><\/p>\n<p>&nbsp;<\/p>\n<p><strong>FORMAZIONE SIUSI &#8211; luglio 2023 &#8211; sul MINISTERO del CATECHISTA<\/strong><\/p>\n<p><a href=\"https:\/\/www.formazionesiusi.it\/ministerialita-ritrovata\/\">Ministerialit\u00e0 ritrovata \u2013 Formazione Siusi<\/a><\/p>\n<p>&nbsp;<\/p>\n<p><strong>percorso 1\u00b0 anno 2024\/2025:<\/strong><\/p>\n<p>E\u2019 stata diffusa venerd\u00ec 5 luglio 2024 la lettera scritta da Don Gian Pietro Maggi per l\u2019equipe formativa dei ministeri istituiti relativa al nuovo percorso formativo per l\u2019Anno Pastorale 2024-2025. Gli incontri (vedi calendario pi\u00f9 avanti) si terranno presso l\u2019Aula Magna del Seminario Vescovile di via Menocchio 26 a Pavia, alle ore 15.<\/p>\n<p>\u201cI Ministri istituiti del lettore, dell\u2019accolito e del catechista \u2013 aperti a tutti i laici e le laiche che vivono la loro appartenenza al Popolo di Dio \u2013 sono un segno tangibile di quella missionariet\u00e0 che \u00e8 propria della Chiesa e possono essere davvero strumenti che ci aiutino ad \u201cedificare il Corpo di Cristo\u201d (Ef. 4, 12) \u2013 scrive don Gian Pietro Maggi -. Il cammino fatto sino ad ora ci ha per\u00f2 reso ancor pi\u00f9 consapevoli del fatto che essi richiedono innanzitutto un delicato percorso di discernimento vocazionale, che parta da una azione di sensibilizzazione e formazione dei laici e delle laiche che vivono appieno le nostre comunit\u00e0, affinch\u00e9 possano suscitarsi vocazioni ministeriali. Questo ci permetter\u00e0 di avviare una riflessione su chi possa \u201cessere\u201d (usando i termini delle linee guida elaborate dalla Conferenza Episcopale Lombarda) con la sua testimonianza riconosciuta un lettore, un accolito o un catechista istituito. Solo in un secondo momento, poi, verr\u00e0 la necessit\u00e0 di un percorso formativo specifico per i diversi<br \/>\nMinisteri che porti ad avere la competenza (\u201csapere\u201d), la perizia (\u201csaper fare\u201d) e la capacit\u00e0 di comunicazione e di relazione (\u201csaper essere con\u201d) necessarie per poter operare nelle nostre comunit\u00e0. Vi raggiungiamo quindi ora \u2013 al termine della prima fase di lavoro della Commissione per i Ministeri istituiti nominata dal nostro Vescovo \u2013 con una proposta concreta di itinerario formativo in 8 tappe, articolate durante questo nuovo Anno Pastorale. Abbiamo bisogno del vostro aiuto e della vostra collaborazione per far arrivare a tutti i laici e le laiche impegnate nelle nostre comunit\u00e0 questo annuncio e per raccogliere, attraverso il form che abbiamo predisposto, le iscrizioni che confidiamo siano numerose\u201d.<\/p>\n<p>L&#8217;ISCRIZIONE E LA FREQUENZA ALLA SCUOLA DI FORMAZIONE\u00a0 DEL 1\u00b0 ANNO <strong>NON<\/strong> <strong>COMPORTA AUTOMATICAMENTE<\/strong> L&#8217;AMMISSIONE AL PERCORSO PER I MINISTERI E L&#8217;ISTITUZIONE DEI MINISTRI.<\/p>\n<p><strong>CALENDARIO PERCORSO FORMATIVO 1\u00b0 ANNO:<\/strong>\u00a0<strong>\u00a0<\/strong><\/p>\n<p>1- venerd\u00ec 27 settembre 2024 \u2013 Assemblea diocesana d\u2019inizio anno pastorale<\/p>\n<p>2- sabato 5 ottobre 2024: I Ministeri istituiti nella vita della Chiesa dopo il Concilio Ecumenico Vaticano II &#8211; Relatore: don Giovanni Iacono<\/p>\n<p>3- sabato 16 novembre 2024: Ministeri al servizio di una Chiesa missionaria I &#8211; Relatore: don Luca Massari<\/p>\n<p>4- sabato 14 dicembre 2024: Ministeri al servizio di una Chiesa missionaria II &#8211; Relatore: don Luca Massari<\/p>\n<p>RITORNO IN PARROCCHIA: proposta di una scheda di riflessione con il consiglio pastorale o con i collaboratori parrocchiali.<\/p>\n<p>5- sabato 18 gennaio 2025: Il ministero istituito del Catechista: ce n\u2019era veramente bisogno? Relatore: suor Maria Elisabetta Sepich della Diocesi di Mantova<\/p>\n<p>6- sabato 25 gennaio 2025: Il ministero istituito del Lettore e dell\u2019Accolito &#8211; Relatore: don Roberto Beretta<\/p>\n<p>7- sabato 8 febbraio 2025: Il discernimento sui ministeri istituiti &#8211; Relatore: don Matteo Dal Santo Direttore ufficio catechistico dell&#8217;Arcidiocesi di Milano<\/p>\n<p>8- sabato 22 febbraio 2025: Creare esperienza: la formazione dei ministri istituiti &#8211; Relatore: don Dante Lampugnani<\/p>\n<p>RITORNO IN PARROCCHIA: proposta di una scheda di riflessione con il consiglio pastorale o con i collaboratori parrocchiali.<\/p>\n<p>&nbsp;<\/p>\n","protected":false},"excerpt":{"rendered":"<p>\u201cI laici chiamati ad uno speciale ministero non saranno semplici esecutori delle indicazioni dei presbiteri e dei diaconi, ma veri animatori di assemblee presiedute dal pastore d\u2019anime, promotori della corresponsabilit\u00e0 della Chiesa e dell\u2019accoglienza di quanti cercano di compiere un itinerario di fede, evangelizzatori nelle varie situazioni ed emergenze di vita, interpreti della condizione umana nei suoi molteplici aspetti\u201d. (Conferenza Episcopale Italiana, Premesse a Istituzioni &hellip; <a href=\"https:\/\/www.diocesi.pavia.it\/ufficiocatechistico\/il-ministero-del-catechista\/\" class=\"more-link\">Continue reading <span class=\"screen-reader-text\">Il ministero del catechista<\/span> <span class=\"meta-nav\">&raquo;<\/span><\/a><\/p>\n","protected":false},"author":3,"featured_media":0,"parent":0,"menu_order":0,"comment_status":"closed","ping_status":"closed","template":"","meta":{"_acf_changed":false,"ip_address":"","user_agent":"","level":"","revision":"","cookie_id":"","page_referer":"","html_form":"","footnotes":""},"class_list":["post-511","page","type-page","status-publish","hentry"],"acf":[],"yoast_head":"<!-- This site is optimized with the Yoast SEO plugin v27.4 - https:\/\/yoast.com\/product\/yoast-seo-wordpress\/ -->\n<title>Il ministero del catechista - Ufficio catechistico<\/title>\n<meta name=\"robots\" content=\"index, follow, max-snippet:-1, max-image-preview:large, max-video-preview:-1\" \/>\n<link rel=\"canonical\" href=\"https:\/\/www.diocesi.pavia.it\/ufficiocatechistico\/il-ministero-del-catechista\/\" \/>\n<meta property=\"og:locale\" content=\"it_IT\" \/>\n<meta property=\"og:type\" content=\"article\" \/>\n<meta property=\"og:title\" content=\"Il ministero del catechista - Ufficio catechistico\" \/>\n<meta property=\"og:description\" content=\"\u201cI laici chiamati ad uno speciale ministero non saranno semplici esecutori delle indicazioni dei presbiteri e dei diaconi, ma veri animatori di assemblee presiedute dal pastore d\u2019anime, promotori della corresponsabilit\u00e0 della Chiesa e dell\u2019accoglienza di quanti cercano di compiere un itinerario di fede, evangelizzatori nelle varie situazioni ed emergenze di vita, interpreti della condizione umana nei suoi molteplici aspetti\u201d. (Conferenza Episcopale Italiana, Premesse a Istituzioni &hellip; Continue reading Il ministero del catechista &raquo;\" \/>\n<meta property=\"og:url\" content=\"https:\/\/www.diocesi.pavia.it\/ufficiocatechistico\/il-ministero-del-catechista\/\" \/>\n<meta property=\"og:site_name\" content=\"Ufficio catechistico\" \/>\n<meta property=\"article:modified_time\" content=\"2025-07-30T12:02:30+00:00\" \/>\n<meta property=\"og:image\" content=\"https:\/\/www.diocesi.pavia.it\/wp-content\/uploads\/sites\/2\/2024\/07\/05\/cq5dam.thumbnail.cropped.1500.844-800x450.jpg\" \/>\n<meta name=\"twitter:card\" content=\"summary_large_image\" \/>\n<meta name=\"twitter:label1\" content=\"Tempo di lettura stimato\" \/>\n\t<meta name=\"twitter:data1\" content=\"4 minuti\" \/>\n<script type=\"application\/ld+json\" class=\"yoast-schema-graph\">{\"@context\":\"https:\\\/\\\/schema.org\",\"@graph\":[{\"@type\":\"WebPage\",\"@id\":\"https:\\\/\\\/www.diocesi.pavia.it\\\/ufficiocatechistico\\\/il-ministero-del-catechista\\\/\",\"url\":\"https:\\\/\\\/www.diocesi.pavia.it\\\/ufficiocatechistico\\\/il-ministero-del-catechista\\\/\",\"name\":\"Il ministero del catechista - Ufficio catechistico\",\"isPartOf\":{\"@id\":\"https:\\\/\\\/www.diocesi.pavia.it\\\/ufficiocatechistico\\\/#website\"},\"primaryImageOfPage\":{\"@id\":\"https:\\\/\\\/www.diocesi.pavia.it\\\/ufficiocatechistico\\\/il-ministero-del-catechista\\\/#primaryimage\"},\"image\":{\"@id\":\"https:\\\/\\\/www.diocesi.pavia.it\\\/ufficiocatechistico\\\/il-ministero-del-catechista\\\/#primaryimage\"},\"thumbnailUrl\":\"https:\\\/\\\/www.diocesi.pavia.it\\\/wp-content\\\/uploads\\\/sites\\\/2\\\/2024\\\/07\\\/05\\\/cq5dam.thumbnail.cropped.1500.844-800x450.jpg\",\"datePublished\":\"2024-05-15T09:13:08+00:00\",\"dateModified\":\"2025-07-30T12:02:30+00:00\",\"breadcrumb\":{\"@id\":\"https:\\\/\\\/www.diocesi.pavia.it\\\/ufficiocatechistico\\\/il-ministero-del-catechista\\\/#breadcrumb\"},\"inLanguage\":\"it-IT\",\"potentialAction\":[{\"@type\":\"ReadAction\",\"target\":[\"https:\\\/\\\/www.diocesi.pavia.it\\\/ufficiocatechistico\\\/il-ministero-del-catechista\\\/\"]}]},{\"@type\":\"ImageObject\",\"inLanguage\":\"it-IT\",\"@id\":\"https:\\\/\\\/www.diocesi.pavia.it\\\/ufficiocatechistico\\\/il-ministero-del-catechista\\\/#primaryimage\",\"url\":\"https:\\\/\\\/www.diocesi.pavia.it\\\/wp-content\\\/uploads\\\/sites\\\/2\\\/2024\\\/07\\\/05\\\/cq5dam.thumbnail.cropped.1500.844-800x450.jpg\",\"contentUrl\":\"https:\\\/\\\/www.diocesi.pavia.it\\\/wp-content\\\/uploads\\\/sites\\\/2\\\/2024\\\/07\\\/05\\\/cq5dam.thumbnail.cropped.1500.844-800x450.jpg\"},{\"@type\":\"BreadcrumbList\",\"@id\":\"https:\\\/\\\/www.diocesi.pavia.it\\\/ufficiocatechistico\\\/il-ministero-del-catechista\\\/#breadcrumb\",\"itemListElement\":[{\"@type\":\"ListItem\",\"position\":1,\"name\":\"Home\",\"item\":\"https:\\\/\\\/www.diocesi.pavia.it\\\/ufficiocatechistico\\\/\"},{\"@type\":\"ListItem\",\"position\":2,\"name\":\"Il ministero del catechista\"}]},{\"@type\":\"WebSite\",\"@id\":\"https:\\\/\\\/www.diocesi.pavia.it\\\/ufficiocatechistico\\\/#website\",\"url\":\"https:\\\/\\\/www.diocesi.pavia.it\\\/ufficiocatechistico\\\/\",\"name\":\"Ufficio catechistico\",\"description\":\"Diocesi di Pavia\",\"publisher\":{\"@id\":\"https:\\\/\\\/www.diocesi.pavia.it\\\/ufficiocatechistico\\\/#organization\"},\"potentialAction\":[{\"@type\":\"SearchAction\",\"target\":{\"@type\":\"EntryPoint\",\"urlTemplate\":\"https:\\\/\\\/www.diocesi.pavia.it\\\/ufficiocatechistico\\\/?s={search_term_string}\"},\"query-input\":{\"@type\":\"PropertyValueSpecification\",\"valueRequired\":true,\"valueName\":\"search_term_string\"}}],\"inLanguage\":\"it-IT\"},{\"@type\":\"Organization\",\"@id\":\"https:\\\/\\\/www.diocesi.pavia.it\\\/ufficiocatechistico\\\/#organization\",\"name\":\"Ufficio catechistico\",\"url\":\"https:\\\/\\\/www.diocesi.pavia.it\\\/ufficiocatechistico\\\/\",\"logo\":{\"@type\":\"ImageObject\",\"inLanguage\":\"it-IT\",\"@id\":\"https:\\\/\\\/www.diocesi.pavia.it\\\/ufficiocatechistico\\\/#\\\/schema\\\/logo\\\/image\\\/\",\"url\":\"https:\\\/\\\/www.diocesi.pavia.it\\\/ufficiocatechistico\\\/wp-content\\\/uploads\\\/sites\\\/5\\\/2024\\\/02\\\/home_catechesi.png\",\"contentUrl\":\"https:\\\/\\\/www.diocesi.pavia.it\\\/ufficiocatechistico\\\/wp-content\\\/uploads\\\/sites\\\/5\\\/2024\\\/02\\\/home_catechesi.png\",\"width\":446,\"height\":109,\"caption\":\"Ufficio catechistico\"},\"image\":{\"@id\":\"https:\\\/\\\/www.diocesi.pavia.it\\\/ufficiocatechistico\\\/#\\\/schema\\\/logo\\\/image\\\/\"}}]}<\/script>\n<!-- \/ Yoast SEO plugin. -->","yoast_head_json":{"title":"Il ministero del catechista - Ufficio catechistico","robots":{"index":"index","follow":"follow","max-snippet":"max-snippet:-1","max-image-preview":"max-image-preview:large","max-video-preview":"max-video-preview:-1"},"canonical":"https:\/\/www.diocesi.pavia.it\/ufficiocatechistico\/il-ministero-del-catechista\/","og_locale":"it_IT","og_type":"article","og_title":"Il ministero del catechista - Ufficio catechistico","og_description":"\u201cI laici chiamati ad uno speciale ministero non saranno semplici esecutori delle indicazioni dei presbiteri e dei diaconi, ma veri animatori di assemblee presiedute dal pastore d\u2019anime, promotori della corresponsabilit\u00e0 della Chiesa e dell\u2019accoglienza di quanti cercano di compiere un itinerario di fede, evangelizzatori nelle varie situazioni ed emergenze di vita, interpreti della condizione umana nei suoi molteplici aspetti\u201d. (Conferenza Episcopale Italiana, Premesse a Istituzioni &hellip; Continue reading Il ministero del catechista &raquo;","og_url":"https:\/\/www.diocesi.pavia.it\/ufficiocatechistico\/il-ministero-del-catechista\/","og_site_name":"Ufficio catechistico","article_modified_time":"2025-07-30T12:02:30+00:00","og_image":[{"url":"https:\/\/www.diocesi.pavia.it\/wp-content\/uploads\/sites\/2\/2024\/07\/05\/cq5dam.thumbnail.cropped.1500.844-800x450.jpg","type":"","width":"","height":""}],"twitter_card":"summary_large_image","twitter_misc":{"Tempo di lettura stimato":"4 minuti"},"schema":{"@context":"https:\/\/schema.org","@graph":[{"@type":"WebPage","@id":"https:\/\/www.diocesi.pavia.it\/ufficiocatechistico\/il-ministero-del-catechista\/","url":"https:\/\/www.diocesi.pavia.it\/ufficiocatechistico\/il-ministero-del-catechista\/","name":"Il ministero del catechista - Ufficio catechistico","isPartOf":{"@id":"https:\/\/www.diocesi.pavia.it\/ufficiocatechistico\/#website"},"primaryImageOfPage":{"@id":"https:\/\/www.diocesi.pavia.it\/ufficiocatechistico\/il-ministero-del-catechista\/#primaryimage"},"image":{"@id":"https:\/\/www.diocesi.pavia.it\/ufficiocatechistico\/il-ministero-del-catechista\/#primaryimage"},"thumbnailUrl":"https:\/\/www.diocesi.pavia.it\/wp-content\/uploads\/sites\/2\/2024\/07\/05\/cq5dam.thumbnail.cropped.1500.844-800x450.jpg","datePublished":"2024-05-15T09:13:08+00:00","dateModified":"2025-07-30T12:02:30+00:00","breadcrumb":{"@id":"https:\/\/www.diocesi.pavia.it\/ufficiocatechistico\/il-ministero-del-catechista\/#breadcrumb"},"inLanguage":"it-IT","potentialAction":[{"@type":"ReadAction","target":["https:\/\/www.diocesi.pavia.it\/ufficiocatechistico\/il-ministero-del-catechista\/"]}]},{"@type":"ImageObject","inLanguage":"it-IT","@id":"https:\/\/www.diocesi.pavia.it\/ufficiocatechistico\/il-ministero-del-catechista\/#primaryimage","url":"https:\/\/www.diocesi.pavia.it\/wp-content\/uploads\/sites\/2\/2024\/07\/05\/cq5dam.thumbnail.cropped.1500.844-800x450.jpg","contentUrl":"https:\/\/www.diocesi.pavia.it\/wp-content\/uploads\/sites\/2\/2024\/07\/05\/cq5dam.thumbnail.cropped.1500.844-800x450.jpg"},{"@type":"BreadcrumbList","@id":"https:\/\/www.diocesi.pavia.it\/ufficiocatechistico\/il-ministero-del-catechista\/#breadcrumb","itemListElement":[{"@type":"ListItem","position":1,"name":"Home","item":"https:\/\/www.diocesi.pavia.it\/ufficiocatechistico\/"},{"@type":"ListItem","position":2,"name":"Il ministero del catechista"}]},{"@type":"WebSite","@id":"https:\/\/www.diocesi.pavia.it\/ufficiocatechistico\/#website","url":"https:\/\/www.diocesi.pavia.it\/ufficiocatechistico\/","name":"Ufficio catechistico","description":"Diocesi di Pavia","publisher":{"@id":"https:\/\/www.diocesi.pavia.it\/ufficiocatechistico\/#organization"},"potentialAction":[{"@type":"SearchAction","target":{"@type":"EntryPoint","urlTemplate":"https:\/\/www.diocesi.pavia.it\/ufficiocatechistico\/?s={search_term_string}"},"query-input":{"@type":"PropertyValueSpecification","valueRequired":true,"valueName":"search_term_string"}}],"inLanguage":"it-IT"},{"@type":"Organization","@id":"https:\/\/www.diocesi.pavia.it\/ufficiocatechistico\/#organization","name":"Ufficio catechistico","url":"https:\/\/www.diocesi.pavia.it\/ufficiocatechistico\/","logo":{"@type":"ImageObject","inLanguage":"it-IT","@id":"https:\/\/www.diocesi.pavia.it\/ufficiocatechistico\/#\/schema\/logo\/image\/","url":"https:\/\/www.diocesi.pavia.it\/ufficiocatechistico\/wp-content\/uploads\/sites\/5\/2024\/02\/home_catechesi.png","contentUrl":"https:\/\/www.diocesi.pavia.it\/ufficiocatechistico\/wp-content\/uploads\/sites\/5\/2024\/02\/home_catechesi.png","width":446,"height":109,"caption":"Ufficio catechistico"},"image":{"@id":"https:\/\/www.diocesi.pavia.it\/ufficiocatechistico\/#\/schema\/logo\/image\/"}}]}},"_links":{"self":[{"href":"https:\/\/www.diocesi.pavia.it\/ufficiocatechistico\/wp-json\/wp\/v2\/pages\/511","targetHints":{"allow":["GET"]}}],"collection":[{"href":"https:\/\/www.diocesi.pavia.it\/ufficiocatechistico\/wp-json\/wp\/v2\/pages"}],"about":[{"href":"https:\/\/www.diocesi.pavia.it\/ufficiocatechistico\/wp-json\/wp\/v2\/types\/page"}],"author":[{"embeddable":true,"href":"https:\/\/www.diocesi.pavia.it\/ufficiocatechistico\/wp-json\/wp\/v2\/users\/3"}],"replies":[{"embeddable":true,"href":"https:\/\/www.diocesi.pavia.it\/ufficiocatechistico\/wp-json\/wp\/v2\/comments?post=511"}],"version-history":[{"count":18,"href":"https:\/\/www.diocesi.pavia.it\/ufficiocatechistico\/wp-json\/wp\/v2\/pages\/511\/revisions"}],"predecessor-version":[{"id":858,"href":"https:\/\/www.diocesi.pavia.it\/ufficiocatechistico\/wp-json\/wp\/v2\/pages\/511\/revisions\/858"}],"wp:attachment":[{"href":"https:\/\/www.diocesi.pavia.it\/ufficiocatechistico\/wp-json\/wp\/v2\/media?parent=511"}],"curies":[{"name":"wp","href":"https:\/\/api.w.org\/{rel}","templated":true}]}}