{"id":47,"date":"2024-02-02T17:03:34","date_gmt":"2024-02-02T16:03:34","guid":{"rendered":"https:\/\/www.diocesi.pavia.it\/ufficiocatechistico\/?page_id=47"},"modified":"2026-03-08T14:20:44","modified_gmt":"2026-03-08T13:20:44","slug":"chi-siamo","status":"publish","type":"page","link":"https:\/\/www.diocesi.pavia.it\/ufficiocatechistico\/chi-siamo\/","title":{"rendered":"Chi siamo"},"content":{"rendered":"<div class=\"entry-content-page\">\n<h5><strong>Responsabile Area Evangelizzazione e Vicario Episcopale per la pastorale: don DAVIDE RUSTIONI<\/strong><\/h5>\n<p>Direttore del Servizio per la catechesi: Angela Sperl\u00ec<\/p>\n<p>mail Angela Sperl\u00ec: <a href=\"mailto:angela.sperli@gmail.com\">angela.sperli@gmail.com<\/a><br \/>\npresente in Curia il gioved\u00ec mattina dalle 9.30 alle 12 e altri giorni su appuntamento<br \/>\ntelefono ufficio catechistico: 0382 386534<\/p>\n<p>mail ufficio catechistico\u00a0<a href=\"mailto:catechesi@diocesi.pavia.it\">catechesi@diocesi.pavia.it<\/a><br \/>\ntelefono segreteria ufficio pastorale: 0382 386528<\/p>\n<p><strong>Equipe ufficio catechist<\/strong><strong>ico:<br \/>\n<\/strong><\/p>\n<h5>Don Lorenzo Lardera<\/h5>\n<h5>Anna Vigo (segreteria)<\/h5>\n<h5>Aldo Piccone (comunicazione social)<\/h5>\n<h5>Carla Ramella<\/h5>\n<h5>Chiara Stella<\/h5>\n<h5>Elisabetta Redondi<\/h5>\n<h5>Federica d&#8217;Ippolito<\/h5>\n<h5>Francesco Abbiati<\/h5>\n<h5><\/h5>\n<\/div>\n<p>&nbsp;<\/p>\n<h5>Eugenia Valdetara (referente persone con disabilit\u00e0)<\/h5>\n<p>&nbsp;<\/p>\n<div class=\"entry-content-page\">\n<h4><\/h4>\n<p><strong>Servizio per l\u2019apostolato biblico:<\/strong><\/p>\n<header class=\"entry-header\">\n<h5 class=\"entry-title-page\">responsabile: Pelosi don Paolo<br \/>\nsegretaria: Ghelfi Giovanna<br \/>\n<a href=\"mailto:apostolatobiblico@diocesi.pavia.it\">apostolatobiblico@diocesi.pavia.it<\/a><\/h5>\n<\/header>\n<div class=\"entry-content-page\">\n<p><strong>Catecumenato:<\/strong><\/p>\n<h5>Incaricato per i catecumeni: don Gian Pietro Maggi\u00a0<a href=\"mailto:catecumenato@diocesi.pavia.it\">catecumenato@diocesi.pavia.it<\/a><br \/>\nIncaricato per la cresima degli adulti: don Luca Roveda\u00a0<a href=\"mailto:donluca@aliceposta.it\">donluca@aliceposta.it<\/a><\/h5>\n<\/div>\n<\/div>\n","protected":false},"excerpt":{"rendered":"<p>Responsabile Area Evangelizzazione e Vicario Episcopale per la pastorale: don DAVIDE RUSTIONI Direttore del Servizio per la catechesi: Angela Sperl\u00ec mail Angela Sperl\u00ec: angela.sperli@gmail.com presente in Curia il gioved\u00ec mattina dalle 9.30 alle 12 e altri giorni su appuntamento telefono ufficio catechistico: 0382 386534 mail ufficio catechistico\u00a0catechesi@diocesi.pavia.it telefono segreteria ufficio pastorale: 0382 386528 Equipe ufficio catechistico: Don Lorenzo Lardera Anna Vigo (segreteria) Aldo Piccone (comunicazione &hellip; <a href=\"https:\/\/www.diocesi.pavia.it\/ufficiocatechistico\/chi-siamo\/\" class=\"more-link\">Continue reading <span class=\"screen-reader-text\">Chi siamo<\/span> <span class=\"meta-nav\">&raquo;<\/span><\/a><\/p>\n","protected":false},"author":2,"featured_media":0,"parent":0,"menu_order":0,"comment_status":"closed","ping_status":"closed","template":"","meta":{"_acf_changed":false,"ip_address":"","user_agent":"","level":"","revision":"","cookie_id":"","page_referer":"","html_form":"","footnotes":""},"class_list":["post-47","page","type-page","status-publish","hentry"],"acf":[],"yoast_head":"<!-- This site is optimized with the Yoast SEO plugin v27.4 - https:\/\/yoast.com\/product\/yoast-seo-wordpress\/ -->\n<title>Chi siamo - Ufficio catechistico<\/title>\n<meta name=\"robots\" content=\"index, follow, max-snippet:-1, max-image-preview:large, max-video-preview:-1\" \/>\n<link rel=\"canonical\" href=\"https:\/\/www.diocesi.pavia.it\/ufficiocatechistico\/chi-siamo\/\" \/>\n<meta property=\"og:locale\" content=\"it_IT\" \/>\n<meta property=\"og:type\" content=\"article\" \/>\n<meta property=\"og:title\" content=\"Chi siamo - Ufficio catechistico\" \/>\n<meta property=\"og:description\" content=\"Responsabile Area Evangelizzazione e Vicario Episcopale per la pastorale: don DAVIDE RUSTIONI Direttore del Servizio per la catechesi: Angela Sperl\u00ec mail Angela Sperl\u00ec: angela.sperli@gmail.com presente in Curia il gioved\u00ec mattina dalle 9.30 alle 12 e altri giorni su appuntamento telefono ufficio catechistico: 0382 386534 mail ufficio catechistico\u00a0catechesi@diocesi.pavia.it telefono segreteria ufficio pastorale: 0382 386528 Equipe ufficio catechistico: Don Lorenzo Lardera Anna Vigo (segreteria) Aldo Piccone (comunicazione &hellip; Continue reading Chi siamo &raquo;\" \/>\n<meta property=\"og:url\" content=\"https:\/\/www.diocesi.pavia.it\/ufficiocatechistico\/chi-siamo\/\" \/>\n<meta property=\"og:site_name\" content=\"Ufficio catechistico\" \/>\n<meta property=\"article:modified_time\" content=\"2026-03-08T13:20:44+00:00\" \/>\n<meta name=\"twitter:card\" content=\"summary_large_image\" \/>\n<meta name=\"twitter:label1\" content=\"Tempo di lettura stimato\" \/>\n\t<meta name=\"twitter:data1\" content=\"1 minuto\" \/>\n<script type=\"application\/ld+json\" class=\"yoast-schema-graph\">{\"@context\":\"https:\\\/\\\/schema.org\",\"@graph\":[{\"@type\":\"WebPage\",\"@id\":\"https:\\\/\\\/www.diocesi.pavia.it\\\/ufficiocatechistico\\\/chi-siamo\\\/\",\"url\":\"https:\\\/\\\/www.diocesi.pavia.it\\\/ufficiocatechistico\\\/chi-siamo\\\/\",\"name\":\"Chi siamo - Ufficio catechistico\",\"isPartOf\":{\"@id\":\"https:\\\/\\\/www.diocesi.pavia.it\\\/ufficiocatechistico\\\/#website\"},\"datePublished\":\"2024-02-02T16:03:34+00:00\",\"dateModified\":\"2026-03-08T13:20:44+00:00\",\"breadcrumb\":{\"@id\":\"https:\\\/\\\/www.diocesi.pavia.it\\\/ufficiocatechistico\\\/chi-siamo\\\/#breadcrumb\"},\"inLanguage\":\"it-IT\",\"potentialAction\":[{\"@type\":\"ReadAction\",\"target\":[\"https:\\\/\\\/www.diocesi.pavia.it\\\/ufficiocatechistico\\\/chi-siamo\\\/\"]}]},{\"@type\":\"BreadcrumbList\",\"@id\":\"https:\\\/\\\/www.diocesi.pavia.it\\\/ufficiocatechistico\\\/chi-siamo\\\/#breadcrumb\",\"itemListElement\":[{\"@type\":\"ListItem\",\"position\":1,\"name\":\"Home\",\"item\":\"https:\\\/\\\/www.diocesi.pavia.it\\\/ufficiocatechistico\\\/\"},{\"@type\":\"ListItem\",\"position\":2,\"name\":\"Chi siamo\"}]},{\"@type\":\"WebSite\",\"@id\":\"https:\\\/\\\/www.diocesi.pavia.it\\\/ufficiocatechistico\\\/#website\",\"url\":\"https:\\\/\\\/www.diocesi.pavia.it\\\/ufficiocatechistico\\\/\",\"name\":\"Ufficio catechistico\",\"description\":\"Diocesi di Pavia\",\"publisher\":{\"@id\":\"https:\\\/\\\/www.diocesi.pavia.it\\\/ufficiocatechistico\\\/#organization\"},\"potentialAction\":[{\"@type\":\"SearchAction\",\"target\":{\"@type\":\"EntryPoint\",\"urlTemplate\":\"https:\\\/\\\/www.diocesi.pavia.it\\\/ufficiocatechistico\\\/?s={search_term_string}\"},\"query-input\":{\"@type\":\"PropertyValueSpecification\",\"valueRequired\":true,\"valueName\":\"search_term_string\"}}],\"inLanguage\":\"it-IT\"},{\"@type\":\"Organization\",\"@id\":\"https:\\\/\\\/www.diocesi.pavia.it\\\/ufficiocatechistico\\\/#organization\",\"name\":\"Ufficio catechistico\",\"url\":\"https:\\\/\\\/www.diocesi.pavia.it\\\/ufficiocatechistico\\\/\",\"logo\":{\"@type\":\"ImageObject\",\"inLanguage\":\"it-IT\",\"@id\":\"https:\\\/\\\/www.diocesi.pavia.it\\\/ufficiocatechistico\\\/#\\\/schema\\\/logo\\\/image\\\/\",\"url\":\"https:\\\/\\\/www.diocesi.pavia.it\\\/ufficiocatechistico\\\/wp-content\\\/uploads\\\/sites\\\/5\\\/2024\\\/02\\\/home_catechesi.png\",\"contentUrl\":\"https:\\\/\\\/www.diocesi.pavia.it\\\/ufficiocatechistico\\\/wp-content\\\/uploads\\\/sites\\\/5\\\/2024\\\/02\\\/home_catechesi.png\",\"width\":446,\"height\":109,\"caption\":\"Ufficio catechistico\"},\"image\":{\"@id\":\"https:\\\/\\\/www.diocesi.pavia.it\\\/ufficiocatechistico\\\/#\\\/schema\\\/logo\\\/image\\\/\"}}]}<\/script>\n<!-- \/ Yoast SEO plugin. -->","yoast_head_json":{"title":"Chi siamo - Ufficio catechistico","robots":{"index":"index","follow":"follow","max-snippet":"max-snippet:-1","max-image-preview":"max-image-preview:large","max-video-preview":"max-video-preview:-1"},"canonical":"https:\/\/www.diocesi.pavia.it\/ufficiocatechistico\/chi-siamo\/","og_locale":"it_IT","og_type":"article","og_title":"Chi siamo - Ufficio catechistico","og_description":"Responsabile Area Evangelizzazione e Vicario Episcopale per la pastorale: don DAVIDE RUSTIONI Direttore del Servizio per la catechesi: Angela Sperl\u00ec mail Angela Sperl\u00ec: angela.sperli@gmail.com presente in Curia il gioved\u00ec mattina dalle 9.30 alle 12 e altri giorni su appuntamento telefono ufficio catechistico: 0382 386534 mail ufficio catechistico\u00a0catechesi@diocesi.pavia.it telefono segreteria ufficio pastorale: 0382 386528 Equipe ufficio catechistico: Don Lorenzo Lardera Anna Vigo (segreteria) Aldo Piccone (comunicazione &hellip; Continue reading Chi siamo &raquo;","og_url":"https:\/\/www.diocesi.pavia.it\/ufficiocatechistico\/chi-siamo\/","og_site_name":"Ufficio catechistico","article_modified_time":"2026-03-08T13:20:44+00:00","twitter_card":"summary_large_image","twitter_misc":{"Tempo di lettura stimato":"1 minuto"},"schema":{"@context":"https:\/\/schema.org","@graph":[{"@type":"WebPage","@id":"https:\/\/www.diocesi.pavia.it\/ufficiocatechistico\/chi-siamo\/","url":"https:\/\/www.diocesi.pavia.it\/ufficiocatechistico\/chi-siamo\/","name":"Chi siamo - Ufficio catechistico","isPartOf":{"@id":"https:\/\/www.diocesi.pavia.it\/ufficiocatechistico\/#website"},"datePublished":"2024-02-02T16:03:34+00:00","dateModified":"2026-03-08T13:20:44+00:00","breadcrumb":{"@id":"https:\/\/www.diocesi.pavia.it\/ufficiocatechistico\/chi-siamo\/#breadcrumb"},"inLanguage":"it-IT","potentialAction":[{"@type":"ReadAction","target":["https:\/\/www.diocesi.pavia.it\/ufficiocatechistico\/chi-siamo\/"]}]},{"@type":"BreadcrumbList","@id":"https:\/\/www.diocesi.pavia.it\/ufficiocatechistico\/chi-siamo\/#breadcrumb","itemListElement":[{"@type":"ListItem","position":1,"name":"Home","item":"https:\/\/www.diocesi.pavia.it\/ufficiocatechistico\/"},{"@type":"ListItem","position":2,"name":"Chi siamo"}]},{"@type":"WebSite","@id":"https:\/\/www.diocesi.pavia.it\/ufficiocatechistico\/#website","url":"https:\/\/www.diocesi.pavia.it\/ufficiocatechistico\/","name":"Ufficio catechistico","description":"Diocesi di Pavia","publisher":{"@id":"https:\/\/www.diocesi.pavia.it\/ufficiocatechistico\/#organization"},"potentialAction":[{"@type":"SearchAction","target":{"@type":"EntryPoint","urlTemplate":"https:\/\/www.diocesi.pavia.it\/ufficiocatechistico\/?s={search_term_string}"},"query-input":{"@type":"PropertyValueSpecification","valueRequired":true,"valueName":"search_term_string"}}],"inLanguage":"it-IT"},{"@type":"Organization","@id":"https:\/\/www.diocesi.pavia.it\/ufficiocatechistico\/#organization","name":"Ufficio catechistico","url":"https:\/\/www.diocesi.pavia.it\/ufficiocatechistico\/","logo":{"@type":"ImageObject","inLanguage":"it-IT","@id":"https:\/\/www.diocesi.pavia.it\/ufficiocatechistico\/#\/schema\/logo\/image\/","url":"https:\/\/www.diocesi.pavia.it\/ufficiocatechistico\/wp-content\/uploads\/sites\/5\/2024\/02\/home_catechesi.png","contentUrl":"https:\/\/www.diocesi.pavia.it\/ufficiocatechistico\/wp-content\/uploads\/sites\/5\/2024\/02\/home_catechesi.png","width":446,"height":109,"caption":"Ufficio catechistico"},"image":{"@id":"https:\/\/www.diocesi.pavia.it\/ufficiocatechistico\/#\/schema\/logo\/image\/"}}]}},"_links":{"self":[{"href":"https:\/\/www.diocesi.pavia.it\/ufficiocatechistico\/wp-json\/wp\/v2\/pages\/47","targetHints":{"allow":["GET"]}}],"collection":[{"href":"https:\/\/www.diocesi.pavia.it\/ufficiocatechistico\/wp-json\/wp\/v2\/pages"}],"about":[{"href":"https:\/\/www.diocesi.pavia.it\/ufficiocatechistico\/wp-json\/wp\/v2\/types\/page"}],"author":[{"embeddable":true,"href":"https:\/\/www.diocesi.pavia.it\/ufficiocatechistico\/wp-json\/wp\/v2\/users\/2"}],"replies":[{"embeddable":true,"href":"https:\/\/www.diocesi.pavia.it\/ufficiocatechistico\/wp-json\/wp\/v2\/comments?post=47"}],"version-history":[{"count":24,"href":"https:\/\/www.diocesi.pavia.it\/ufficiocatechistico\/wp-json\/wp\/v2\/pages\/47\/revisions"}],"predecessor-version":[{"id":2006,"href":"https:\/\/www.diocesi.pavia.it\/ufficiocatechistico\/wp-json\/wp\/v2\/pages\/47\/revisions\/2006"}],"wp:attachment":[{"href":"https:\/\/www.diocesi.pavia.it\/ufficiocatechistico\/wp-json\/wp\/v2\/media?parent=47"}],"curies":[{"name":"wp","href":"https:\/\/api.w.org\/{rel}","templated":true}]}}