{"id":2025,"date":"2026-04-01T00:01:39","date_gmt":"2026-03-31T22:01:39","guid":{"rendered":"https:\/\/www.diocesi.pavia.it\/ufficiocatechistico\/?page_id=2025"},"modified":"2026-03-12T13:33:56","modified_gmt":"2026-03-12T12:33:56","slug":"la-gioia-per-san-francesco-dassisi-e-santignazio-di-loyola","status":"publish","type":"page","link":"https:\/\/www.diocesi.pavia.it\/ufficiocatechistico\/la-gioia-per-san-francesco-dassisi-e-santignazio-di-loyola\/","title":{"rendered":"La gioia per San Francesco d&#8217;Assisi e Sant&#8217;Ignazio di Loyola"},"content":{"rendered":"<p style=\"text-align: center;\"><strong>Il segreto di San Francesco d\u2019Assisi per vivere con gioia<\/strong><\/p>\n<p style=\"text-align: center;\">padre Michael Rennier, pubblicato il 16\/12\/20<\/p>\n<p style=\"text-align: center;\">Riportiamo quanto potrete trovare al <a href=\"https:\/\/it.aleteia.org\/2020\/12\/16\/il-segreto-di-san-francesco-dassisi-per-vivere-con-gioia\/\">link di Aleteia<\/a><\/p>\n<p>La gioia \u00e8 un concetto strano, una condizione dell\u2019essere che in genere notiamo solo quando emerge dalle nostre emozioni.\u00a0<strong>Siamo felici quando ci\u00a0<em>sentiamo<\/em>\u00a0felici, ma la gioia in s\u00e9 non \u00e8 un\u2019emozione<\/strong>. Le emozioni vanno e vengono, ma una persona veramente gioiosa rimane tale anche nelle circostanze pi\u00f9 difficili. La gioia \u00e8 una virt\u00f9 pi\u00f9 forte del modo in cui ci sentiamo in un determinato momento. \u00c8 forte e salda, e sopporta dolore, delusione e perfino ingiustizia. Il motivo per il quale spesso notiamo la gioia come sentimento \u00e8 perch\u00e9 \u00e8 cos\u00ec potente che \u00e8 in grado di traboccare nelle nostre emozioni.<\/p>\n<p>C\u2019\u00e8 una storia che riguarda\u00a0<a href=\"https:\/\/it.aleteia.org\/tag\/san-francesco-dassisi\/\">San Francesco d\u2019Assisi<\/a>\u00a0e il modo in cui un giorno, mentre camminava con un altro monaco, frate Leone, spieg\u00f2<strong>\u00a0il concetto di perfetta letizia<\/strong>.<\/p>\n<p>&nbsp;<\/p>\n<p>Era una fredda giornata invernale, e loro rabbrividivano nei loro sai leggeri, quando Francesco disse a Leone che anche se fossero diventati i pi\u00f9 santi di tutti i monaci non avrebbero avuto la perfetta letizia. Camminarono per un altro po\u2019, e Francesco disse che anche se i monaci avessero compiuto dei miracoli non avrebbero avuto la perfetta letizia. Proseguirono in silenzio, e Francesco aggiunse che se fossero diventati i pi\u00f9 saggi di tutti gli uomini, noti per le loro intuizioni profetiche, anche questa non sarebbe stata perfetta letizia.<\/p>\n<p>Francesco continu\u00f2 descrivendo magnifiche visioni di gloria e successo, dicendo che nessuna di esse sarebbe stata sufficiente. Alla fine Frate Leone ne ebbe abbastanza e gli chiese: \u201c<strong><em>Insegnami cosa sia la perfetta letizia<\/em><\/strong>\u201d.<\/p>\n<p>La risposta di Francesco fu sorprendente:<\/p>\n<p>\u201c<em>Quando saremo arrivati a Santa Maria degli Angeli e saremo bagnati per la pioggia, infreddoliti per la neve, sporchi per il fango e affamati per il lungo viaggio busseremo alla porta del convento. E il frate portinaio chieder\u00e0: Chi siete voi? E noi risponderemo: Siamo due dei vostri frati. E Lui non riconoscendoci, dir\u00e0 che siamo due impostori, gente che ruba l\u2019elemosina ai poveri, non ci aprir\u00e0 lasciandoci fuori al freddo della neve, alla pioggia e alla fame mentre si fa notte\u2026 Se noi subiremo con pazienza ed allegria pensando alle pene del Cristo benedetto e che solo per suo amore bisogna sopportare, caro frate Leone, annota che sta in questo la perfetta letizia<\/em>\u201d.<\/p>\n<p>&nbsp;<\/p>\n<p>Se stare in piedi nel fango durante un temporale dopo essere stati attaccati era la sua idea di gioia, San Francesco doveva avere un concetto ben diverso dal mio.<\/p>\n<p>Approfondendo ci\u00f2 che intendeva, per\u00f2, penso che avesse ragione. La sua insistenza \u00e8 sul fatto che\u00a0<strong>la sofferenza \u00e8 gioiosa quando \u00e8 un atto d\u2019amore<\/strong>. Sono sempre stato in qualche modo insoddisfatto della spiegazione per la quale la gioia \u00e8 semplicemente qualcosa in noi che ci aiuta ad essere felici anche quando la vita \u00e8 dura. Anche se la gioia non \u00e8 un sentimento, in quei momenti mi sembra sicuramente di averla persa. La gioia dev\u2019essere pi\u00f9 dell\u2019autodisciplina ferrea che porta a ignorare le circostanze esterne. Francesco conosceva il segreto. Per lui, deriva dall\u2019amore nei confronti di Dio. Voleva pensare a Dio, essere vicino a Lui, parlare di Lui. Se poteva soffrire ed essere pi\u00f9 simile a Dio, meglio.<\/p>\n<p>Per noi, la gioia nasce dalla stessa fonte. Abbiamo la gioia attraverso il nostro amore per Dio, sapendo che Egli \u00e8 vicino in ogni circostanza. Parlando in modo pi\u00f9 ampio, siamo felici anche quando possiamo stare con una persona che amiamo e quando le accadono cose belle, che si tratti del coniuge, di un familiare o di un amico. Pensarla in questo modo ci mostra anche come la gioia possa procedere mano nella mano con il fatto di sperimentare le difficolt\u00e0 della vita.<\/p>\n<p>Se la gioia \u00e8 collegata all\u2019amore, \u00e8 ragionevole che soffriamo quando chi amiamo soffre, e anche questa \u00e8 gioia, perch\u00e9 \u00e8 un segno del nostro amore nei suoi confronti. Anche quando sentiamo di essere gli unici per i quali la vita \u00e8 una lotta, sappiamo comunque che Dio \u00e8 con noi e che soffre con noi perch\u00e9 ci ama, e anche questa \u00e8 gioia.<\/p>\n<p><strong>L\u2019errore che spesso commettiamo \u00e8 convincerci che avremo ancora pi\u00f9 gioia se otterremo questa o quella cosa<\/strong>\u00a0\u2013 quella promozione a lavoro, la macchina nuova, la casa nuova, il prestigio di un altro successo accademico, il modo in cui la gente ci risponde, la possibilit\u00e0 che una circostanza difficile venga meno\u2026<\/p>\n<p>Ci convinciamo che un altro cambiamento ci porter\u00e0 finalmente la gioia, ma non \u00e8 mai cos\u00ec. Iniziamo solo a pensare alla cosa successiva.<\/p>\n<p>San Francesco sapeva andare oltre questo ciclo infinito, perch\u00e9 capiva che la gioia riguarda l\u2019amore. Prendere la semplice decisione di amare meglio chi ci circonda: \u00e8 questo il segreto di vivere con gioia in ogni circostanza.<\/p>\n<p><em>\u00a0<\/em><\/p>\n<p><em>\u00a0<\/em><\/p>\n<p style=\"text-align: center;\"><strong>La consolazione secondo S. Ignazio di Loyola<\/strong><\/p>\n<p style=\"text-align: center;\"><a href=\"https:\/\/cis-esercizispirituali.net\/documenti\/\">Esercizi Spirituali<\/a>, par. 316<\/p>\n<p style=\"text-align: center;\">Ignazio di Loyola<\/p>\n<p>&nbsp;<\/p>\n<p>Si intende per consolazione quando si produce uno stimolo interiore, per cui l&#8217;anima si infiamma di amore per il suo Creatore e Signore, e quindi non pu\u00f2 amare nessuna delle realt\u00e0 di questo mondo per s\u00e9 stessa, ma solo per il Creatore di tutte; [&#8230;]<\/p>\n<p>Infine si intende per consolazione ogni <strong>aumento di speranza, fede e carit\u00e0<\/strong>, e ogni gioia interiore che stimola e attrae alle realt\u00e0 celesti e alla salvezza dell&#8217;anima, dandole tranquillit\u00e0 e pace nel suo Creatore e Signore.<\/p>\n","protected":false},"excerpt":{"rendered":"<p>Il segreto di San Francesco d\u2019Assisi per vivere con gioia padre Michael Rennier, pubblicato il 16\/12\/20 Riportiamo quanto potrete trovare al link di Aleteia La gioia \u00e8 un concetto strano, una condizione dell\u2019essere che in genere notiamo solo quando emerge dalle nostre emozioni.\u00a0Siamo felici quando ci\u00a0sentiamo\u00a0felici, ma la gioia in s\u00e9 non \u00e8 un\u2019emozione. Le emozioni vanno e vengono, ma una persona veramente gioiosa rimane &hellip; <a href=\"https:\/\/www.diocesi.pavia.it\/ufficiocatechistico\/la-gioia-per-san-francesco-dassisi-e-santignazio-di-loyola\/\" class=\"more-link\">Continue reading <span class=\"screen-reader-text\">La gioia per San Francesco d&#8217;Assisi e Sant&#8217;Ignazio di Loyola<\/span> <span class=\"meta-nav\">&raquo;<\/span><\/a><\/p>\n","protected":false},"author":17,"featured_media":0,"parent":0,"menu_order":0,"comment_status":"closed","ping_status":"closed","template":"","meta":{"_acf_changed":false,"ip_address":"","user_agent":"","level":"","revision":"","cookie_id":"","page_referer":"","html_form":"","footnotes":""},"class_list":["post-2025","page","type-page","status-publish","hentry"],"acf":[],"yoast_head":"<!-- This site is optimized with the Yoast SEO plugin v27.4 - https:\/\/yoast.com\/product\/yoast-seo-wordpress\/ -->\n<title>La gioia per San Francesco d&#039;Assisi e Sant&#039;Ignazio di Loyola - Ufficio catechistico<\/title>\n<meta name=\"robots\" content=\"index, follow, max-snippet:-1, max-image-preview:large, max-video-preview:-1\" \/>\n<link rel=\"canonical\" href=\"https:\/\/www.diocesi.pavia.it\/ufficiocatechistico\/la-gioia-per-san-francesco-dassisi-e-santignazio-di-loyola\/\" \/>\n<meta property=\"og:locale\" content=\"it_IT\" \/>\n<meta property=\"og:type\" content=\"article\" \/>\n<meta property=\"og:title\" content=\"La gioia per San Francesco d&#039;Assisi e Sant&#039;Ignazio di Loyola - Ufficio catechistico\" \/>\n<meta property=\"og:description\" content=\"Il segreto di San Francesco d\u2019Assisi per vivere con gioia padre Michael Rennier, pubblicato il 16\/12\/20 Riportiamo quanto potrete trovare al link di Aleteia La gioia \u00e8 un concetto strano, una condizione dell\u2019essere che in genere notiamo solo quando emerge dalle nostre emozioni.\u00a0Siamo felici quando ci\u00a0sentiamo\u00a0felici, ma la gioia in s\u00e9 non \u00e8 un\u2019emozione. Le emozioni vanno e vengono, ma una persona veramente gioiosa rimane &hellip; Continue reading La gioia per San Francesco d&#8217;Assisi e Sant&#8217;Ignazio di Loyola &raquo;\" \/>\n<meta property=\"og:url\" content=\"https:\/\/www.diocesi.pavia.it\/ufficiocatechistico\/la-gioia-per-san-francesco-dassisi-e-santignazio-di-loyola\/\" \/>\n<meta property=\"og:site_name\" content=\"Ufficio catechistico\" \/>\n<meta name=\"twitter:card\" content=\"summary_large_image\" \/>\n<meta name=\"twitter:label1\" content=\"Tempo di lettura stimato\" \/>\n\t<meta name=\"twitter:data1\" content=\"5 minuti\" \/>\n<script type=\"application\/ld+json\" class=\"yoast-schema-graph\">{\"@context\":\"https:\\\/\\\/schema.org\",\"@graph\":[{\"@type\":\"WebPage\",\"@id\":\"https:\\\/\\\/www.diocesi.pavia.it\\\/ufficiocatechistico\\\/la-gioia-per-san-francesco-dassisi-e-santignazio-di-loyola\\\/\",\"url\":\"https:\\\/\\\/www.diocesi.pavia.it\\\/ufficiocatechistico\\\/la-gioia-per-san-francesco-dassisi-e-santignazio-di-loyola\\\/\",\"name\":\"La gioia per San Francesco d'Assisi e Sant'Ignazio di Loyola - Ufficio catechistico\",\"isPartOf\":{\"@id\":\"https:\\\/\\\/www.diocesi.pavia.it\\\/ufficiocatechistico\\\/#website\"},\"datePublished\":\"2026-03-31T22:01:39+00:00\",\"breadcrumb\":{\"@id\":\"https:\\\/\\\/www.diocesi.pavia.it\\\/ufficiocatechistico\\\/la-gioia-per-san-francesco-dassisi-e-santignazio-di-loyola\\\/#breadcrumb\"},\"inLanguage\":\"it-IT\",\"potentialAction\":[{\"@type\":\"ReadAction\",\"target\":[\"https:\\\/\\\/www.diocesi.pavia.it\\\/ufficiocatechistico\\\/la-gioia-per-san-francesco-dassisi-e-santignazio-di-loyola\\\/\"]}]},{\"@type\":\"BreadcrumbList\",\"@id\":\"https:\\\/\\\/www.diocesi.pavia.it\\\/ufficiocatechistico\\\/la-gioia-per-san-francesco-dassisi-e-santignazio-di-loyola\\\/#breadcrumb\",\"itemListElement\":[{\"@type\":\"ListItem\",\"position\":1,\"name\":\"Home\",\"item\":\"https:\\\/\\\/www.diocesi.pavia.it\\\/ufficiocatechistico\\\/\"},{\"@type\":\"ListItem\",\"position\":2,\"name\":\"La gioia per San Francesco d&#8217;Assisi e Sant&#8217;Ignazio di Loyola\"}]},{\"@type\":\"WebSite\",\"@id\":\"https:\\\/\\\/www.diocesi.pavia.it\\\/ufficiocatechistico\\\/#website\",\"url\":\"https:\\\/\\\/www.diocesi.pavia.it\\\/ufficiocatechistico\\\/\",\"name\":\"Ufficio catechistico\",\"description\":\"Diocesi di Pavia\",\"publisher\":{\"@id\":\"https:\\\/\\\/www.diocesi.pavia.it\\\/ufficiocatechistico\\\/#organization\"},\"potentialAction\":[{\"@type\":\"SearchAction\",\"target\":{\"@type\":\"EntryPoint\",\"urlTemplate\":\"https:\\\/\\\/www.diocesi.pavia.it\\\/ufficiocatechistico\\\/?s={search_term_string}\"},\"query-input\":{\"@type\":\"PropertyValueSpecification\",\"valueRequired\":true,\"valueName\":\"search_term_string\"}}],\"inLanguage\":\"it-IT\"},{\"@type\":\"Organization\",\"@id\":\"https:\\\/\\\/www.diocesi.pavia.it\\\/ufficiocatechistico\\\/#organization\",\"name\":\"Ufficio catechistico\",\"url\":\"https:\\\/\\\/www.diocesi.pavia.it\\\/ufficiocatechistico\\\/\",\"logo\":{\"@type\":\"ImageObject\",\"inLanguage\":\"it-IT\",\"@id\":\"https:\\\/\\\/www.diocesi.pavia.it\\\/ufficiocatechistico\\\/#\\\/schema\\\/logo\\\/image\\\/\",\"url\":\"https:\\\/\\\/www.diocesi.pavia.it\\\/ufficiocatechistico\\\/wp-content\\\/uploads\\\/sites\\\/5\\\/2024\\\/02\\\/home_catechesi.png\",\"contentUrl\":\"https:\\\/\\\/www.diocesi.pavia.it\\\/ufficiocatechistico\\\/wp-content\\\/uploads\\\/sites\\\/5\\\/2024\\\/02\\\/home_catechesi.png\",\"width\":446,\"height\":109,\"caption\":\"Ufficio catechistico\"},\"image\":{\"@id\":\"https:\\\/\\\/www.diocesi.pavia.it\\\/ufficiocatechistico\\\/#\\\/schema\\\/logo\\\/image\\\/\"}}]}<\/script>\n<!-- \/ Yoast SEO plugin. -->","yoast_head_json":{"title":"La gioia per San Francesco d'Assisi e Sant'Ignazio di Loyola - Ufficio catechistico","robots":{"index":"index","follow":"follow","max-snippet":"max-snippet:-1","max-image-preview":"max-image-preview:large","max-video-preview":"max-video-preview:-1"},"canonical":"https:\/\/www.diocesi.pavia.it\/ufficiocatechistico\/la-gioia-per-san-francesco-dassisi-e-santignazio-di-loyola\/","og_locale":"it_IT","og_type":"article","og_title":"La gioia per San Francesco d'Assisi e Sant'Ignazio di Loyola - Ufficio catechistico","og_description":"Il segreto di San Francesco d\u2019Assisi per vivere con gioia padre Michael Rennier, pubblicato il 16\/12\/20 Riportiamo quanto potrete trovare al link di Aleteia La gioia \u00e8 un concetto strano, una condizione dell\u2019essere che in genere notiamo solo quando emerge dalle nostre emozioni.\u00a0Siamo felici quando ci\u00a0sentiamo\u00a0felici, ma la gioia in s\u00e9 non \u00e8 un\u2019emozione. Le emozioni vanno e vengono, ma una persona veramente gioiosa rimane &hellip; Continue reading La gioia per San Francesco d&#8217;Assisi e Sant&#8217;Ignazio di Loyola &raquo;","og_url":"https:\/\/www.diocesi.pavia.it\/ufficiocatechistico\/la-gioia-per-san-francesco-dassisi-e-santignazio-di-loyola\/","og_site_name":"Ufficio catechistico","twitter_card":"summary_large_image","twitter_misc":{"Tempo di lettura stimato":"5 minuti"},"schema":{"@context":"https:\/\/schema.org","@graph":[{"@type":"WebPage","@id":"https:\/\/www.diocesi.pavia.it\/ufficiocatechistico\/la-gioia-per-san-francesco-dassisi-e-santignazio-di-loyola\/","url":"https:\/\/www.diocesi.pavia.it\/ufficiocatechistico\/la-gioia-per-san-francesco-dassisi-e-santignazio-di-loyola\/","name":"La gioia per San Francesco d'Assisi e Sant'Ignazio di Loyola - Ufficio catechistico","isPartOf":{"@id":"https:\/\/www.diocesi.pavia.it\/ufficiocatechistico\/#website"},"datePublished":"2026-03-31T22:01:39+00:00","breadcrumb":{"@id":"https:\/\/www.diocesi.pavia.it\/ufficiocatechistico\/la-gioia-per-san-francesco-dassisi-e-santignazio-di-loyola\/#breadcrumb"},"inLanguage":"it-IT","potentialAction":[{"@type":"ReadAction","target":["https:\/\/www.diocesi.pavia.it\/ufficiocatechistico\/la-gioia-per-san-francesco-dassisi-e-santignazio-di-loyola\/"]}]},{"@type":"BreadcrumbList","@id":"https:\/\/www.diocesi.pavia.it\/ufficiocatechistico\/la-gioia-per-san-francesco-dassisi-e-santignazio-di-loyola\/#breadcrumb","itemListElement":[{"@type":"ListItem","position":1,"name":"Home","item":"https:\/\/www.diocesi.pavia.it\/ufficiocatechistico\/"},{"@type":"ListItem","position":2,"name":"La gioia per San Francesco d&#8217;Assisi e Sant&#8217;Ignazio di Loyola"}]},{"@type":"WebSite","@id":"https:\/\/www.diocesi.pavia.it\/ufficiocatechistico\/#website","url":"https:\/\/www.diocesi.pavia.it\/ufficiocatechistico\/","name":"Ufficio catechistico","description":"Diocesi di Pavia","publisher":{"@id":"https:\/\/www.diocesi.pavia.it\/ufficiocatechistico\/#organization"},"potentialAction":[{"@type":"SearchAction","target":{"@type":"EntryPoint","urlTemplate":"https:\/\/www.diocesi.pavia.it\/ufficiocatechistico\/?s={search_term_string}"},"query-input":{"@type":"PropertyValueSpecification","valueRequired":true,"valueName":"search_term_string"}}],"inLanguage":"it-IT"},{"@type":"Organization","@id":"https:\/\/www.diocesi.pavia.it\/ufficiocatechistico\/#organization","name":"Ufficio catechistico","url":"https:\/\/www.diocesi.pavia.it\/ufficiocatechistico\/","logo":{"@type":"ImageObject","inLanguage":"it-IT","@id":"https:\/\/www.diocesi.pavia.it\/ufficiocatechistico\/#\/schema\/logo\/image\/","url":"https:\/\/www.diocesi.pavia.it\/ufficiocatechistico\/wp-content\/uploads\/sites\/5\/2024\/02\/home_catechesi.png","contentUrl":"https:\/\/www.diocesi.pavia.it\/ufficiocatechistico\/wp-content\/uploads\/sites\/5\/2024\/02\/home_catechesi.png","width":446,"height":109,"caption":"Ufficio catechistico"},"image":{"@id":"https:\/\/www.diocesi.pavia.it\/ufficiocatechistico\/#\/schema\/logo\/image\/"}}]}},"_links":{"self":[{"href":"https:\/\/www.diocesi.pavia.it\/ufficiocatechistico\/wp-json\/wp\/v2\/pages\/2025","targetHints":{"allow":["GET"]}}],"collection":[{"href":"https:\/\/www.diocesi.pavia.it\/ufficiocatechistico\/wp-json\/wp\/v2\/pages"}],"about":[{"href":"https:\/\/www.diocesi.pavia.it\/ufficiocatechistico\/wp-json\/wp\/v2\/types\/page"}],"author":[{"embeddable":true,"href":"https:\/\/www.diocesi.pavia.it\/ufficiocatechistico\/wp-json\/wp\/v2\/users\/17"}],"replies":[{"embeddable":true,"href":"https:\/\/www.diocesi.pavia.it\/ufficiocatechistico\/wp-json\/wp\/v2\/comments?post=2025"}],"version-history":[{"count":1,"href":"https:\/\/www.diocesi.pavia.it\/ufficiocatechistico\/wp-json\/wp\/v2\/pages\/2025\/revisions"}],"predecessor-version":[{"id":2026,"href":"https:\/\/www.diocesi.pavia.it\/ufficiocatechistico\/wp-json\/wp\/v2\/pages\/2025\/revisions\/2026"}],"wp:attachment":[{"href":"https:\/\/www.diocesi.pavia.it\/ufficiocatechistico\/wp-json\/wp\/v2\/media?parent=2025"}],"curies":[{"name":"wp","href":"https:\/\/api.w.org\/{rel}","templated":true}]}}