{"id":3534,"date":"2026-04-21T11:39:02","date_gmt":"2026-04-21T09:39:02","guid":{"rendered":"https:\/\/www.diocesi.pavia.it\/archiviostorico\/?page_id=3534"},"modified":"2026-05-04T15:45:04","modified_gmt":"2026-05-04T13:45:04","slug":"inventari","status":"publish","type":"page","link":"https:\/\/www.diocesi.pavia.it\/archiviostorico\/patrimonio\/inventari\/","title":{"rendered":"Inventari"},"content":{"rendered":"<div class=\"elementor-element elementor-element-8294a10 e-flex e-con-boxed e-con e-parent e-lazyloaded\" data-id=\"8294a10\" data-element_type=\"container\">\n<div class=\"e-con-inner\">\n<div class=\"elementor-element elementor-element-79e2ae9 elementor-widget elementor-widget-text-editor\" data-id=\"79e2ae9\" data-element_type=\"widget\" data-widget_type=\"text-editor.default\">\n<div class=\"elementor-widget-container\">\n<p>L\u2019inventario che sembra essere il pi\u00f9 antico risale alla met\u00e0 dell\u2019Ottocento e fu redatto con metodo peroniano da Pietro Terenzio, cancelliere della Curia e archivista, come si suppone dalla grafia delle intestazioni dei fascicoli; egli attu\u00f2 un\u2019inventariazione incompleta del materiale conservato in Archivio; successivamente, tra gli anni Settanta e Ottanta del XX secolo anche\u00a0l\u2019archivista don Ermanno Seg\u00f9 (1977-sicuramente fino al 2000), allora direttore dell\u2019Archivio, oper\u00f2 una nuova inventariazione dell\u2019Archivio, secondo il metodo storico, ma anch\u2019essa \u00e8 rimasta incompleta a causa della scomparsa dello stesso.<\/p>\n<p>Dal 2000 al 2004 direttore dell\u2019Archivio fu don Michele Mosa che non oper\u00f2 alcuna inventariazione rilevante a livello scientifico.<\/p>\n<p><span class=\"s2\">Gli attuali inventari sono dovuti all\u2019opera di Xenio Toscani (2005-2025), direttore dell\u2019Archivio, il quale ha continuato l\u2019opera di Seg\u00f9 descrivendo e ordinando i fondi archivistici qui elencati e consultabili in loco:\u00a0<\/span><\/p>\n<\/div>\n<\/div>\n<\/div>\n<\/div>\n<div class=\"elementor-element elementor-element-4958ebe e-flex e-con-boxed e-con e-parent e-lazyloaded\" data-id=\"4958ebe\" data-element_type=\"container\">\n<div class=\"e-con-inner\">\n<div class=\"elementor-element elementor-element-a9f4f71 e-con-full e-flex e-con e-child\" data-id=\"a9f4f71\" data-element_type=\"container\">\n<div class=\"elementor-element elementor-element-df33dff elementor-widget elementor-widget-text-editor\" data-id=\"df33dff\" data-element_type=\"widget\" data-widget_type=\"text-editor.default\">\n<div class=\"elementor-widget-container\">\n<ul>\n<li class=\"p1\"><a href=\"https:\/\/www.diocesi.pavia.it\/archiviostorico\/wp-content\/uploads\/sites\/8\/2026\/05\/Fondo-01-Parrocchie-chiese-ecc.-09-giugno-08-1.xls\">Fondo 01 \u2013 Parrocchie, chiese, monasteri<\/a><\/li>\n<li><a href=\"https:\/\/www.diocesi.pavia.it\/archiviostorico\/wp-content\/uploads\/sites\/8\/2026\/05\/fondo-II-Ultima-edizione.xlsx\">Fondo 02 \u2013 Leggi e atti<\/a><\/li>\n<li><a href=\"https:\/\/www.diocesi.pavia.it\/archiviostorico\/wp-content\/uploads\/sites\/8\/2026\/05\/FONDO-III-Vescovi-di-Pavia.xls\">Fondo 03 \u2013 Vescovi<\/a><\/li>\n<li>Fondo 04 \u2013 Sacerdoti e religiosi paveso<\/li>\n<li>Fondo 05 \u2013 Visite pastorali<\/li>\n<li>Fondo 06 \u2013 Bellisomi<\/li>\n<li><a href=\"https:\/\/www.diocesi.pavia.it\/archiviostorico\/wp-content\/uploads\/sites\/8\/2026\/05\/Fondo-07-registri-di-varia-documentazione.doc\">Fondo 07 \u2013 Varia documentazione<\/a><\/li>\n<li><a href=\"https:\/\/www.diocesi.pavia.it\/archiviostorico\/wp-content\/uploads\/sites\/8\/2026\/05\/Fondo-09-Santi-Pavesi.doc\">Fondo 09 \u2013 Santi pavesi<\/a><\/li>\n<li><a href=\"https:\/\/www.diocesi.pavia.it\/archiviostorico\/wp-content\/uploads\/sites\/8\/2026\/05\/Fondo-10-Cancelleria.xlsx\">Fondo 10 \u2013 Cancelleria<\/a><\/li>\n<li>Fondo 11 \u2013 Materiale vario<\/li>\n<li>Fondo 12 \u2013 Legati pii<\/li>\n<li>Fondo 13 \u2013 Compagnia Dottrina Cristiana<\/li>\n<li><a href=\"https:\/\/www.diocesi.pavia.it\/archiviostorico\/wp-content\/uploads\/sites\/8\/2026\/05\/Fondo-15-Cattedrale-Fabbriceria.xls\">Fondo 15 \u2013 Fabbriceria della Cattedrale<\/a><\/li>\n<li>Fondo 19 \u2013 Nati maschi (1816-1860)<\/li>\n<li>Fondo 20 \u2013 Nati maschi (1872-1900)<\/li>\n<li><a href=\"https:\/\/www.diocesi.pavia.it\/archiviostorico\/wp-content\/uploads\/sites\/8\/2026\/05\/Fondo-25-Congregazioni-urbane-e-foranee.doc\">Fondo 25 &#8211; Congregazioni urbane e foranee<\/a><\/li>\n<li>Fondo 30 \u2013 Archivi Parrocchiali<\/li>\n<li>Fondo 31 \u2013 Tribunale ecclesiastico<\/li>\n<\/ul>\n<p>\u00c8 in corso un progetto di inventariazione che terminer\u00e0 a fine 2026. Per saperne di pi\u00f9 premere\u00a0<a href=\"https:\/\/www.diocesi.pavia.it\/archiviostorico\/patrimonio\/inventari\/progetti-di-inventariazione\/\">qui<\/a>.<\/p>\n<\/div>\n<\/div>\n<\/div>\n<\/div>\n<\/div>\n","protected":false},"excerpt":{"rendered":"<p>L\u2019inventario che sembra essere il pi\u00f9 antico risale alla met\u00e0 dell\u2019Ottocento e fu redatto con metodo peroniano da Pietro Terenzio, cancelliere della Curia e archivista, come si suppone dalla grafia delle intestazioni dei fascicoli; egli attu\u00f2 un\u2019inventariazione incompleta del materiale conservato in Archivio; successivamente, tra gli anni Settanta e Ottanta del XX secolo anche\u00a0l\u2019archivista don Ermanno Seg\u00f9 (1977-sicuramente fino al 2000), allora direttore dell\u2019Archivio, oper\u00f2 &hellip; <a href=\"https:\/\/www.diocesi.pavia.it\/archiviostorico\/patrimonio\/inventari\/\" class=\"more-link\">Continue reading <span class=\"screen-reader-text\">Inventari<\/span> <span class=\"meta-nav\">&raquo;<\/span><\/a><\/p>\n","protected":false},"author":3,"featured_media":0,"parent":3530,"menu_order":0,"comment_status":"closed","ping_status":"closed","template":"","meta":{"_acf_changed":false,"ip_address":"","user_agent":"","level":"","revision":"","cookie_id":"","page_referer":"","html_form":"","footnotes":""},"class_list":["post-3534","page","type-page","status-publish","hentry"],"acf":[],"yoast_head":"<!-- This site is optimized with the Yoast SEO plugin v27.4 - https:\/\/yoast.com\/product\/yoast-seo-wordpress\/ -->\n<title>Inventari - Archivio storico diocesano<\/title>\n<meta name=\"description\" content=\"Consulta gli inventari cartacei e scoprine la loro origine, nella met\u00e0 dell&#039;Ottocento, fino ad approdare ai moderni inventari digitali.\" \/>\n<meta name=\"robots\" content=\"index, follow, max-snippet:-1, max-image-preview:large, max-video-preview:-1\" \/>\n<link rel=\"canonical\" href=\"https:\/\/www.diocesi.pavia.it\/archiviostorico\/patrimonio\/inventari\/\" \/>\n<meta property=\"og:locale\" content=\"it_IT\" \/>\n<meta property=\"og:type\" content=\"article\" \/>\n<meta property=\"og:title\" content=\"Inventari - Archivio storico diocesano\" \/>\n<meta property=\"og:description\" content=\"Consulta gli inventari cartacei e scoprine la loro origine, nella met\u00e0 dell&#039;Ottocento, fino ad approdare ai moderni inventari digitali.\" \/>\n<meta property=\"og:url\" content=\"https:\/\/www.diocesi.pavia.it\/archiviostorico\/patrimonio\/inventari\/\" \/>\n<meta property=\"og:site_name\" content=\"Archivio storico diocesano\" \/>\n<meta property=\"article:modified_time\" content=\"2026-05-04T13:45:04+00:00\" \/>\n<meta name=\"twitter:card\" content=\"summary_large_image\" \/>\n<meta name=\"twitter:label1\" content=\"Tempo di lettura stimato\" \/>\n\t<meta name=\"twitter:data1\" content=\"2 minuti\" \/>\n<script type=\"application\/ld+json\" class=\"yoast-schema-graph\">{\"@context\":\"https:\\\/\\\/schema.org\",\"@graph\":[{\"@type\":\"WebPage\",\"@id\":\"https:\\\/\\\/www.diocesi.pavia.it\\\/archiviostorico\\\/patrimonio\\\/inventari\\\/\",\"url\":\"https:\\\/\\\/www.diocesi.pavia.it\\\/archiviostorico\\\/patrimonio\\\/inventari\\\/\",\"name\":\"Inventari - Archivio storico diocesano\",\"isPartOf\":{\"@id\":\"https:\\\/\\\/www.diocesi.pavia.it\\\/archiviostorico\\\/#website\"},\"datePublished\":\"2026-04-21T09:39:02+00:00\",\"dateModified\":\"2026-05-04T13:45:04+00:00\",\"description\":\"Consulta gli inventari cartacei e scoprine la loro origine, nella met\u00e0 dell'Ottocento, fino ad approdare ai moderni inventari digitali.\",\"breadcrumb\":{\"@id\":\"https:\\\/\\\/www.diocesi.pavia.it\\\/archiviostorico\\\/patrimonio\\\/inventari\\\/#breadcrumb\"},\"inLanguage\":\"it-IT\",\"potentialAction\":[{\"@type\":\"ReadAction\",\"target\":[\"https:\\\/\\\/www.diocesi.pavia.it\\\/archiviostorico\\\/patrimonio\\\/inventari\\\/\"]}]},{\"@type\":\"BreadcrumbList\",\"@id\":\"https:\\\/\\\/www.diocesi.pavia.it\\\/archiviostorico\\\/patrimonio\\\/inventari\\\/#breadcrumb\",\"itemListElement\":[{\"@type\":\"ListItem\",\"position\":1,\"name\":\"Home\",\"item\":\"https:\\\/\\\/www.diocesi.pavia.it\\\/archiviostorico\\\/\"},{\"@type\":\"ListItem\",\"position\":2,\"name\":\"Patrimonio\",\"item\":\"https:\\\/\\\/www.diocesi.pavia.it\\\/archiviostorico\\\/patrimonio\\\/\"},{\"@type\":\"ListItem\",\"position\":3,\"name\":\"Inventari\"}]},{\"@type\":\"WebSite\",\"@id\":\"https:\\\/\\\/www.diocesi.pavia.it\\\/archiviostorico\\\/#website\",\"url\":\"https:\\\/\\\/www.diocesi.pavia.it\\\/archiviostorico\\\/\",\"name\":\"Archivio storico diocesano\",\"description\":\"Diocesi di Pavia\",\"publisher\":{\"@id\":\"https:\\\/\\\/www.diocesi.pavia.it\\\/archiviostorico\\\/#organization\"},\"potentialAction\":[{\"@type\":\"SearchAction\",\"target\":{\"@type\":\"EntryPoint\",\"urlTemplate\":\"https:\\\/\\\/www.diocesi.pavia.it\\\/archiviostorico\\\/?s={search_term_string}\"},\"query-input\":{\"@type\":\"PropertyValueSpecification\",\"valueRequired\":true,\"valueName\":\"search_term_string\"}}],\"inLanguage\":\"it-IT\"},{\"@type\":\"Organization\",\"@id\":\"https:\\\/\\\/www.diocesi.pavia.it\\\/archiviostorico\\\/#organization\",\"name\":\"Archivio storico diocesano\",\"url\":\"https:\\\/\\\/www.diocesi.pavia.it\\\/archiviostorico\\\/\",\"logo\":{\"@type\":\"ImageObject\",\"inLanguage\":\"it-IT\",\"@id\":\"https:\\\/\\\/www.diocesi.pavia.it\\\/archiviostorico\\\/#\\\/schema\\\/logo\\\/image\\\/\",\"url\":\"https:\\\/\\\/www.diocesi.pavia.it\\\/archiviostorico\\\/wp-content\\\/uploads\\\/sites\\\/8\\\/2026\\\/04\\\/logoarchivio.png\",\"contentUrl\":\"https:\\\/\\\/www.diocesi.pavia.it\\\/archiviostorico\\\/wp-content\\\/uploads\\\/sites\\\/8\\\/2026\\\/04\\\/logoarchivio.png\",\"width\":210,\"height\":108,\"caption\":\"Archivio storico diocesano\"},\"image\":{\"@id\":\"https:\\\/\\\/www.diocesi.pavia.it\\\/archiviostorico\\\/#\\\/schema\\\/logo\\\/image\\\/\"}}]}<\/script>\n<!-- \/ Yoast SEO plugin. -->","yoast_head_json":{"title":"Inventari - Archivio storico diocesano","description":"Consulta gli inventari cartacei e scoprine la loro origine, nella met\u00e0 dell'Ottocento, fino ad approdare ai moderni inventari digitali.","robots":{"index":"index","follow":"follow","max-snippet":"max-snippet:-1","max-image-preview":"max-image-preview:large","max-video-preview":"max-video-preview:-1"},"canonical":"https:\/\/www.diocesi.pavia.it\/archiviostorico\/patrimonio\/inventari\/","og_locale":"it_IT","og_type":"article","og_title":"Inventari - Archivio storico diocesano","og_description":"Consulta gli inventari cartacei e scoprine la loro origine, nella met\u00e0 dell'Ottocento, fino ad approdare ai moderni inventari digitali.","og_url":"https:\/\/www.diocesi.pavia.it\/archiviostorico\/patrimonio\/inventari\/","og_site_name":"Archivio storico diocesano","article_modified_time":"2026-05-04T13:45:04+00:00","twitter_card":"summary_large_image","twitter_misc":{"Tempo di lettura stimato":"2 minuti"},"schema":{"@context":"https:\/\/schema.org","@graph":[{"@type":"WebPage","@id":"https:\/\/www.diocesi.pavia.it\/archiviostorico\/patrimonio\/inventari\/","url":"https:\/\/www.diocesi.pavia.it\/archiviostorico\/patrimonio\/inventari\/","name":"Inventari - Archivio storico diocesano","isPartOf":{"@id":"https:\/\/www.diocesi.pavia.it\/archiviostorico\/#website"},"datePublished":"2026-04-21T09:39:02+00:00","dateModified":"2026-05-04T13:45:04+00:00","description":"Consulta gli inventari cartacei e scoprine la loro origine, nella met\u00e0 dell'Ottocento, fino ad approdare ai moderni inventari digitali.","breadcrumb":{"@id":"https:\/\/www.diocesi.pavia.it\/archiviostorico\/patrimonio\/inventari\/#breadcrumb"},"inLanguage":"it-IT","potentialAction":[{"@type":"ReadAction","target":["https:\/\/www.diocesi.pavia.it\/archiviostorico\/patrimonio\/inventari\/"]}]},{"@type":"BreadcrumbList","@id":"https:\/\/www.diocesi.pavia.it\/archiviostorico\/patrimonio\/inventari\/#breadcrumb","itemListElement":[{"@type":"ListItem","position":1,"name":"Home","item":"https:\/\/www.diocesi.pavia.it\/archiviostorico\/"},{"@type":"ListItem","position":2,"name":"Patrimonio","item":"https:\/\/www.diocesi.pavia.it\/archiviostorico\/patrimonio\/"},{"@type":"ListItem","position":3,"name":"Inventari"}]},{"@type":"WebSite","@id":"https:\/\/www.diocesi.pavia.it\/archiviostorico\/#website","url":"https:\/\/www.diocesi.pavia.it\/archiviostorico\/","name":"Archivio storico diocesano","description":"Diocesi di Pavia","publisher":{"@id":"https:\/\/www.diocesi.pavia.it\/archiviostorico\/#organization"},"potentialAction":[{"@type":"SearchAction","target":{"@type":"EntryPoint","urlTemplate":"https:\/\/www.diocesi.pavia.it\/archiviostorico\/?s={search_term_string}"},"query-input":{"@type":"PropertyValueSpecification","valueRequired":true,"valueName":"search_term_string"}}],"inLanguage":"it-IT"},{"@type":"Organization","@id":"https:\/\/www.diocesi.pavia.it\/archiviostorico\/#organization","name":"Archivio storico diocesano","url":"https:\/\/www.diocesi.pavia.it\/archiviostorico\/","logo":{"@type":"ImageObject","inLanguage":"it-IT","@id":"https:\/\/www.diocesi.pavia.it\/archiviostorico\/#\/schema\/logo\/image\/","url":"https:\/\/www.diocesi.pavia.it\/archiviostorico\/wp-content\/uploads\/sites\/8\/2026\/04\/logoarchivio.png","contentUrl":"https:\/\/www.diocesi.pavia.it\/archiviostorico\/wp-content\/uploads\/sites\/8\/2026\/04\/logoarchivio.png","width":210,"height":108,"caption":"Archivio storico diocesano"},"image":{"@id":"https:\/\/www.diocesi.pavia.it\/archiviostorico\/#\/schema\/logo\/image\/"}}]}},"_links":{"self":[{"href":"https:\/\/www.diocesi.pavia.it\/archiviostorico\/wp-json\/wp\/v2\/pages\/3534","targetHints":{"allow":["GET"]}}],"collection":[{"href":"https:\/\/www.diocesi.pavia.it\/archiviostorico\/wp-json\/wp\/v2\/pages"}],"about":[{"href":"https:\/\/www.diocesi.pavia.it\/archiviostorico\/wp-json\/wp\/v2\/types\/page"}],"author":[{"embeddable":true,"href":"https:\/\/www.diocesi.pavia.it\/archiviostorico\/wp-json\/wp\/v2\/users\/3"}],"replies":[{"embeddable":true,"href":"https:\/\/www.diocesi.pavia.it\/archiviostorico\/wp-json\/wp\/v2\/comments?post=3534"}],"version-history":[{"count":5,"href":"https:\/\/www.diocesi.pavia.it\/archiviostorico\/wp-json\/wp\/v2\/pages\/3534\/revisions"}],"predecessor-version":[{"id":3690,"href":"https:\/\/www.diocesi.pavia.it\/archiviostorico\/wp-json\/wp\/v2\/pages\/3534\/revisions\/3690"}],"up":[{"embeddable":true,"href":"https:\/\/www.diocesi.pavia.it\/archiviostorico\/wp-json\/wp\/v2\/pages\/3530"}],"wp:attachment":[{"href":"https:\/\/www.diocesi.pavia.it\/archiviostorico\/wp-json\/wp\/v2\/media?parent=3534"}],"curies":[{"name":"wp","href":"https:\/\/api.w.org\/{rel}","templated":true}]}}