{"id":3524,"date":"2026-04-21T11:07:25","date_gmt":"2026-04-21T09:07:25","guid":{"rendered":"https:\/\/www.diocesi.pavia.it\/archiviostorico\/?page_id=3524"},"modified":"2026-05-04T15:07:45","modified_gmt":"2026-05-04T13:07:45","slug":"ricerche-genealogiche","status":"publish","type":"page","link":"https:\/\/www.diocesi.pavia.it\/archiviostorico\/larchivio\/servizi\/ricerche-genealogiche\/","title":{"rendered":"Ricerche genealogiche"},"content":{"rendered":"<p>Presso l\u2019Archivio \u00e8 possibile eseguire ricerche anagrafiche e genealogiche tramite le seguenti fonti di ricerca (con esclusione dei documenti degli ultimi 70 anni):<br \/>\nI Libri dei Sacramenti (battesimi, cresime, matrimoni e morti) di tutte le parrocchie della Diocesi di Pavia, a partire dal 1816 al 1860 circa e dal 1871 al 1900 circa, salvo lacune in alcuni periodi, come risulta dall\u2019<a href=\"https:\/\/www.diocesi.pavia.it\/archiviostorico\/patrimonio\/inventari\/\" target=\"_blank\" rel=\"noopener\">inventario ordinato per Parrocchia<\/a>.<\/p>\n<h5><b>FARE UNA RICERCA GENEALOGICA<\/b><\/h5>\n<p>Per ricostruire la storia della propria famiglia \u00e8 necessario cominciare dalle informazioni possedute sugli antenati pi\u00f9 recenti, e da qui risalire nel tempo con l\u2019indagine, annotando le informazioni sulla paternit\u00e0 e maternit\u00e0 dei soggetti cercati. In questo primo momento sono utili i ricordi dei parenti. Qualsiasi informazione \u00e8 importante: le date dei momenti pi\u00f9 significativi (nascita, matrimonio, morte), dei luoghi (residenza, domicilio, professione), dei beni posseduti (case, terreni), dei legami sociali (rapporti con amici, associazioni, enti, ecc.).<\/p>\n<p><strong>Coloro i quali non possono venire in archivio<\/strong> devono mandare una e-mail al seguente indirizzo:\u00a0<strong><span class=\"qu yKyxu\" tabindex=\"-1\" role=\"gridcell\" translate=\"no\"><span class=\"go\">archivio@diocesi.pavia.it\u00a0<\/span><\/span><\/strong><b>\u00a0<\/b>con le seguenti informazioni:<\/p>\n<ol>\n<li>Cognome e nome del richiedente;<\/li>\n<li>Scansione del documento d\u2019identit\u00e0 (Carta d\u2019identit\u00e0, passaporto, patente italiana);<\/li>\n<li>Dati essenziali dell\u2019antenato ricercato: cognome, nome, presunta data di nascita, presunto luogo di nascita, presunto luogo di origine;<\/li>\n<li>Dati essenziali dei genitori: nome e cognome del padre e della madre, eventuali nomi di fratelli e sorelle.<\/li>\n<\/ol>\n<p>L\u2019archivio dispone di un database dei nominativi dei nati maschi del periodo soprariportato. Dunque di ricerca genealogica di un nato donna \u00e8 necessario la parrocchia di origine.<br \/>\n\u00c8 previsto un rimborso delle spese postali, che verr\u00e0 comunicato qualora la ricerca preliminare abbia dato esito positivo.<br \/>\nDato il numero di richieste pervenute all\u2019archivio, si avvisa la gentile utenza dei possibili ritardi nella risposta. Pertanto si consiglia, se possibile, la consultazione diretta in archivio delle fonti sottoindicate.<\/p>\n<h4><b>Le fonti documentarie<\/b><\/h4>\n<p>Gli archivi non sono tutti uguali, cos\u00ec come il loro ordinamento interno. Per condurre una ricerca genealogica occorre consultare gli inventari, le banche dati esistenti, oppure chiedere assistenza al personale archivistico.<br \/>\nUna prima ricerca \u00e8 possibile tra i registri dell\u2019anagrafe negli archivi comunali per il periodo che va dal 1868 a oggi, considerando il periodo escluso dalla consultazione per legge.<br \/>\nNel caso dei bambini esposti e adottati, \u00e8 utile consultare gli archivi degli orfanotrofi. Per la provincia di Pavia consultare gli <a href=\"https:\/\/archiviodistatopavia.cultura.gov.it\/fileadmin\/risorse\/inventari\/L_archivio_del_Pio_Luogo_degli_esposti_di_Pavia._Inventario.pdf\">inventari del Pio Luogo degli Esposti<\/a> conservati presso l\u2019Archivio di Stato di Pavia.<\/p>\n<p>Per le ricerche del periodo preunitario si deve cercare nei Libri dei sacramenti che si trovano negli archivi parrocchiali presso le singole parrocchie; alcuni archivi parrocchiali sono depositati presso il nostro Archivio (vedi l\u2019elenco <a href=\"https:\/\/www.diocesi.pavia.it\/archiviostorico\/patrimonio\/documenti-conservati\/\">qui<\/a>).<br \/>\nAltri documenti utili possono essere gli Stati delle anime (dal 1583-4), che si trovano nelle parrocchie e registrano lo stato di famiglia, gli Stati liberi, conservati negli archivi diocesani, che attestano lo stato libero dei futuri sposi (quelli pavesi non sono attualmente consultabili perch\u00e9 in fase di riordino), e le Dispense matrimoniali, sempre conservati negli archivi diocesani (quelli pavesi non sono attualmente consultabili perch\u00e9 in fase di riordino).<\/p>\n<p>Se l\u2019antenato \u00e8 emigrato in cerca di lavoro, \u00e8 possibile consultare gli archivi dei Tribunali, delle Prefetture regie, delle Capitanerie di Porto (soprattutto Genova, Napoli e Marsiglia): i cittadini italiani per emigrare necessitavano di un visto, e possono essere stati registrati nell\u2019elenco di imbarco o di sbarco.<\/p>\n<p><b>Attenzione:<\/b>\u00a0i confini della diocesi di Pavia non coincidono con i confini della provincia stessa, sul cui territorio si stendono oltre a quella pavese, anche quella di Vigevano, una parte importante della diocesi di Tortona e parrocchie pi\u00f9 o meno numerose delle diocesi di: Vercelli, Novara, Milano, Lodi, Piacenza-Bobbio. L\u2019elenco delle parrocchie della diocesi di Pavia \u00e8 consultabile\u00a0<a href=\"https:\/\/www.chiesacattolica.it\/annuario-cei\/ricerca-parrocchie\/?regione_parrocchie&amp;COD_DIOCESI=408&amp;provincia&amp;comune&amp;nome\" target=\"_blank\" rel=\"noopener\">qui<\/a>.<\/p>\n<p>&nbsp;<\/p>\n<h4><b>Difficolt\u00e0 nella ricerca<\/b><\/h4>\n<p>La complessit\u00e0 di una ricerca genealogica \u00e8 data dalla mobilit\u00e0 delle famiglie e delle persone: cambi di residenza e di domicilio, frequentemente legati all\u2019attivit\u00e0 professionale, rendono spesso difficile il proseguimento dell\u2019indagine.<br \/>\nAltre difficolt\u00e0 sono legate alla lettura delle scritture antiche dei documenti: quelli ecclesiastici, in particolare, sono scritti in lingua latina.<br \/>\nUn\u2019altra attenzione \u00e8 da prestare alle date e all\u2019et\u00e0 dichiarata dai parenti ai fini della compilazione dell\u2019atto di morte che non sempre \u00e8 corrispondente a quella vera; oppure alle omonimie, e ai cosiddetti nomi d\u2019uso che possono depistare le ricerche.<\/p>\n<h4><b>Strumenti utili<\/b><\/h4>\n<p>Il Portale Antenati permette una ricerca per nome, di sfogliare i registri anagrafici digitalizzati e di conoscere le fonti possibili per questo tipo di ricerca:<\/p>\n<p>\u2013\u00a0Lorenzo Caratti di Valtrei,\u00a0<i>Manuale di Genealogia, profilo, fonti, metodologie<\/i>, Roma, 2004;<\/p>\n<p>\u2013\u00a0<a href=\"https:\/\/www.chiesacattolica.it\/annuario-cei\/regioni-diocesi-e-parrocchie\/\" target=\"_blank\" rel=\"noopener\">Diocesi e Parrocchie della Chiesa Italiana\u00a0<\/a><\/p>\n","protected":false},"excerpt":{"rendered":"<p>Presso l\u2019Archivio \u00e8 possibile eseguire ricerche anagrafiche e genealogiche tramite le seguenti fonti di ricerca (con esclusione dei documenti degli ultimi 70 anni): I Libri dei Sacramenti (battesimi, cresime, matrimoni e morti) di tutte le parrocchie della Diocesi di Pavia, a partire dal 1816 al 1860 circa e dal 1871 al 1900 circa, salvo lacune in alcuni periodi, come risulta dall\u2019inventario ordinato per Parrocchia. FARE &hellip; <a href=\"https:\/\/www.diocesi.pavia.it\/archiviostorico\/larchivio\/servizi\/ricerche-genealogiche\/\" class=\"more-link\">Continue reading <span class=\"screen-reader-text\">Ricerche genealogiche<\/span> <span class=\"meta-nav\">&raquo;<\/span><\/a><\/p>\n","protected":false},"author":3,"featured_media":0,"parent":3520,"menu_order":0,"comment_status":"closed","ping_status":"closed","template":"","meta":{"_acf_changed":false,"ip_address":"","user_agent":"","level":"","revision":"","cookie_id":"","page_referer":"","html_form":"","footnotes":""},"class_list":["post-3524","page","type-page","status-publish","hentry"],"acf":[],"yoast_head":"<!-- This site is optimized with the Yoast SEO plugin v27.4 - https:\/\/yoast.com\/product\/yoast-seo-wordpress\/ -->\n<title>Ricerche genealogiche - Archivio storico diocesano<\/title>\n<meta name=\"description\" content=\"Come condurre una ricerca genealogica in Archivio.\" \/>\n<meta name=\"robots\" content=\"index, follow, max-snippet:-1, max-image-preview:large, max-video-preview:-1\" \/>\n<link rel=\"canonical\" href=\"https:\/\/www.diocesi.pavia.it\/archiviostorico\/larchivio\/servizi\/ricerche-genealogiche\/\" \/>\n<meta property=\"og:locale\" content=\"it_IT\" \/>\n<meta property=\"og:type\" content=\"article\" \/>\n<meta property=\"og:title\" content=\"Ricerche genealogiche - Archivio storico diocesano\" \/>\n<meta property=\"og:description\" content=\"Come condurre una ricerca genealogica in Archivio.\" \/>\n<meta property=\"og:url\" content=\"https:\/\/www.diocesi.pavia.it\/archiviostorico\/larchivio\/servizi\/ricerche-genealogiche\/\" \/>\n<meta property=\"og:site_name\" content=\"Archivio storico diocesano\" \/>\n<meta property=\"article:modified_time\" content=\"2026-05-04T13:07:45+00:00\" \/>\n<meta name=\"twitter:card\" content=\"summary_large_image\" \/>\n<meta name=\"twitter:label1\" content=\"Tempo di lettura stimato\" \/>\n\t<meta name=\"twitter:data1\" content=\"4 minuti\" \/>\n<script type=\"application\/ld+json\" class=\"yoast-schema-graph\">{\"@context\":\"https:\\\/\\\/schema.org\",\"@graph\":[{\"@type\":\"WebPage\",\"@id\":\"https:\\\/\\\/www.diocesi.pavia.it\\\/archiviostorico\\\/larchivio\\\/servizi\\\/ricerche-genealogiche\\\/\",\"url\":\"https:\\\/\\\/www.diocesi.pavia.it\\\/archiviostorico\\\/larchivio\\\/servizi\\\/ricerche-genealogiche\\\/\",\"name\":\"Ricerche genealogiche - Archivio storico diocesano\",\"isPartOf\":{\"@id\":\"https:\\\/\\\/www.diocesi.pavia.it\\\/archiviostorico\\\/#website\"},\"datePublished\":\"2026-04-21T09:07:25+00:00\",\"dateModified\":\"2026-05-04T13:07:45+00:00\",\"description\":\"Come condurre una ricerca genealogica in Archivio.\",\"breadcrumb\":{\"@id\":\"https:\\\/\\\/www.diocesi.pavia.it\\\/archiviostorico\\\/larchivio\\\/servizi\\\/ricerche-genealogiche\\\/#breadcrumb\"},\"inLanguage\":\"it-IT\",\"potentialAction\":[{\"@type\":\"ReadAction\",\"target\":[\"https:\\\/\\\/www.diocesi.pavia.it\\\/archiviostorico\\\/larchivio\\\/servizi\\\/ricerche-genealogiche\\\/\"]}]},{\"@type\":\"BreadcrumbList\",\"@id\":\"https:\\\/\\\/www.diocesi.pavia.it\\\/archiviostorico\\\/larchivio\\\/servizi\\\/ricerche-genealogiche\\\/#breadcrumb\",\"itemListElement\":[{\"@type\":\"ListItem\",\"position\":1,\"name\":\"Home\",\"item\":\"https:\\\/\\\/www.diocesi.pavia.it\\\/archiviostorico\\\/\"},{\"@type\":\"ListItem\",\"position\":2,\"name\":\"L&#8217;Archivio\",\"item\":\"https:\\\/\\\/www.diocesi.pavia.it\\\/archiviostorico\\\/larchivio\\\/\"},{\"@type\":\"ListItem\",\"position\":3,\"name\":\"Servizi\",\"item\":\"https:\\\/\\\/www.diocesi.pavia.it\\\/archiviostorico\\\/larchivio\\\/servizi\\\/\"},{\"@type\":\"ListItem\",\"position\":4,\"name\":\"Ricerche genealogiche\"}]},{\"@type\":\"WebSite\",\"@id\":\"https:\\\/\\\/www.diocesi.pavia.it\\\/archiviostorico\\\/#website\",\"url\":\"https:\\\/\\\/www.diocesi.pavia.it\\\/archiviostorico\\\/\",\"name\":\"Archivio storico diocesano\",\"description\":\"Diocesi di Pavia\",\"publisher\":{\"@id\":\"https:\\\/\\\/www.diocesi.pavia.it\\\/archiviostorico\\\/#organization\"},\"potentialAction\":[{\"@type\":\"SearchAction\",\"target\":{\"@type\":\"EntryPoint\",\"urlTemplate\":\"https:\\\/\\\/www.diocesi.pavia.it\\\/archiviostorico\\\/?s={search_term_string}\"},\"query-input\":{\"@type\":\"PropertyValueSpecification\",\"valueRequired\":true,\"valueName\":\"search_term_string\"}}],\"inLanguage\":\"it-IT\"},{\"@type\":\"Organization\",\"@id\":\"https:\\\/\\\/www.diocesi.pavia.it\\\/archiviostorico\\\/#organization\",\"name\":\"Archivio storico diocesano\",\"url\":\"https:\\\/\\\/www.diocesi.pavia.it\\\/archiviostorico\\\/\",\"logo\":{\"@type\":\"ImageObject\",\"inLanguage\":\"it-IT\",\"@id\":\"https:\\\/\\\/www.diocesi.pavia.it\\\/archiviostorico\\\/#\\\/schema\\\/logo\\\/image\\\/\",\"url\":\"https:\\\/\\\/www.diocesi.pavia.it\\\/archiviostorico\\\/wp-content\\\/uploads\\\/sites\\\/8\\\/2026\\\/04\\\/logoarchivio.png\",\"contentUrl\":\"https:\\\/\\\/www.diocesi.pavia.it\\\/archiviostorico\\\/wp-content\\\/uploads\\\/sites\\\/8\\\/2026\\\/04\\\/logoarchivio.png\",\"width\":210,\"height\":108,\"caption\":\"Archivio storico diocesano\"},\"image\":{\"@id\":\"https:\\\/\\\/www.diocesi.pavia.it\\\/archiviostorico\\\/#\\\/schema\\\/logo\\\/image\\\/\"}}]}<\/script>\n<!-- \/ Yoast SEO plugin. -->","yoast_head_json":{"title":"Ricerche genealogiche - Archivio storico diocesano","description":"Come condurre una ricerca genealogica in Archivio.","robots":{"index":"index","follow":"follow","max-snippet":"max-snippet:-1","max-image-preview":"max-image-preview:large","max-video-preview":"max-video-preview:-1"},"canonical":"https:\/\/www.diocesi.pavia.it\/archiviostorico\/larchivio\/servizi\/ricerche-genealogiche\/","og_locale":"it_IT","og_type":"article","og_title":"Ricerche genealogiche - Archivio storico diocesano","og_description":"Come condurre una ricerca genealogica in Archivio.","og_url":"https:\/\/www.diocesi.pavia.it\/archiviostorico\/larchivio\/servizi\/ricerche-genealogiche\/","og_site_name":"Archivio storico diocesano","article_modified_time":"2026-05-04T13:07:45+00:00","twitter_card":"summary_large_image","twitter_misc":{"Tempo di lettura stimato":"4 minuti"},"schema":{"@context":"https:\/\/schema.org","@graph":[{"@type":"WebPage","@id":"https:\/\/www.diocesi.pavia.it\/archiviostorico\/larchivio\/servizi\/ricerche-genealogiche\/","url":"https:\/\/www.diocesi.pavia.it\/archiviostorico\/larchivio\/servizi\/ricerche-genealogiche\/","name":"Ricerche genealogiche - Archivio storico diocesano","isPartOf":{"@id":"https:\/\/www.diocesi.pavia.it\/archiviostorico\/#website"},"datePublished":"2026-04-21T09:07:25+00:00","dateModified":"2026-05-04T13:07:45+00:00","description":"Come condurre una ricerca genealogica in Archivio.","breadcrumb":{"@id":"https:\/\/www.diocesi.pavia.it\/archiviostorico\/larchivio\/servizi\/ricerche-genealogiche\/#breadcrumb"},"inLanguage":"it-IT","potentialAction":[{"@type":"ReadAction","target":["https:\/\/www.diocesi.pavia.it\/archiviostorico\/larchivio\/servizi\/ricerche-genealogiche\/"]}]},{"@type":"BreadcrumbList","@id":"https:\/\/www.diocesi.pavia.it\/archiviostorico\/larchivio\/servizi\/ricerche-genealogiche\/#breadcrumb","itemListElement":[{"@type":"ListItem","position":1,"name":"Home","item":"https:\/\/www.diocesi.pavia.it\/archiviostorico\/"},{"@type":"ListItem","position":2,"name":"L&#8217;Archivio","item":"https:\/\/www.diocesi.pavia.it\/archiviostorico\/larchivio\/"},{"@type":"ListItem","position":3,"name":"Servizi","item":"https:\/\/www.diocesi.pavia.it\/archiviostorico\/larchivio\/servizi\/"},{"@type":"ListItem","position":4,"name":"Ricerche genealogiche"}]},{"@type":"WebSite","@id":"https:\/\/www.diocesi.pavia.it\/archiviostorico\/#website","url":"https:\/\/www.diocesi.pavia.it\/archiviostorico\/","name":"Archivio storico diocesano","description":"Diocesi di Pavia","publisher":{"@id":"https:\/\/www.diocesi.pavia.it\/archiviostorico\/#organization"},"potentialAction":[{"@type":"SearchAction","target":{"@type":"EntryPoint","urlTemplate":"https:\/\/www.diocesi.pavia.it\/archiviostorico\/?s={search_term_string}"},"query-input":{"@type":"PropertyValueSpecification","valueRequired":true,"valueName":"search_term_string"}}],"inLanguage":"it-IT"},{"@type":"Organization","@id":"https:\/\/www.diocesi.pavia.it\/archiviostorico\/#organization","name":"Archivio storico diocesano","url":"https:\/\/www.diocesi.pavia.it\/archiviostorico\/","logo":{"@type":"ImageObject","inLanguage":"it-IT","@id":"https:\/\/www.diocesi.pavia.it\/archiviostorico\/#\/schema\/logo\/image\/","url":"https:\/\/www.diocesi.pavia.it\/archiviostorico\/wp-content\/uploads\/sites\/8\/2026\/04\/logoarchivio.png","contentUrl":"https:\/\/www.diocesi.pavia.it\/archiviostorico\/wp-content\/uploads\/sites\/8\/2026\/04\/logoarchivio.png","width":210,"height":108,"caption":"Archivio storico diocesano"},"image":{"@id":"https:\/\/www.diocesi.pavia.it\/archiviostorico\/#\/schema\/logo\/image\/"}}]}},"_links":{"self":[{"href":"https:\/\/www.diocesi.pavia.it\/archiviostorico\/wp-json\/wp\/v2\/pages\/3524","targetHints":{"allow":["GET"]}}],"collection":[{"href":"https:\/\/www.diocesi.pavia.it\/archiviostorico\/wp-json\/wp\/v2\/pages"}],"about":[{"href":"https:\/\/www.diocesi.pavia.it\/archiviostorico\/wp-json\/wp\/v2\/types\/page"}],"author":[{"embeddable":true,"href":"https:\/\/www.diocesi.pavia.it\/archiviostorico\/wp-json\/wp\/v2\/users\/3"}],"replies":[{"embeddable":true,"href":"https:\/\/www.diocesi.pavia.it\/archiviostorico\/wp-json\/wp\/v2\/comments?post=3524"}],"version-history":[{"count":9,"href":"https:\/\/www.diocesi.pavia.it\/archiviostorico\/wp-json\/wp\/v2\/pages\/3524\/revisions"}],"predecessor-version":[{"id":3701,"href":"https:\/\/www.diocesi.pavia.it\/archiviostorico\/wp-json\/wp\/v2\/pages\/3524\/revisions\/3701"}],"up":[{"embeddable":true,"href":"https:\/\/www.diocesi.pavia.it\/archiviostorico\/wp-json\/wp\/v2\/pages\/3520"}],"wp:attachment":[{"href":"https:\/\/www.diocesi.pavia.it\/archiviostorico\/wp-json\/wp\/v2\/media?parent=3524"}],"curies":[{"name":"wp","href":"https:\/\/api.w.org\/{rel}","templated":true}]}}