{"id":2,"date":"2024-02-02T11:43:54","date_gmt":"2024-02-02T10:43:54","guid":{"rendered":"https:\/\/www.diocesi.pavia.it\/ufficiocatechistico\/?page_id=2"},"modified":"2026-05-04T14:38:14","modified_gmt":"2026-05-04T12:38:14","slug":"home","status":"publish","type":"page","link":"https:\/\/www.diocesi.pavia.it\/archiviostorico\/","title":{"rendered":"Home"},"content":{"rendered":"<div id=\"pl-2\"  class=\"panel-layout\" ><div id=\"pg-2-0\"  class=\"panel-grid panel-has-style\" ><div class=\"row grid-x panel-row-style panel-row-style-for-2-0\" ><div id=\"pgc-2-0-0\"  class=\"panel-grid-cell cell columns small-12 medium-12\" ><div id=\"panel-2-0-0-0\" class=\"so-panel widget widget_media_image panel-first-child panel-last-child\" data-index=\"0\" ><div style=\";background-repeat:repeat;\" class=\"panel-widget-style panel-widget-style-for-2-0-0-0\" ><div style=\"width: 1034px\" class=\"wp-caption alignnone\"><img loading=\"lazy\" decoding=\"async\" width=\"800\" height=\"534\" src=\"https:\/\/www.diocesi.pavia.it\/archiviostorico\/wp-content\/uploads\/sites\/8\/2026\/05\/DSCF0211-1024x683.jpg\" class=\"image wp-image-3636  attachment-large size-large\" alt=\"Sala consultazione\" style=\"max-width: 100%; height: auto;\" srcset=\"https:\/\/www.diocesi.pavia.it\/archiviostorico\/wp-content\/uploads\/sites\/8\/2026\/05\/DSCF0211-1024x683.jpg 1024w, https:\/\/www.diocesi.pavia.it\/archiviostorico\/wp-content\/uploads\/sites\/8\/2026\/05\/DSCF0211-300x200.jpg 300w, https:\/\/www.diocesi.pavia.it\/archiviostorico\/wp-content\/uploads\/sites\/8\/2026\/05\/DSCF0211-768x512.jpg 768w, https:\/\/www.diocesi.pavia.it\/archiviostorico\/wp-content\/uploads\/sites\/8\/2026\/05\/DSCF0211-1536x1024.jpg 1536w, https:\/\/www.diocesi.pavia.it\/archiviostorico\/wp-content\/uploads\/sites\/8\/2026\/05\/DSCF0211-2048x1365.jpg 2048w, https:\/\/www.diocesi.pavia.it\/archiviostorico\/wp-content\/uploads\/sites\/8\/2026\/05\/DSCF0211-600x400.jpg 600w, https:\/\/www.diocesi.pavia.it\/archiviostorico\/wp-content\/uploads\/sites\/8\/2026\/05\/DSCF0211-1200x800.jpg 1200w, https:\/\/www.diocesi.pavia.it\/archiviostorico\/wp-content\/uploads\/sites\/8\/2026\/05\/DSCF0211-800x533.jpg 800w, https:\/\/www.diocesi.pavia.it\/archiviostorico\/wp-content\/uploads\/sites\/8\/2026\/05\/DSCF0211-272x182.jpg 272w\" sizes=\"auto, (max-width: 800px) 100vw, 800px\" \/><p class=\"wp-caption-text\">Sala consultazione<\/p><\/div><\/div><\/div><\/div><\/div><\/div><div id=\"pg-2-1\"  class=\"panel-grid panel-has-style\" ><div class=\"row grid-x panel-row-style panel-row-style-for-2-1\" ><div id=\"pgc-2-1-0\"  class=\"panel-grid-cell cell columns small-12 medium-12\" ><div id=\"panel-2-1-0-0\" class=\"so-panel widget widget_sow-editor panel-first-child panel-last-child\" data-index=\"1\" ><div style=\";background-repeat:repeat;\" class=\"panel-widget-style panel-widget-style-for-2-1-0-0\" ><div\n\t\t\t\n\t\t\tclass=\"so-widget-sow-editor so-widget-sow-editor-base\"\n\t\t\t\n\t\t>\n<div class=\"siteorigin-widget-tinymce textwidget\">\n\t<p>&nbsp;<\/p>\n<p><strong>L\u2019Archivio Storico Diocesano di Pavia <\/strong>\u00e8 aperto al pubblico nei seguenti giorni ed orari:<\/p>\n<p>Marted\u00ec dalle 10,00 alle 12,00 e dalle 14,30 alle 16,30<\/p>\n<p>Mercoled\u00ec dalle 10,00 alle 12,00<\/p>\n<p>Venerd\u00ec e sabato dalle 9,00 alle 12,00<\/p>\n<p>&nbsp;<\/p>\n<p>Una organizzazione dell'Archivio \u00e8 documentabile per i secoli XVII-XIX, attraverso inventari di fondi documentari redatti in quei secoli. Note dorsali sulle quasi mille pergamene inducono a ritenere che esistesse gi\u00e0 una organizzazione dell'Archivio nei secoli XIII-XIV.<br \/>\nL'Archivio Storico della Diocesi di Pavia attualmente conserva la rilevante mole di documentazione prodotta dalle autorit\u00e0 diocesane e dagli uffici di Curia dal secolo XV in poi, cui si aggiunge una importante parte della documentazione di et\u00e0 precedente, con quasi un migliaio di pergamene dei sec. X-XIV, registri di notai vescovili e altro. Accanto a questa documentazione vengono conservati altri fondi, quali l'Archivio del Capitolo della Cattedrale, quello della Mensa Vescovile, vari archivi di confraternite, di societ\u00e0 operaie, di organizzazioni del laicato cattolico e gli archivi di alcune parrocchie del territorio.<br \/>\nAll'Archivio \u00e8 annessa la \"Biblioteca Vescovile\" istituita alla met\u00e0 del '700 dal card. Durini e arricchita dai vescovi Bertieri, D'Allegre, Tosi (ricca di circa 6.000 volumi) dei secoli XVI-XVIII e della prima met\u00e0 del XIX.<\/p>\n<ul class=\"datalist with-clamps\" data-nritems=\"3\">\n<li>Metri lineari:\u00a02170<\/li>\n<li>Unit\u00e0 archivistiche (fascicoli\/registri\/volumi):\u00a0circa\u00a0300000<\/li>\n<li>Unit\u00e0 di conservazione (buste\/faldoni\/ecc.):\u00a0circa\u00a014500<\/li>\n<\/ul>\n<\/div>\n<\/div><\/div><\/div><\/div><\/div><\/div><\/div>","protected":false},"excerpt":{"rendered":"<p>&nbsp; L\u2019Archivio Storico Diocesano di Pavia \u00e8 aperto al pubblico nei seguenti giorni ed orari: Marted\u00ec dalle 10,00 alle 12,00 e dalle 14,30 alle 16,30 Mercoled\u00ec dalle 10,00 alle 12,00 Venerd\u00ec e sabato dalle 9,00 alle 12,00 &nbsp; Una organizzazione dell&#8217;Archivio \u00e8 documentabile per i secoli XVII-XIX, attraverso inventari di fondi documentari redatti in quei secoli. Note dorsali sulle quasi mille pergamene inducono a ritenere &hellip; <a href=\"https:\/\/www.diocesi.pavia.it\/archiviostorico\/\" class=\"more-link\">Continue reading <span class=\"screen-reader-text\">Home<\/span> <span class=\"meta-nav\">&raquo;<\/span><\/a><\/p>\n","protected":false},"author":2,"featured_media":0,"parent":0,"menu_order":0,"comment_status":"closed","ping_status":"closed","template":"page-templates\/front-page.php","meta":{"_acf_changed":false,"ip_address":"","user_agent":"","level":"","revision":"","cookie_id":"","page_referer":"","html_form":"","footnotes":""},"class_list":["post-2","page","type-page","status-publish","hentry"],"acf":[],"yoast_head":"<!-- This site is optimized with the Yoast SEO plugin v27.4 - https:\/\/yoast.com\/product\/yoast-seo-wordpress\/ -->\n<title>Home - Archivio storico diocesano<\/title>\n<meta name=\"robots\" content=\"index, follow, max-snippet:-1, max-image-preview:large, max-video-preview:-1\" \/>\n<link rel=\"canonical\" href=\"https:\/\/www.diocesi.pavia.it\/archiviostorico\/\" \/>\n<meta property=\"og:locale\" content=\"it_IT\" \/>\n<meta property=\"og:type\" content=\"article\" \/>\n<meta property=\"og:title\" content=\"Home - Archivio storico diocesano\" \/>\n<meta property=\"og:description\" content=\"&nbsp; L\u2019Archivio Storico Diocesano di Pavia \u00e8 aperto al pubblico nei seguenti giorni ed orari: Marted\u00ec dalle 10,00 alle 12,00 e dalle 14,30 alle 16,30 Mercoled\u00ec dalle 10,00 alle 12,00 Venerd\u00ec e sabato dalle 9,00 alle 12,00 &nbsp; Una organizzazione dell&#039;Archivio \u00e8 documentabile per i secoli XVII-XIX, attraverso inventari di fondi documentari redatti in quei secoli. Note dorsali sulle quasi mille pergamene inducono a ritenere &hellip; Continue reading Home &raquo;\" \/>\n<meta property=\"og:url\" content=\"https:\/\/www.diocesi.pavia.it\/archiviostorico\/\" \/>\n<meta property=\"og:site_name\" content=\"Archivio storico diocesano\" \/>\n<meta property=\"article:modified_time\" content=\"2026-05-04T12:38:14+00:00\" \/>\n<meta name=\"twitter:card\" content=\"summary_large_image\" \/>\n<meta name=\"twitter:label1\" content=\"Tempo di lettura stimato\" \/>\n\t<meta name=\"twitter:data1\" content=\"2 minuti\" \/>\n<script type=\"application\/ld+json\" class=\"yoast-schema-graph\">{\"@context\":\"https:\\\/\\\/schema.org\",\"@graph\":[{\"@type\":\"WebPage\",\"@id\":\"https:\\\/\\\/www.diocesi.pavia.it\\\/archiviostorico\\\/\",\"url\":\"https:\\\/\\\/www.diocesi.pavia.it\\\/archiviostorico\\\/\",\"name\":\"Home - Archivio storico diocesano\",\"isPartOf\":{\"@id\":\"https:\\\/\\\/www.diocesi.pavia.it\\\/archiviostorico\\\/#website\"},\"datePublished\":\"2024-02-02T10:43:54+00:00\",\"dateModified\":\"2026-05-04T12:38:14+00:00\",\"breadcrumb\":{\"@id\":\"https:\\\/\\\/www.diocesi.pavia.it\\\/archiviostorico\\\/#breadcrumb\"},\"inLanguage\":\"it-IT\",\"potentialAction\":[{\"@type\":\"ReadAction\",\"target\":[\"https:\\\/\\\/www.diocesi.pavia.it\\\/archiviostorico\\\/\"]}]},{\"@type\":\"BreadcrumbList\",\"@id\":\"https:\\\/\\\/www.diocesi.pavia.it\\\/archiviostorico\\\/#breadcrumb\",\"itemListElement\":[{\"@type\":\"ListItem\",\"position\":1,\"name\":\"Home\",\"item\":\"https:\\\/\\\/www.diocesi.pavia.it\\\/archiviostorico\\\/\"},{\"@type\":\"ListItem\",\"position\":2,\"name\":\"Home\"}]},{\"@type\":\"WebSite\",\"@id\":\"https:\\\/\\\/www.diocesi.pavia.it\\\/archiviostorico\\\/#website\",\"url\":\"https:\\\/\\\/www.diocesi.pavia.it\\\/archiviostorico\\\/\",\"name\":\"Archivio storico diocesano\",\"description\":\"Diocesi di Pavia\",\"publisher\":{\"@id\":\"https:\\\/\\\/www.diocesi.pavia.it\\\/archiviostorico\\\/#organization\"},\"potentialAction\":[{\"@type\":\"SearchAction\",\"target\":{\"@type\":\"EntryPoint\",\"urlTemplate\":\"https:\\\/\\\/www.diocesi.pavia.it\\\/archiviostorico\\\/?s={search_term_string}\"},\"query-input\":{\"@type\":\"PropertyValueSpecification\",\"valueRequired\":true,\"valueName\":\"search_term_string\"}}],\"inLanguage\":\"it-IT\"},{\"@type\":\"Organization\",\"@id\":\"https:\\\/\\\/www.diocesi.pavia.it\\\/archiviostorico\\\/#organization\",\"name\":\"Archivio storico diocesano\",\"url\":\"https:\\\/\\\/www.diocesi.pavia.it\\\/archiviostorico\\\/\",\"logo\":{\"@type\":\"ImageObject\",\"inLanguage\":\"it-IT\",\"@id\":\"https:\\\/\\\/www.diocesi.pavia.it\\\/archiviostorico\\\/#\\\/schema\\\/logo\\\/image\\\/\",\"url\":\"https:\\\/\\\/www.diocesi.pavia.it\\\/archiviostorico\\\/wp-content\\\/uploads\\\/sites\\\/8\\\/2026\\\/04\\\/logoarchivio.png\",\"contentUrl\":\"https:\\\/\\\/www.diocesi.pavia.it\\\/archiviostorico\\\/wp-content\\\/uploads\\\/sites\\\/8\\\/2026\\\/04\\\/logoarchivio.png\",\"width\":210,\"height\":108,\"caption\":\"Archivio storico diocesano\"},\"image\":{\"@id\":\"https:\\\/\\\/www.diocesi.pavia.it\\\/archiviostorico\\\/#\\\/schema\\\/logo\\\/image\\\/\"}}]}<\/script>\n<!-- \/ Yoast SEO plugin. -->","yoast_head_json":{"title":"Home - Archivio storico diocesano","robots":{"index":"index","follow":"follow","max-snippet":"max-snippet:-1","max-image-preview":"max-image-preview:large","max-video-preview":"max-video-preview:-1"},"canonical":"https:\/\/www.diocesi.pavia.it\/archiviostorico\/","og_locale":"it_IT","og_type":"article","og_title":"Home - Archivio storico diocesano","og_description":"&nbsp; L\u2019Archivio Storico Diocesano di Pavia \u00e8 aperto al pubblico nei seguenti giorni ed orari: Marted\u00ec dalle 10,00 alle 12,00 e dalle 14,30 alle 16,30 Mercoled\u00ec dalle 10,00 alle 12,00 Venerd\u00ec e sabato dalle 9,00 alle 12,00 &nbsp; Una organizzazione dell'Archivio \u00e8 documentabile per i secoli XVII-XIX, attraverso inventari di fondi documentari redatti in quei secoli. Note dorsali sulle quasi mille pergamene inducono a ritenere &hellip; Continue reading Home &raquo;","og_url":"https:\/\/www.diocesi.pavia.it\/archiviostorico\/","og_site_name":"Archivio storico diocesano","article_modified_time":"2026-05-04T12:38:14+00:00","twitter_card":"summary_large_image","twitter_misc":{"Tempo di lettura stimato":"2 minuti"},"schema":{"@context":"https:\/\/schema.org","@graph":[{"@type":"WebPage","@id":"https:\/\/www.diocesi.pavia.it\/archiviostorico\/","url":"https:\/\/www.diocesi.pavia.it\/archiviostorico\/","name":"Home - Archivio storico diocesano","isPartOf":{"@id":"https:\/\/www.diocesi.pavia.it\/archiviostorico\/#website"},"datePublished":"2024-02-02T10:43:54+00:00","dateModified":"2026-05-04T12:38:14+00:00","breadcrumb":{"@id":"https:\/\/www.diocesi.pavia.it\/archiviostorico\/#breadcrumb"},"inLanguage":"it-IT","potentialAction":[{"@type":"ReadAction","target":["https:\/\/www.diocesi.pavia.it\/archiviostorico\/"]}]},{"@type":"BreadcrumbList","@id":"https:\/\/www.diocesi.pavia.it\/archiviostorico\/#breadcrumb","itemListElement":[{"@type":"ListItem","position":1,"name":"Home","item":"https:\/\/www.diocesi.pavia.it\/archiviostorico\/"},{"@type":"ListItem","position":2,"name":"Home"}]},{"@type":"WebSite","@id":"https:\/\/www.diocesi.pavia.it\/archiviostorico\/#website","url":"https:\/\/www.diocesi.pavia.it\/archiviostorico\/","name":"Archivio storico diocesano","description":"Diocesi di Pavia","publisher":{"@id":"https:\/\/www.diocesi.pavia.it\/archiviostorico\/#organization"},"potentialAction":[{"@type":"SearchAction","target":{"@type":"EntryPoint","urlTemplate":"https:\/\/www.diocesi.pavia.it\/archiviostorico\/?s={search_term_string}"},"query-input":{"@type":"PropertyValueSpecification","valueRequired":true,"valueName":"search_term_string"}}],"inLanguage":"it-IT"},{"@type":"Organization","@id":"https:\/\/www.diocesi.pavia.it\/archiviostorico\/#organization","name":"Archivio storico diocesano","url":"https:\/\/www.diocesi.pavia.it\/archiviostorico\/","logo":{"@type":"ImageObject","inLanguage":"it-IT","@id":"https:\/\/www.diocesi.pavia.it\/archiviostorico\/#\/schema\/logo\/image\/","url":"https:\/\/www.diocesi.pavia.it\/archiviostorico\/wp-content\/uploads\/sites\/8\/2026\/04\/logoarchivio.png","contentUrl":"https:\/\/www.diocesi.pavia.it\/archiviostorico\/wp-content\/uploads\/sites\/8\/2026\/04\/logoarchivio.png","width":210,"height":108,"caption":"Archivio storico diocesano"},"image":{"@id":"https:\/\/www.diocesi.pavia.it\/archiviostorico\/#\/schema\/logo\/image\/"}}]}},"_links":{"self":[{"href":"https:\/\/www.diocesi.pavia.it\/archiviostorico\/wp-json\/wp\/v2\/pages\/2","targetHints":{"allow":["GET"]}}],"collection":[{"href":"https:\/\/www.diocesi.pavia.it\/archiviostorico\/wp-json\/wp\/v2\/pages"}],"about":[{"href":"https:\/\/www.diocesi.pavia.it\/archiviostorico\/wp-json\/wp\/v2\/types\/page"}],"author":[{"embeddable":true,"href":"https:\/\/www.diocesi.pavia.it\/archiviostorico\/wp-json\/wp\/v2\/users\/2"}],"replies":[{"embeddable":true,"href":"https:\/\/www.diocesi.pavia.it\/archiviostorico\/wp-json\/wp\/v2\/comments?post=2"}],"version-history":[{"count":50,"href":"https:\/\/www.diocesi.pavia.it\/archiviostorico\/wp-json\/wp\/v2\/pages\/2\/revisions"}],"predecessor-version":[{"id":3694,"href":"https:\/\/www.diocesi.pavia.it\/archiviostorico\/wp-json\/wp\/v2\/pages\/2\/revisions\/3694"}],"wp:attachment":[{"href":"https:\/\/www.diocesi.pavia.it\/archiviostorico\/wp-json\/wp\/v2\/media?parent=2"}],"curies":[{"name":"wp","href":"https:\/\/api.w.org\/{rel}","templated":true}]}}